{"id":116,"date":"2011-09-19T02:48:27","date_gmt":"2011-09-19T04:48:27","guid":{"rendered":"http:\/\/www.educacionrural.org\/?page_id=116"},"modified":"2017-10-09T19:02:01","modified_gmt":"2017-10-09T21:02:01","slug":"m-maestro-desde-hace-14-anos","status":"publish","type":"page","link":"https:\/\/www.educacionrural.org\/?page_id=116","title":{"rendered":"M, maestra desde hace 14 a\u00f1os"},"content":{"rendered":"<p>Nombre: M.<\/p>\n<p>\u00bfCu\u00e1ntos a\u00f1os hace que eres maestro?<\/p>\n<p>14 a\u00f1os.<\/p>\n<p>\u00bfElegiste ser maestro\/a por vocaci\u00f3n?<\/p>\n<p>Eleg\u00ed ser maestra porque fue la opci\u00f3n que me dieron mis padres, ser maestra o irme a trabajar al campo, en realidad quer\u00eda estudiar Contadora.<\/p>\n<p>\u00bfEst\u00e1s trabajando en escuela rural por propia elecci\u00f3n u obligada por las circunstancias?<\/p>\n<p>Estoy trabajando en la Escuela Rural por una opci\u00f3n de vida, luego que estudi\u00e9 me di cuenta que era mi opci\u00f3n de vida.<\/p>\n<p>\u00bfConsideras que tu formaci\u00f3n como docente fue la m\u00e1s apropiada para trabajar en la Escuela Rural? \u00bfPor qu\u00e9?<\/p>\n<p>Considero que no, porque tuve un solo mes pr\u00e1ctica en la Escuela Rural. En realidad mis conocimientos agrarios y el entender como es la vida rural me lo dio mi crianza en el medio rural. Hija de peque\u00f1os productores rurales, me eduqu\u00e9 en la ciudad pero viajaba d\u00eda a d\u00eda a la escuela urbana. La formaci\u00f3n docente del maestro fue en aquellos a\u00f1os que estudiaba encarada s\u00f3lo para el \u00e1rea urbana y creo que a\u00fan sigue siendo as\u00ed. Existe mucho d\u00e9ficit en ense\u00f1ar la planificaci\u00f3n multigrado, es m\u00e1s yo tuve que aprender siendo ya maestra a planificar multigrado en la docencia directa.<\/p>\n<p>\u00bfCu\u00e1l es la formaci\u00f3n espec\u00edfica que tendr\u00eda que tener un maestro\/a rural?<\/p>\n<p>Tendr\u00eda que estar formado emocionalmente y pedag\u00f3gicamente para trabajar en el medio rural. Tendr\u00eda que ser formado con una pr\u00e1ctica rural m\u00e1s extensiva (las escuelas rurales son aquellas que est\u00e1n en el medio rural y no las que est\u00e1n cerca del pueblo) e intensiva (un a\u00f1o por lo menos en pr\u00e1ctica rural). Tambi\u00e9n tendr\u00eda que estar formado en c\u00f3mo tratar a las personas y en entender que es tan v\u00e1lido ense\u00f1ar en el campo como en la ciudad.<\/p>\n<p>\u00bfQu\u00e9 significa para ti ser Maestro\/a Rural?<\/p>\n<p>Es mi vida. Es mi proyecto de vida. Gracias a la Escuela Rural he podido crecer como persona, como miembro de una familia, como docente y como profesional. Sue\u00f1o que la escuela urbana se ruralice y que de una vez por todas se reconozca que ser maestro rural es educar en valores, en conocimientos y en actitudes de vida.<\/p>\n<p>\u00bfLa experiencia hace que cambie en los maestros el concepto que ten\u00edan de su trabajo en el medio rural?<\/p>\n<p>Si, por supuesto. La experiencia ense\u00f1a que vivimos en un continuo cambio. Tambi\u00e9n que somos un puntito apenas posible en el medio rural, ya que la educaci\u00f3n rural est\u00e1 en extinci\u00f3n. El campo ha cambiado mucho, tanto que lo desconocemos. La producci\u00f3n, los propietarios, la pol\u00edtica rural. El maestro es quien es permanente en algunos casos y es el referente, en otros es apenas una figura que cumple un horario.<\/p>\n<p>\u00bfQu\u00e9 aspectos deber\u00edan mejorarse en la tarea de un Maestro Rural?<\/p>\n<p>Deber\u00eda apoyarse en aquellos aspectos que es dif\u00edcil conseguir. Muchas veces las cosas son posibles porque el maestro es quien se mueve, es quien pinta, es quien arregla, es quien planta, es quien traslada, es quien es RESPONSABLE. En esto hay que mejorar, en que esa responsabilidad no genere miedos y esos miedos generen inestabilidad en el cargo. Si un maestro trabaja con dedicaci\u00f3n, satisfacci\u00f3n y apoyo esa responsabilidad es COMPARTIDA. Creo que en esto es que hay que mejorar.<\/p>\n<p>\u00bfQu\u00e9 es lo m\u00e1s disfrutable para ti en el proceso de ense\u00f1anza-aprendizaje?<\/p>\n<p>Trabajar con los alumnos fuera del aula. Soy maestra de puertas abiertas y sal\u00f3n extendido. El crear es lo que m\u00e1s me emociona.<\/p>\n<p>\u00bfCu\u00e1l es el aporte que hace tu Escuela a los habitantes de la zona aparte de lo pedag\u00f3gico?<\/p>\n<p>El aporte en revalorizar hist\u00f3rica, tur\u00edstica y culturalmente todo el pago.<\/p>\n<p>\u00bfC\u00f3mo te las ingenias para recibir apoyos en tu tarea m\u00e1s all\u00e1 de lo institucionalmente establecido?<\/p>\n<p>Pidiendo, pidiendo, pidiendo.<\/p>\n<p>\u00bfCu\u00e1les son los aspectos de tu trabajo que te parecen m\u00e1s importantes que la gente conozca?<\/p>\n<p>Me parece que deber\u00edan conocer mis utop\u00edas e ilusiones y que cuando se quiere y se pone el coraz\u00f3n se puede.<\/p>\n<p>\u00bfCu\u00e1les son las vivencias con tus alumnos, su familia y el medio que te gustar\u00eda dar a conocer?<\/p>\n<p>Todas, tengo muchas experiencias y vivencias que son tan disfrutables como aquellas que nos hacen crecer como personas.<\/p>\n<p>\u00bfC\u00f3mo ha repercutido en el medio rural la incorporaci\u00f3n de nuevas tecnolog\u00edas de la inform\u00e1tica y la comunicaci\u00f3n?<\/p>\n<p>A\u00fan no tenemos Internet, estamos en el proceso. No quiero que mis pagos se conviertan como la Canci\u00f3n \u00abSanta Marta\u00bb.<\/p>\n","protected":false},"excerpt":{"rendered":"<p>Nombre: M. \u00bfCu\u00e1ntos a\u00f1os hace que eres maestro? 14 a\u00f1os. \u00bfElegiste ser maestro\/a por vocaci\u00f3n? Eleg\u00ed ser maestra porque fue la opci\u00f3n que me dieron mis padres, ser maestra o irme a trabajar al campo, en realidad quer\u00eda estudiar Contadora. \u00bfEst\u00e1s trabajando en escuela rural por propia elecci\u00f3n u obligada por las circunstancias? Estoy trabajando &#8230; <a title=\"M, maestra desde hace 14 a\u00f1os\" class=\"read-more\" href=\"https:\/\/www.educacionrural.org\/?page_id=116\" aria-label=\"Leer m\u00e1s sobre M, maestra desde hace 14 a\u00f1os\">Leer m\u00e1s<\/a><\/p>\n","protected":false},"author":5,"featured_media":0,"parent":21,"menu_order":82,"comment_status":"closed","ping_status":"closed","template":"","meta":{"footnotes":""},"class_list":["post-116","page","type-page","status-publish"],"_links":{"self":[{"href":"https:\/\/www.educacionrural.org\/index.php?rest_route=\/wp\/v2\/pages\/116","targetHints":{"allow":["GET"]}}],"collection":[{"href":"https:\/\/www.educacionrural.org\/index.php?rest_route=\/wp\/v2\/pages"}],"about":[{"href":"https:\/\/www.educacionrural.org\/index.php?rest_route=\/wp\/v2\/types\/page"}],"author":[{"embeddable":true,"href":"https:\/\/www.educacionrural.org\/index.php?rest_route=\/wp\/v2\/users\/5"}],"replies":[{"embeddable":true,"href":"https:\/\/www.educacionrural.org\/index.php?rest_route=%2Fwp%2Fv2%2Fcomments&post=116"}],"version-history":[{"count":4,"href":"https:\/\/www.educacionrural.org\/index.php?rest_route=\/wp\/v2\/pages\/116\/revisions"}],"predecessor-version":[{"id":1060,"href":"https:\/\/www.educacionrural.org\/index.php?rest_route=\/wp\/v2\/pages\/116\/revisions\/1060"}],"up":[{"embeddable":true,"href":"https:\/\/www.educacionrural.org\/index.php?rest_route=\/wp\/v2\/pages\/21"}],"wp:attachment":[{"href":"https:\/\/www.educacionrural.org\/index.php?rest_route=%2Fwp%2Fv2%2Fmedia&parent=116"}],"curies":[{"name":"wp","href":"https:\/\/api.w.org\/{rel}","templated":true}]}}