{"id":1293,"date":"2012-05-30T15:12:07","date_gmt":"2012-05-30T17:12:07","guid":{"rendered":"http:\/\/www.educacionrural.org\/?page_id=1293"},"modified":"2017-10-09T18:36:14","modified_gmt":"2017-10-09T20:36:14","slug":"club-agrario-juvenil-en-marcha","status":"publish","type":"page","link":"https:\/\/www.educacionrural.org\/?page_id=1293","title":{"rendered":"Flores &#8211; Club Agrario Juvenil \u201cEn Marcha\u201d"},"content":{"rendered":"<p><a href=\"http:\/\/www.educacionrural.org\/wp-content\/uploads\/IMG_3367.jpg\"><img loading=\"lazy\" decoding=\"async\" class=\"alignleft size-large wp-image-1294\" style=\"vertical-align: top;\" src=\"http:\/\/www.educacionrural.org\/wp-content\/uploads\/IMG_3367-1024x768.jpg\" alt=\"IMG_3367\" width=\"581\" height=\"435\" srcset=\"https:\/\/www.educacionrural.org\/wp-content\/uploads\/IMG_3367-1024x768.jpg 1024w, https:\/\/www.educacionrural.org\/wp-content\/uploads\/IMG_3367-300x225.jpg 300w\" sizes=\"auto, (max-width: 581px) 100vw, 581px\" \/><\/a><\/p>\n<p>&nbsp;<\/p>\n<p>&nbsp;<\/p>\n<p>&nbsp;<\/p>\n<p>&nbsp;<\/p>\n<p>&nbsp;<\/p>\n<p>&nbsp;<\/p>\n<p>&nbsp;<\/p>\n<p>&nbsp;<\/p>\n<p>&nbsp;<\/p>\n<p>&nbsp;<\/p>\n<p>&nbsp;<\/p>\n<p>&nbsp;<\/p>\n<p>&nbsp;<\/p>\n<p>&nbsp;<\/p>\n<p><!-- [if gte mso 9]><xml>\n<w:WordDocument>\n<w:View>Normal<\/w:View>\n<w:Zoom>0<\/w:Zoom>\n<w:HyphenationZone>21<\/w:HyphenationZone>\n<w:PunctuationKerning\/>\n<w:ValidateAgainstSchemas\/>\n<w:SaveIfXMLInvalid>false<\/w:SaveIfXMLInvalid>\n<w:IgnoreMixedContent>false<\/w:IgnoreMixedContent>\n<w:AlwaysShowPlaceholderText>false<\/w:AlwaysShowPlaceholderText>\n<w:Compatibility>\n<w:BreakWrappedTables\/>\n<w:SnapToGridInCell\/>\n<w:WrapTextWithPunct\/>\n<w:UseAsianBreakRules\/>\n<w:DontGrowAutofit\/>\n<\/w:Compatibility>\n<w:BrowserLevel>MicrosoftInternetExplorer4<\/w:BrowserLevel>\n<\/w:WordDocument>\n<\/xml><![endif]--><\/p>\n<p><!-- [if gte mso 9]><xml>\n<w:LatentStyles DefLockedState=\"false\" LatentStyleCount=\"156\">\n<\/w:LatentStyles>\n<\/xml><![endif]--><!-- [if gte mso 10]>\n\n\n\n<style>\n \/* Style Definitions *\/<br \/>\n table.MsoNormalTable<br \/>\n\t{mso-style-name:\"Tabla normal\";<br \/>\n\tmso-tstyle-rowband-size:0;<br \/>\n\tmso-tstyle-colband-size:0;<br \/>\n\tmso-style-noshow:yes;<br \/>\n\tmso-style-parent:\"\";<br \/>\n\tmso-padding-alt:0cm 5.4pt 0cm 5.4pt;<br \/>\n\tmso-para-margin:0cm;<br \/>\n\tmso-para-margin-bottom:.0001pt;<br \/>\n\tmso-pagination:widow-orphan;<br \/>\n\tfont-size:10.0pt;<br \/>\n\tfont-family:\"Times New Roman\";<br \/>\n\tmso-ansi-language:#0400;<br \/>\n\tmso-fareast-language:#0400;<br \/>\n\tmso-bidi-language:#0400;}<br \/>\n<\/style>\n\n<![endif]--><\/p>\n<p class=\"imgcaption\"><em>Maestra C.A.P.D.E.R. Sra. Soledad Pereyra y Alberto Martiniena<\/em><\/p>\n<h2><\/h2>\n<p><span style=\"font-size: small;\">En la Escuela Rural N\u00ba 13\u00a0\u00a0 \u201cClemente Estable\u201d, departamento de Flores, funciona el Grupo \u201cEn Marcha\u201d perteneciente al <a href=\"http:\/\/www.escuelasrurales.net\/index.php?option=com_content&amp;view=category&amp;id=13:construyendo&amp;layout=blog&amp;Itemid=6\" target=\"_blank\" rel=\"noopener\">Movimiento de la Juventud Agraria.<\/a><\/span><\/p>\n<p><span style=\"font-size: small;\">Conversamos con dos de sus miembros: la joven Laura Quintana y el joven Alberto\u00a0 Martiniena.<\/span><\/p>\n<p><span style=\"font-size: small;\">Nos informan que, siendo escolares, integraron un Club Agrario Infantil y bajo la supervisi\u00f3n de la extensionista Sra. Marisa Ramos, trabajaron en un proyecto de cr\u00eda de pollos parrilleros.<\/span><\/p>\n<p><span style=\"font-size: small;\">La experiencia fue exitosa y se cumplieron a cabalidad las metas propuestas. M\u00e1s a\u00fan, con parte de lo recaudado se pint\u00f3 \u00edntegramente el local escolar y se pudo hacer un viaje al balneario Las Ca\u00f1as.<\/span><\/p>\n<p><span style=\"font-size: small;\">Con el correr de los a\u00f1os los escolares siguieron diferentes rumbos, algunos prosiguiendo estudios en la capital del departamento, otros en la Escuela Agraria y otros dirigiendo empresas familiares.<\/span><\/p>\n<p><span style=\"font-size: small;\">En estos momentos algunos\u00a0 de aquellos escolares, hoy j\u00f3venes, integran el Grupo \u00a0Agrario\u00a0 Juvenil \u00a0\u201cEn Marcha\u201d.<\/span><\/p>\n<p><span style=\"font-size: small;\">Desde hace algunos a\u00f1os se incorporaron al <a href=\"http:\/\/www.escuelasrurales.net\/index.php?option=com_content&amp;view=category&amp;id=13:construyendo&amp;layout=blog&amp;Itemid=6\" target=\"_blank\" rel=\"noopener\">Programa Ovino <\/a>de Hoteler\u00eda de Carneros\u00a0 del Movimiento de la Juventud Agraria y en el presente se abocan a un nuevo proyecto con una nueva raza ovina.<\/span><\/p>\n<p><span style=\"font-size: small;\">De este proyecto informaremos exhaustivamente en otro art\u00edculo.<\/span><\/p>\n<p><span style=\"font-size: medium;\">\u00a0<\/span><\/p>\n<p><span style=\"font-size: medium;\">\u00a0<\/span><\/p>\n","protected":false},"excerpt":{"rendered":"<p>&nbsp; &nbsp; &nbsp; &nbsp; &nbsp; &nbsp; &nbsp; &nbsp; &nbsp; &nbsp; &nbsp; &nbsp; &nbsp; &nbsp; Maestra C.A.P.D.E.R. Sra. Soledad Pereyra y Alberto Martiniena En la Escuela Rural N\u00ba 13\u00a0\u00a0 \u201cClemente Estable\u201d, departamento de Flores, funciona el Grupo \u201cEn Marcha\u201d perteneciente al Movimiento de la Juventud Agraria. Conversamos con dos de sus miembros: la joven Laura Quintana &#8230; <a title=\"Flores &#8211; Club Agrario Juvenil \u201cEn Marcha\u201d\" class=\"read-more\" href=\"https:\/\/www.educacionrural.org\/?page_id=1293\" aria-label=\"Leer m\u00e1s sobre Flores &#8211; Club Agrario Juvenil \u201cEn Marcha\u201d\">Leer m\u00e1s<\/a><\/p>\n","protected":false},"author":2,"featured_media":0,"parent":21,"menu_order":32,"comment_status":"closed","ping_status":"closed","template":"","meta":{"footnotes":""},"class_list":["post-1293","page","type-page","status-publish"],"_links":{"self":[{"href":"https:\/\/www.educacionrural.org\/index.php?rest_route=\/wp\/v2\/pages\/1293","targetHints":{"allow":["GET"]}}],"collection":[{"href":"https:\/\/www.educacionrural.org\/index.php?rest_route=\/wp\/v2\/pages"}],"about":[{"href":"https:\/\/www.educacionrural.org\/index.php?rest_route=\/wp\/v2\/types\/page"}],"author":[{"embeddable":true,"href":"https:\/\/www.educacionrural.org\/index.php?rest_route=\/wp\/v2\/users\/2"}],"replies":[{"embeddable":true,"href":"https:\/\/www.educacionrural.org\/index.php?rest_route=%2Fwp%2Fv2%2Fcomments&post=1293"}],"version-history":[{"count":9,"href":"https:\/\/www.educacionrural.org\/index.php?rest_route=\/wp\/v2\/pages\/1293\/revisions"}],"predecessor-version":[{"id":3845,"href":"https:\/\/www.educacionrural.org\/index.php?rest_route=\/wp\/v2\/pages\/1293\/revisions\/3845"}],"up":[{"embeddable":true,"href":"https:\/\/www.educacionrural.org\/index.php?rest_route=\/wp\/v2\/pages\/21"}],"wp:attachment":[{"href":"https:\/\/www.educacionrural.org\/index.php?rest_route=%2Fwp%2Fv2%2Fmedia&parent=1293"}],"curies":[{"name":"wp","href":"https:\/\/api.w.org\/{rel}","templated":true}]}}