{"id":1330,"date":"2012-05-16T11:54:08","date_gmt":"2012-05-16T13:54:08","guid":{"rendered":"http:\/\/www.educacionrural.org\/?page_id=1330"},"modified":"2017-10-09T18:36:20","modified_gmt":"2017-10-09T20:36:20","slug":"local-de-la-escuela-rural-n13-clemente-estable","status":"publish","type":"page","link":"https:\/\/www.educacionrural.org\/?page_id=1330","title":{"rendered":"Flores &#8211; Local de la Escuela Rural N\u00b013 \u00abClemente Estable\u00bb"},"content":{"rendered":"<p><a href=\"http:\/\/www.educacionrural.org\/wp-content\/uploads\/IMG_3353.jpg\"><img loading=\"lazy\" decoding=\"async\" class=\"alignleft size-large wp-image-1328\" style=\"vertical-align: middle;\" src=\"http:\/\/www.educacionrural.org\/wp-content\/uploads\/IMG_3353-1024x768.jpg\" alt=\"IMG_3353\" width=\"545\" height=\"408\" srcset=\"https:\/\/www.educacionrural.org\/wp-content\/uploads\/IMG_3353-1024x768.jpg 1024w, https:\/\/www.educacionrural.org\/wp-content\/uploads\/IMG_3353-300x225.jpg 300w\" sizes=\"auto, (max-width: 545px) 100vw, 545px\" \/><\/a><\/p>\n<p>&nbsp;<\/p>\n<p>&nbsp;<\/p>\n<p>&nbsp;<\/p>\n<p>&nbsp;<\/p>\n<p>&nbsp;<\/p>\n<p>&nbsp;<\/p>\n<p>&nbsp;<\/p>\n<p>&nbsp;<\/p>\n<p>&nbsp;<\/p>\n<p>&nbsp;<\/p>\n<p>&nbsp;<\/p>\n<p>&nbsp;<\/p>\n<p>La Escuela Rural N\u00b0 13 de Puntas del Sauce lleva el nombre de \u201cClemente Estable\u201d.<\/p>\n<p>Est\u00e1 ubicada en el kil\u00f3metro 168 y medio de la ruta 23, a cuarenta kil\u00f3metros de la capital del departamento.<\/p>\n<p>Es una escuela que cuenta con un local funcional, muy bien conservado, que tiene casa habitaci\u00f3n para el docente, galp\u00f3n y un buen predio.<\/p>\n<p>El sal\u00f3n de clase y el sal\u00f3n comedor son amplios y luminosos y el alumnado trabaja y almuerza en mesas colectivas.<\/p>\n<p><a href=\"http:\/\/www.educacionrural.org\/wp-content\/uploads\/IMG_3360.jpg\"><img loading=\"lazy\" decoding=\"async\" class=\"alignleft size-large wp-image-1333\" style=\"float: right;\" src=\"http:\/\/www.educacionrural.org\/wp-content\/uploads\/IMG_3360-1024x768.jpg\" alt=\"IMG_3360\" width=\"300\" height=\"226\" srcset=\"https:\/\/www.educacionrural.org\/wp-content\/uploads\/IMG_3360-1024x768.jpg 1024w, https:\/\/www.educacionrural.org\/wp-content\/uploads\/IMG_3360-300x225.jpg 300w\" sizes=\"auto, (max-width: 300px) 100vw, 300px\" \/><\/a><a href=\"http:\/\/www.educacionrural.org\/wp-content\/uploads\/IMG_3359.jpg\"><img loading=\"lazy\" decoding=\"async\" class=\"alignleft size-large wp-image-1335\" style=\"float: left;\" src=\"http:\/\/www.educacionrural.org\/wp-content\/uploads\/IMG_3359-1024x768.jpg\" alt=\"IMG_3359\" width=\"292\" height=\"220\" srcset=\"https:\/\/www.educacionrural.org\/wp-content\/uploads\/IMG_3359-1024x768.jpg 1024w, https:\/\/www.educacionrural.org\/wp-content\/uploads\/IMG_3359-300x225.jpg 300w\" sizes=\"auto, (max-width: 292px) 100vw, 292px\" \/><\/a><\/p>\n<p>&nbsp;<\/p>\n<p>&nbsp;<\/p>\n<p>&nbsp;<\/p>\n<p>&nbsp;<\/p>\n<p>&nbsp;<\/p>\n<p>&nbsp;<\/p>\n<p>&nbsp;<\/p>\n<p>En la escuela \u201cClemente Estable\u201d los estudios bacteriol\u00f3gicos han demostrado que el agua no es apta para el consumo. Por este motivo se ha provisto \u00a0\u00a0al local\u00a0 de un tanque de muy buena capacidad que es abastecido por OSE. El agua que consumen los ni\u00f1os se obtiene de dispensadores.<\/p>\n<p><a href=\"http:\/\/www.educacionrural.org\/wp-content\/uploads\/IMG_3362.jpg\"><img loading=\"lazy\" decoding=\"async\" class=\"alignleft size-large wp-image-1338\" style=\"vertical-align: middle;\" src=\"http:\/\/www.educacionrural.org\/wp-content\/uploads\/IMG_3362-1024x768.jpg\" alt=\"IMG_3362\" width=\"651\" height=\"487\" srcset=\"https:\/\/www.educacionrural.org\/wp-content\/uploads\/IMG_3362-1024x768.jpg 1024w, https:\/\/www.educacionrural.org\/wp-content\/uploads\/IMG_3362-300x225.jpg 300w\" sizes=\"auto, (max-width: 651px) 100vw, 651px\" \/><\/a><\/p>\n<p>&nbsp;<\/p>\n<p>&nbsp;<\/p>\n<p>&nbsp;<\/p>\n<p>&nbsp;<\/p>\n<p>&nbsp;<\/p>\n","protected":false},"excerpt":{"rendered":"<p>&nbsp; &nbsp; &nbsp; &nbsp; &nbsp; &nbsp; &nbsp; &nbsp; &nbsp; &nbsp; &nbsp; &nbsp; La Escuela Rural N\u00b0 13 de Puntas del Sauce lleva el nombre de \u201cClemente Estable\u201d. Est\u00e1 ubicada en el kil\u00f3metro 168 y medio de la ruta 23, a cuarenta kil\u00f3metros de la capital del departamento. Es una escuela que cuenta con un local &#8230; <a title=\"Flores &#8211; Local de la Escuela Rural N\u00b013 \u00abClemente Estable\u00bb\" class=\"read-more\" href=\"https:\/\/www.educacionrural.org\/?page_id=1330\" aria-label=\"Leer m\u00e1s sobre Flores &#8211; Local de la Escuela Rural N\u00b013 \u00abClemente Estable\u00bb\">Leer m\u00e1s<\/a><\/p>\n","protected":false},"author":2,"featured_media":0,"parent":21,"menu_order":29,"comment_status":"closed","ping_status":"closed","template":"","meta":{"footnotes":""},"class_list":["post-1330","page","type-page","status-publish"],"_links":{"self":[{"href":"https:\/\/www.educacionrural.org\/index.php?rest_route=\/wp\/v2\/pages\/1330","targetHints":{"allow":["GET"]}}],"collection":[{"href":"https:\/\/www.educacionrural.org\/index.php?rest_route=\/wp\/v2\/pages"}],"about":[{"href":"https:\/\/www.educacionrural.org\/index.php?rest_route=\/wp\/v2\/types\/page"}],"author":[{"embeddable":true,"href":"https:\/\/www.educacionrural.org\/index.php?rest_route=\/wp\/v2\/users\/2"}],"replies":[{"embeddable":true,"href":"https:\/\/www.educacionrural.org\/index.php?rest_route=%2Fwp%2Fv2%2Fcomments&post=1330"}],"version-history":[{"count":9,"href":"https:\/\/www.educacionrural.org\/index.php?rest_route=\/wp\/v2\/pages\/1330\/revisions"}],"predecessor-version":[{"id":3848,"href":"https:\/\/www.educacionrural.org\/index.php?rest_route=\/wp\/v2\/pages\/1330\/revisions\/3848"}],"up":[{"embeddable":true,"href":"https:\/\/www.educacionrural.org\/index.php?rest_route=\/wp\/v2\/pages\/21"}],"wp:attachment":[{"href":"https:\/\/www.educacionrural.org\/index.php?rest_route=%2Fwp%2Fv2%2Fmedia&parent=1330"}],"curies":[{"name":"wp","href":"https:\/\/api.w.org\/{rel}","templated":true}]}}