{"id":1378,"date":"2012-07-05T16:10:34","date_gmt":"2012-07-05T18:10:34","guid":{"rendered":"http:\/\/www.educacionrural.org\/?page_id=1378"},"modified":"2017-10-09T18:41:03","modified_gmt":"2017-10-09T20:41:03","slug":"escuela-no-5-internado-rural-maestro-agustin-ferreiro-departamento-de-flores","status":"publish","type":"page","link":"https:\/\/www.educacionrural.org\/?page_id=1378","title":{"rendered":"Flores &#8211; Escuela N\u00ba 5 Internado Rural \u00abMaestro Agust\u00edn Ferreiro\u00bb"},"content":{"rendered":"<p><a href=\"http:\/\/www.educacionrural.org\/wp-content\/uploads\/Internado-y-Grutas-062.jpg\"><img loading=\"lazy\" decoding=\"async\" class=\"alignleft size-large wp-image-1352\" style=\"vertical-align: middle;\" src=\"http:\/\/www.educacionrural.org\/wp-content\/uploads\/Internado-y-Grutas-062-1024x768.jpg\" alt=\"Internado y Grutas 062\" width=\"498\" height=\"373\" srcset=\"https:\/\/www.educacionrural.org\/wp-content\/uploads\/Internado-y-Grutas-062-1024x768.jpg 1024w, https:\/\/www.educacionrural.org\/wp-content\/uploads\/Internado-y-Grutas-062-300x225.jpg 300w\" sizes=\"auto, (max-width: 498px) 100vw, 498px\" \/><\/a><\/p>\n<p>&nbsp;<\/p>\n<p>&nbsp;<\/p>\n<p>&nbsp;<\/p>\n<p>&nbsp;<\/p>\n<p>&nbsp;<\/p>\n<p>&nbsp;<\/p>\n<p>&nbsp;<\/p>\n<p>&nbsp;<\/p>\n<p>&nbsp;<\/p>\n<p>&nbsp;<\/p>\n<p>&nbsp;<\/p>\n<p>Visitamos la Escuela N\u00ba 5 del departamento de Flores.<\/p>\n<p>Es una de las pocas escuelas rurales que funciona como Internado.<\/p>\n<p><a href=\"http:\/\/www.educacionrural.org\/wp-content\/uploads\/frente-escuela.jpg\"><img loading=\"lazy\" decoding=\"async\" class=\"alignleft size-large wp-image-1379\" style=\"vertical-align: middle;\" src=\"http:\/\/www.educacionrural.org\/wp-content\/uploads\/frente-escuela-1024x913.jpg\" alt=\"frente escuela\" width=\"641\" height=\"571\" srcset=\"https:\/\/www.educacionrural.org\/wp-content\/uploads\/frente-escuela-1024x913.jpg 1024w, https:\/\/www.educacionrural.org\/wp-content\/uploads\/frente-escuela-300x267.jpg 300w\" sizes=\"auto, (max-width: 641px) 100vw, 641px\" \/><\/a><\/p>\n<p>&nbsp;<\/p>\n<p>&nbsp;<\/p>\n<p>&nbsp;<\/p>\n<p>&nbsp;<\/p>\n<p>&nbsp;<\/p>\n<p>&nbsp;<\/p>\n<p>&nbsp;<\/p>\n<p>&nbsp;<\/p>\n<p>&nbsp;<\/p>\n<p>&nbsp;<\/p>\n<p>&nbsp;<\/p>\n<p>&nbsp;<\/p>\n<p>&nbsp;<\/p>\n<p>&nbsp;<\/p>\n<p>&nbsp;<\/p>\n<p>&nbsp;<\/p>\n<p>&nbsp;<\/p>\n<p>Se encuentra en el kil\u00f3metro 142 y\u00a0 medio de la ruta 14 a cinco kil\u00f3metros de la ciudad de Trinidad<\/p>\n<p><a href=\"http:\/\/www.educacionrural.org\/wp-content\/uploads\/Internado-y-Grutas-045.jpg\"><img loading=\"lazy\" decoding=\"async\" class=\"alignleft size-large wp-image-1382\" style=\"float: right;\" src=\"http:\/\/www.educacionrural.org\/wp-content\/uploads\/Internado-y-Grutas-045-1024x768.jpg\" alt=\"Internado y Grutas 045\" width=\"325\" height=\"224\" \/><\/a><a href=\"http:\/\/www.educacionrural.org\/wp-content\/uploads\/Internado-y-Grutas-047.jpg\"><img loading=\"lazy\" decoding=\"async\" class=\"alignleft size-large wp-image-1383\" src=\"http:\/\/www.educacionrural.org\/wp-content\/uploads\/Internado-y-Grutas-047-1024x768.jpg\" alt=\"Internado y Grutas 047\" width=\"302\" height=\"228\" srcset=\"https:\/\/www.educacionrural.org\/wp-content\/uploads\/Internado-y-Grutas-047-1024x768.jpg 1024w, https:\/\/www.educacionrural.org\/wp-content\/uploads\/Internado-y-Grutas-047-300x225.jpg 300w\" sizes=\"auto, (max-width: 302px) 100vw, 302px\" \/><\/a><\/p>\n<p>&nbsp;<\/p>\n<p>&nbsp;<\/p>\n<p>&nbsp;<\/p>\n<p>&nbsp;<\/p>\n<p>&nbsp;<\/p>\n<p>&nbsp;<\/p>\n<p>&nbsp;<\/p>\n<p>El paraje en el que se asienta este establecimiento docente fue, hace alg\u00fan tiempo, zona de chacras.<\/p>\n<p>En la actualidad el perfil productivo ha cambiado radicalmente. Funcionan all\u00ed: el Frigor\u00edfico La Trinidad, una metal\u00fargica, un horno de ladrillos, un lavadero de lanas y el vertedero municipal.<\/p>\n<p><a href=\"http:\/\/www.educacionrural.org\/wp-content\/uploads\/Internado-y-Grutas-046.jpg\"><img loading=\"lazy\" decoding=\"async\" class=\"alignleft size-large wp-image-1385\" style=\"float: right;\" src=\"http:\/\/www.educacionrural.org\/wp-content\/uploads\/Internado-y-Grutas-046-1024x768.jpg\" alt=\"Internado y Grutas 046\" width=\"659\" height=\"494\" srcset=\"https:\/\/www.educacionrural.org\/wp-content\/uploads\/Internado-y-Grutas-046-1024x768.jpg 1024w, https:\/\/www.educacionrural.org\/wp-content\/uploads\/Internado-y-Grutas-046-300x225.jpg 300w\" sizes=\"auto, (max-width: 659px) 100vw, 659px\" \/><\/a><\/p>\n","protected":false},"excerpt":{"rendered":"<p>&nbsp; &nbsp; &nbsp; &nbsp; &nbsp; &nbsp; &nbsp; &nbsp; &nbsp; &nbsp; &nbsp; Visitamos la Escuela N\u00ba 5 del departamento de Flores. Es una de las pocas escuelas rurales que funciona como Internado. &nbsp; &nbsp; &nbsp; &nbsp; &nbsp; &nbsp; &nbsp; &nbsp; &nbsp; &nbsp; &nbsp; &nbsp; &nbsp; &nbsp; &nbsp; &nbsp; &nbsp; Se encuentra en el kil\u00f3metro 142 y\u00a0 &#8230; <a title=\"Flores &#8211; Escuela N\u00ba 5 Internado Rural \u00abMaestro Agust\u00edn Ferreiro\u00bb\" class=\"read-more\" href=\"https:\/\/www.educacionrural.org\/?page_id=1378\" aria-label=\"Leer m\u00e1s sobre Flores &#8211; Escuela N\u00ba 5 Internado Rural \u00abMaestro Agust\u00edn Ferreiro\u00bb\">Leer m\u00e1s<\/a><\/p>\n","protected":false},"author":2,"featured_media":0,"parent":21,"menu_order":37,"comment_status":"closed","ping_status":"closed","template":"","meta":{"footnotes":""},"class_list":["post-1378","page","type-page","status-publish"],"_links":{"self":[{"href":"https:\/\/www.educacionrural.org\/index.php?rest_route=\/wp\/v2\/pages\/1378","targetHints":{"allow":["GET"]}}],"collection":[{"href":"https:\/\/www.educacionrural.org\/index.php?rest_route=\/wp\/v2\/pages"}],"about":[{"href":"https:\/\/www.educacionrural.org\/index.php?rest_route=\/wp\/v2\/types\/page"}],"author":[{"embeddable":true,"href":"https:\/\/www.educacionrural.org\/index.php?rest_route=\/wp\/v2\/users\/2"}],"replies":[{"embeddable":true,"href":"https:\/\/www.educacionrural.org\/index.php?rest_route=%2Fwp%2Fv2%2Fcomments&post=1378"}],"version-history":[{"count":4,"href":"https:\/\/www.educacionrural.org\/index.php?rest_route=\/wp\/v2\/pages\/1378\/revisions"}],"predecessor-version":[{"id":3852,"href":"https:\/\/www.educacionrural.org\/index.php?rest_route=\/wp\/v2\/pages\/1378\/revisions\/3852"}],"up":[{"embeddable":true,"href":"https:\/\/www.educacionrural.org\/index.php?rest_route=\/wp\/v2\/pages\/21"}],"wp:attachment":[{"href":"https:\/\/www.educacionrural.org\/index.php?rest_route=%2Fwp%2Fv2%2Fmedia&parent=1378"}],"curies":[{"name":"wp","href":"https:\/\/api.w.org\/{rel}","templated":true}]}}