{"id":141,"date":"2011-09-19T03:51:15","date_gmt":"2011-09-19T06:51:15","guid":{"rendered":"http:\/\/www.educacionrural.org\/?page_id=141"},"modified":"2014-11-03T19:02:31","modified_gmt":"2014-11-03T21:02:31","slug":"agradecimientos","status":"publish","type":"page","link":"https:\/\/www.educacionrural.org\/?page_id=141","title":{"rendered":"Agradecimientos"},"content":{"rendered":"<p style=\"text-align: right;\"><em>Honrar, honra.<\/em><br \/>\nJos\u00e9 Mart\u00ed<\/p>\n<p>Queremos hacer p\u00fablico nuestro agradecimiento a todas las personas cuyos textos figuran en esta p\u00e1gina; a aquellos que ya no est\u00e1n entre nosotros pero que a\u00fan hoy siguen dej\u00e1ndonos lecciones de vida y a aquellos que siguen aportando su saber y su hacer \u201cpor una Escuela Rural mejor\u201d.<\/p>\n<p>Agradecemos tambi\u00e9n a Gabriel Fr\u00edas y a su <a href=\"http:\/\/www.gabrielfriaslocutor.com\/\">Estudio Tumbaito<\/a>, que fue un estimulo permanente cuando esta p\u00e1gina a\u00fan no hab\u00eda nacido. A Alfonso Frachelle y a su empresa <a href=\"http:\/\/www.idearius.com\/es\/\">IDEARIUS<\/a>.<\/p>\n","protected":false},"excerpt":{"rendered":"<p>Honrar, honra. Jos\u00e9 Mart\u00ed Queremos hacer p\u00fablico nuestro agradecimiento a todas las personas cuyos textos figuran en esta p\u00e1gina; a aquellos que ya no est\u00e1n entre nosotros pero que a\u00fan hoy siguen dej\u00e1ndonos lecciones de vida y a aquellos que siguen aportando su saber y su hacer \u201cpor una Escuela Rural mejor\u201d. Agradecemos tambi\u00e9n a &#8230; <a title=\"Agradecimientos\" class=\"read-more\" href=\"https:\/\/www.educacionrural.org\/?page_id=141\" aria-label=\"Leer m\u00e1s sobre Agradecimientos\">Leer m\u00e1s<\/a><\/p>\n","protected":false},"author":2,"featured_media":0,"parent":15,"menu_order":0,"comment_status":"closed","ping_status":"open","template":"","meta":{"footnotes":""},"class_list":["post-141","page","type-page","status-publish"],"_links":{"self":[{"href":"https:\/\/www.educacionrural.org\/index.php?rest_route=\/wp\/v2\/pages\/141","targetHints":{"allow":["GET"]}}],"collection":[{"href":"https:\/\/www.educacionrural.org\/index.php?rest_route=\/wp\/v2\/pages"}],"about":[{"href":"https:\/\/www.educacionrural.org\/index.php?rest_route=\/wp\/v2\/types\/page"}],"author":[{"embeddable":true,"href":"https:\/\/www.educacionrural.org\/index.php?rest_route=\/wp\/v2\/users\/2"}],"replies":[{"embeddable":true,"href":"https:\/\/www.educacionrural.org\/index.php?rest_route=%2Fwp%2Fv2%2Fcomments&post=141"}],"version-history":[{"count":8,"href":"https:\/\/www.educacionrural.org\/index.php?rest_route=\/wp\/v2\/pages\/141\/revisions"}],"predecessor-version":[{"id":3215,"href":"https:\/\/www.educacionrural.org\/index.php?rest_route=\/wp\/v2\/pages\/141\/revisions\/3215"}],"up":[{"embeddable":true,"href":"https:\/\/www.educacionrural.org\/index.php?rest_route=\/wp\/v2\/pages\/15"}],"wp:attachment":[{"href":"https:\/\/www.educacionrural.org\/index.php?rest_route=%2Fwp%2Fv2%2Fmedia&parent=141"}],"curies":[{"name":"wp","href":"https:\/\/api.w.org\/{rel}","templated":true}]}}