{"id":143,"date":"2011-09-19T03:57:02","date_gmt":"2011-09-19T06:57:02","guid":{"rendered":"http:\/\/www.educacionrural.org\/?page_id=143"},"modified":"2013-04-08T22:35:51","modified_gmt":"2013-04-09T01:35:51","slug":"una-invitacion","status":"publish","type":"page","link":"https:\/\/www.educacionrural.org\/?page_id=143","title":{"rendered":"Una invitaci\u00f3n"},"content":{"rendered":"<p>Este sitio web es, por sobre todas las cosas, una invitaci\u00f3n.<\/p>\n<p>Rescatamos del pasado la pr\u00e1ctica y el esp\u00edritu de cientos y cientos de maestros que hicieron de su profesi\u00f3n un compromiso y desaf\u00edo. Nunca desertaron de su pr\u00e1ctica diaria. Los a\u00f1os oscuros que vivi\u00f3 el pa\u00eds fueron un freno para aquel Movimiento fermental.<\/p>\n<p>Hoy, m\u00e1s que nunca, la escuela rural, y toda la educaci\u00f3n en general, necesita de la inteligencia comprometida de todos los actores.<\/p>\n<p>Con modestia, pero con pretensi\u00f3n de aportes trascendentes, es que invitamos a todos nuestros lectores a que den un paso m\u00e1s y encuentren en este espacio un \u00e1mbito apropiado para emitir opiniones, proponer actividades, dar a conocer sus vivencias, estudios, im\u00e1genes y todo material que contribuya a conocer y a hacer mejor la educaci\u00f3n en nuestro pa\u00eds.<\/p>\n<p>Esperamos todos vuestros aportes a trav\u00e9s de la direcci\u00f3n <strong>rumbo [arroba] educacionrural.org<\/strong>.<\/p>\n<p>El camino s\u00f3lo ser\u00e1 posible si se dibuja con m\u00faltiples huellas.<\/p>\n","protected":false},"excerpt":{"rendered":"<p>Este sitio web es, por sobre todas las cosas, una invitaci\u00f3n. Rescatamos del pasado la pr\u00e1ctica y el esp\u00edritu de cientos y cientos de maestros que hicieron de su profesi\u00f3n un compromiso y desaf\u00edo. Nunca desertaron de su pr\u00e1ctica diaria. Los a\u00f1os oscuros que vivi\u00f3 el pa\u00eds fueron un freno para aquel Movimiento fermental. Hoy, &#8230; <a title=\"Una invitaci\u00f3n\" class=\"read-more\" href=\"https:\/\/www.educacionrural.org\/?page_id=143\" aria-label=\"Leer m\u00e1s sobre Una invitaci\u00f3n\">Leer m\u00e1s<\/a><\/p>\n","protected":false},"author":5,"featured_media":0,"parent":15,"menu_order":0,"comment_status":"closed","ping_status":"open","template":"","meta":{"footnotes":""},"class_list":["post-143","page","type-page","status-publish"],"_links":{"self":[{"href":"https:\/\/www.educacionrural.org\/index.php?rest_route=\/wp\/v2\/pages\/143","targetHints":{"allow":["GET"]}}],"collection":[{"href":"https:\/\/www.educacionrural.org\/index.php?rest_route=\/wp\/v2\/pages"}],"about":[{"href":"https:\/\/www.educacionrural.org\/index.php?rest_route=\/wp\/v2\/types\/page"}],"author":[{"embeddable":true,"href":"https:\/\/www.educacionrural.org\/index.php?rest_route=\/wp\/v2\/users\/5"}],"replies":[{"embeddable":true,"href":"https:\/\/www.educacionrural.org\/index.php?rest_route=%2Fwp%2Fv2%2Fcomments&post=143"}],"version-history":[{"count":3,"href":"https:\/\/www.educacionrural.org\/index.php?rest_route=\/wp\/v2\/pages\/143\/revisions"}],"predecessor-version":[{"id":1077,"href":"https:\/\/www.educacionrural.org\/index.php?rest_route=\/wp\/v2\/pages\/143\/revisions\/1077"}],"up":[{"embeddable":true,"href":"https:\/\/www.educacionrural.org\/index.php?rest_route=\/wp\/v2\/pages\/15"}],"wp:attachment":[{"href":"https:\/\/www.educacionrural.org\/index.php?rest_route=%2Fwp%2Fv2%2Fmedia&parent=143"}],"curies":[{"name":"wp","href":"https:\/\/api.w.org\/{rel}","templated":true}]}}