{"id":1460,"date":"2012-10-02T15:57:24","date_gmt":"2012-10-02T17:57:24","guid":{"rendered":"http:\/\/www.educacionrural.org\/?page_id=1460"},"modified":"2017-10-09T18:25:22","modified_gmt":"2017-10-09T20:25:22","slug":"el-local-de-la-escuela-rural-no-17-paso-de-castro-departamento-de-durazno","status":"publish","type":"page","link":"https:\/\/www.educacionrural.org\/?page_id=1460","title":{"rendered":"Durazno &#8211; El local de la Escuela Rural N\u00ba 17  Paso de Castro"},"content":{"rendered":"<p>La Escuela Rural N\u00ba 17 de Paso de Castro funciona en un predio peque\u00f1o.<\/p>\n<p>El local escolar cuenta con un sal\u00f3n de buenas dimensiones, un comedor, una cocina, un dormitorio con ba\u00f1o para la maestra y una galer\u00eda abierta.<\/p>\n<p><a href=\"http:\/\/www.educacionrural.org\/wp-content\/uploads\/Durazno-001.jpg\"><img loading=\"lazy\" decoding=\"async\" class=\"alignleft size-medium wp-image-1461\" src=\"http:\/\/www.educacionrural.org\/wp-content\/uploads\/Durazno-001-300x225.jpg\" alt=\"Durazno 001\" width=\"291\" height=\"218\" srcset=\"https:\/\/www.educacionrural.org\/wp-content\/uploads\/Durazno-001-300x225.jpg 300w, https:\/\/www.educacionrural.org\/wp-content\/uploads\/Durazno-001-1024x768.jpg 1024w\" sizes=\"auto, (max-width: 291px) 100vw, 291px\" \/><\/a>\u00a0\u00a0\u00a0\u00a0\u00a0 <a href=\"http:\/\/www.educacionrural.org\/wp-content\/uploads\/Durazno-002.jpg\"><img loading=\"lazy\" decoding=\"async\" class=\"alignleft size-medium wp-image-1462\" style=\"float: right;\" src=\"http:\/\/www.educacionrural.org\/wp-content\/uploads\/Durazno-002-300x225.jpg\" alt=\"Durazno 002\" width=\"300\" height=\"225\" srcset=\"https:\/\/www.educacionrural.org\/wp-content\/uploads\/Durazno-002-300x225.jpg 300w, https:\/\/www.educacionrural.org\/wp-content\/uploads\/Durazno-002-1024x768.jpg 1024w\" sizes=\"auto, (max-width: 300px) 100vw, 300px\" \/><\/a><\/p>\n<p>&nbsp;<\/p>\n<p>&nbsp;<\/p>\n<p>&nbsp;<\/p>\n<p>&nbsp;<\/p>\n<p>&nbsp;<\/p>\n<p>&nbsp;<\/p>\n<p>Los gabinetes higi\u00e9nicos est\u00e1n fuera, a unos metros del n\u00facleo del local.<\/p>\n<p>La Escuela cuenta con luz el\u00e9ctrica y agua potable que procede de un pozo semisurgente.<\/p>\n<p>Llama\u00a0 la atenci\u00f3n no bien se entra al local escolar que una de las paredes del sal\u00f3n as\u00ed como la del dormitorio de la maestra presentan grandes rajaduras cuya reparaci\u00f3n est\u00e1 a estudio y\u00a0 es ese uno de los problemas que buscan solucionar a la brevedad la Maestra y la Comisi\u00f3n de Fomento. En esa lucha est\u00e1n.<\/p>\n<p>Sin embargo en ning\u00fan momento las clases han dejado de funcionar y la labor docente no se detiene.<\/p>\n<p><a href=\"http:\/\/www.educacionrural.org\/wp-content\/uploads\/Durazno-013.jpg\"><img loading=\"lazy\" decoding=\"async\" class=\"alignleft size-medium wp-image-1463\" src=\"http:\/\/www.educacionrural.org\/wp-content\/uploads\/Durazno-013-300x225.jpg\" alt=\"Durazno 013\" width=\"300\" height=\"225\" srcset=\"https:\/\/www.educacionrural.org\/wp-content\/uploads\/Durazno-013-300x225.jpg 300w, https:\/\/www.educacionrural.org\/wp-content\/uploads\/Durazno-013-1024x768.jpg 1024w\" sizes=\"auto, (max-width: 300px) 100vw, 300px\" \/><\/a>\u00a0\u00a0\u00a0 <a href=\"http:\/\/www.educacionrural.org\/wp-content\/uploads\/Durazno-012.jpg\"><img loading=\"lazy\" decoding=\"async\" class=\"alignleft size-medium wp-image-1464\" style=\"float: right;\" src=\"http:\/\/www.educacionrural.org\/wp-content\/uploads\/Durazno-012-300x225.jpg\" alt=\"Durazno 012\" width=\"300\" height=\"225\" srcset=\"https:\/\/www.educacionrural.org\/wp-content\/uploads\/Durazno-012-300x225.jpg 300w, https:\/\/www.educacionrural.org\/wp-content\/uploads\/Durazno-012-1024x768.jpg 1024w\" sizes=\"auto, (max-width: 300px) 100vw, 300px\" \/><\/a><\/p>\n<p>&nbsp;<\/p>\n<p>&nbsp;<\/p>\n<p>&nbsp;<\/p>\n<p>&nbsp;<\/p>\n<p>&nbsp;<\/p>\n<p>&nbsp;<\/p>\n<p>&nbsp;<\/p>\n<p>Tambi\u00e9n el pozo negro ha sufrido un desmoronamiento\u00a0 aparentemente por movimientos del terreno. Este hecho determina que\u00a0 sea necesario desagotarlo permanentemente ya que hay constante filtraciones de agua. Es \u00e9sta otra de las reparaciones que tratan de encararse sin p\u00e9rdida de tiempo.<\/p>\n<p>&nbsp;<\/p>\n","protected":false},"excerpt":{"rendered":"<p>La Escuela Rural N\u00ba 17 de Paso de Castro funciona en un predio peque\u00f1o. El local escolar cuenta con un sal\u00f3n de buenas dimensiones, un comedor, una cocina, un dormitorio con ba\u00f1o para la maestra y una galer\u00eda abierta. \u00a0\u00a0\u00a0\u00a0\u00a0 &nbsp; &nbsp; &nbsp; &nbsp; &nbsp; &nbsp; Los gabinetes higi\u00e9nicos est\u00e1n fuera, a unos metros del &#8230; <a title=\"Durazno &#8211; El local de la Escuela Rural N\u00ba 17  Paso de Castro\" class=\"read-more\" href=\"https:\/\/www.educacionrural.org\/?page_id=1460\" aria-label=\"Leer m\u00e1s sobre Durazno &#8211; El local de la Escuela Rural N\u00ba 17  Paso de Castro\">Leer m\u00e1s<\/a><\/p>\n","protected":false},"author":2,"featured_media":0,"parent":21,"menu_order":10,"comment_status":"closed","ping_status":"closed","template":"","meta":{"footnotes":""},"class_list":["post-1460","page","type-page","status-publish"],"_links":{"self":[{"href":"https:\/\/www.educacionrural.org\/index.php?rest_route=\/wp\/v2\/pages\/1460","targetHints":{"allow":["GET"]}}],"collection":[{"href":"https:\/\/www.educacionrural.org\/index.php?rest_route=\/wp\/v2\/pages"}],"about":[{"href":"https:\/\/www.educacionrural.org\/index.php?rest_route=\/wp\/v2\/types\/page"}],"author":[{"embeddable":true,"href":"https:\/\/www.educacionrural.org\/index.php?rest_route=\/wp\/v2\/users\/2"}],"replies":[{"embeddable":true,"href":"https:\/\/www.educacionrural.org\/index.php?rest_route=%2Fwp%2Fv2%2Fcomments&post=1460"}],"version-history":[{"count":3,"href":"https:\/\/www.educacionrural.org\/index.php?rest_route=\/wp\/v2\/pages\/1460\/revisions"}],"predecessor-version":[{"id":3827,"href":"https:\/\/www.educacionrural.org\/index.php?rest_route=\/wp\/v2\/pages\/1460\/revisions\/3827"}],"up":[{"embeddable":true,"href":"https:\/\/www.educacionrural.org\/index.php?rest_route=\/wp\/v2\/pages\/21"}],"wp:attachment":[{"href":"https:\/\/www.educacionrural.org\/index.php?rest_route=%2Fwp%2Fv2%2Fmedia&parent=1460"}],"curies":[{"name":"wp","href":"https:\/\/api.w.org\/{rel}","templated":true}]}}