{"id":1508,"date":"2012-10-24T16:09:02","date_gmt":"2012-10-24T18:09:02","guid":{"rendered":"http:\/\/www.educacionrural.org\/?page_id=1508"},"modified":"2017-10-09T18:25:17","modified_gmt":"2017-10-09T20:25:17","slug":"escuela-rural-no-17-paso-de-castro-departamento-de-durazno","status":"publish","type":"page","link":"https:\/\/www.educacionrural.org\/?page_id=1508","title":{"rendered":"Durazno &#8211; Escuela Rural N\u00ba 17 Paso de Castro"},"content":{"rendered":"<p><strong>Una Escuela de puertas abiertas<\/strong><\/p>\n<p>La \u00a0Directora de la Escuela Rural N\u00ba 17 ubicada en Paso de Castro\u00a0 en el departamento de Durazno, lleva adelante dos proyectos que no s\u00f3lo\u00a0 se constituir\u00e1n\u00a0 en ejes de acci\u00f3n\u00a0 al tratar diferentes aspectos del programa escolar sino que a trav\u00e9s de ellos, se propone realizar un buen trabajo de extensi\u00f3n educativa.<\/p>\n<p>Estos proyectos son:<\/p>\n<ul>\n<li>Huerta escolar<\/li>\n<li>Biblioteca circulante<\/li>\n<\/ul>\n<p>De ellos nos ocuparemos en forma especial porque as\u00ed lo ameritan.<\/p>\n<p>Conociendo la labor que est\u00e1 desarrollando este establecimiento encontramos que aparte de los proyectos se\u00f1alados se realizan otra serie de actividades que nos muestran que se est\u00e1n dando pasos para que, poco a poco, se cumpla con la aspiraci\u00f3n que se enunciaba en los Fines \u00a0del PROGRAMA\u00a0 PARA ESCUELAS RURALES aprobado en Piri\u00e1polis en 1949. All\u00ed se se\u00f1ala como uno de\u00a0 los Fines Sociales que ha de perseguir la Escuela Rural: \u201cCrear<em> en el vecindario la idea de que la Escuela es del pueblo, PORQUE ES LA CASA DE LOS HIJOS DEL PUEBLO\u201d.<\/em><\/p>\n<p>En el poco tiempo que lleva esta docente al frente de este establecimiento se est\u00e1n desarrollando acciones que van en este sentido.<\/p>\n<p>Cuando las clases cambian el horario, en los \u00faltimos meses del a\u00f1o, los alumnos, con el consentimiento de los padres, se quedan en el local escolar y trabajan en actividades extracurriculares. El pasado a\u00f1o prepararon diferentes manualidades, usando variadas t\u00e9cnicas y materiales y montaron una exposici\u00f3n que\u00a0 convoc\u00f3 a los vecinos con gran \u00e9xito y dio grandes satisfacciones a los ni\u00f1os. Por lo dem\u00e1s, en la Escuela se han realizado\u00a0 reuniones de camarader\u00eda propuestas por los vecinos.<\/p>\n<p>En el predio escolar se ha construido un horno que se usa en estos encuentros para preparar pizzas y asados que se comparten en oportunidad de estas reuniones o de beneficios que se realizan para recaudar fondos con los que se solventan muchas de las necesidades del establecimiento docente.<\/p>\n<p><a href=\"http:\/\/www.educacionrural.org\/wp-content\/uploads\/Durazno-016.jpg\"><img loading=\"lazy\" decoding=\"async\" class=\"size-medium wp-image-1509 aligncenter\" src=\"http:\/\/www.educacionrural.org\/wp-content\/uploads\/Durazno-016-300x225.jpg\" alt=\"Durazno 016\" width=\"500\" height=\"375\" srcset=\"https:\/\/www.educacionrural.org\/wp-content\/uploads\/Durazno-016-300x225.jpg 300w, https:\/\/www.educacionrural.org\/wp-content\/uploads\/Durazno-016-1024x768.jpg 1024w\" sizes=\"auto, (max-width: 500px) 100vw, 500px\" \/><\/a><\/p>\n","protected":false},"excerpt":{"rendered":"<p>Una Escuela de puertas abiertas La \u00a0Directora de la Escuela Rural N\u00ba 17 ubicada en Paso de Castro\u00a0 en el departamento de Durazno, lleva adelante dos proyectos que no s\u00f3lo\u00a0 se constituir\u00e1n\u00a0 en ejes de acci\u00f3n\u00a0 al tratar diferentes aspectos del programa escolar sino que a trav\u00e9s de ellos, se propone realizar un buen trabajo &#8230; <a title=\"Durazno &#8211; Escuela Rural N\u00ba 17 Paso de Castro\" class=\"read-more\" href=\"https:\/\/www.educacionrural.org\/?page_id=1508\" aria-label=\"Leer m\u00e1s sobre Durazno &#8211; Escuela Rural N\u00ba 17 Paso de Castro\">Leer m\u00e1s<\/a><\/p>\n","protected":false},"author":2,"featured_media":0,"parent":21,"menu_order":9,"comment_status":"closed","ping_status":"closed","template":"","meta":{"footnotes":""},"class_list":["post-1508","page","type-page","status-publish"],"_links":{"self":[{"href":"https:\/\/www.educacionrural.org\/index.php?rest_route=\/wp\/v2\/pages\/1508","targetHints":{"allow":["GET"]}}],"collection":[{"href":"https:\/\/www.educacionrural.org\/index.php?rest_route=\/wp\/v2\/pages"}],"about":[{"href":"https:\/\/www.educacionrural.org\/index.php?rest_route=\/wp\/v2\/types\/page"}],"author":[{"embeddable":true,"href":"https:\/\/www.educacionrural.org\/index.php?rest_route=\/wp\/v2\/users\/2"}],"replies":[{"embeddable":true,"href":"https:\/\/www.educacionrural.org\/index.php?rest_route=%2Fwp%2Fv2%2Fcomments&post=1508"}],"version-history":[{"count":3,"href":"https:\/\/www.educacionrural.org\/index.php?rest_route=\/wp\/v2\/pages\/1508\/revisions"}],"predecessor-version":[{"id":3826,"href":"https:\/\/www.educacionrural.org\/index.php?rest_route=\/wp\/v2\/pages\/1508\/revisions\/3826"}],"up":[{"embeddable":true,"href":"https:\/\/www.educacionrural.org\/index.php?rest_route=\/wp\/v2\/pages\/21"}],"wp:attachment":[{"href":"https:\/\/www.educacionrural.org\/index.php?rest_route=%2Fwp%2Fv2%2Fmedia&parent=1508"}],"curies":[{"name":"wp","href":"https:\/\/api.w.org\/{rel}","templated":true}]}}