{"id":1518,"date":"2012-10-01T16:38:17","date_gmt":"2012-10-01T18:38:17","guid":{"rendered":"http:\/\/www.educacionrural.org\/?page_id=1518"},"modified":"2017-10-09T18:25:08","modified_gmt":"2017-10-09T20:25:08","slug":"visitamos-el-departamento-de-durazno-uruguay-2","status":"publish","type":"page","link":"https:\/\/www.educacionrural.org\/?page_id=1518","title":{"rendered":"Durazno &#8211; Visitamos el Departamento de Durazno, Uruguay."},"content":{"rendered":"<p>Recorriendo el Interior profundo de nuestra tierra encontramos experiencias educativas de las m\u00e1s variadas y todas ellas valiosas. As\u00ed vamos descubriendo cu\u00e1nto se hace calladamente en los m\u00e1s remotos puntos del pa\u00eds para prestigiar la educaci\u00f3n p\u00fablica y ofrecer mejores aprendizajes a los ni\u00f1os campesinos a la vez de proyectar la acci\u00f3n de la Escuela en la comunidad.<\/p>\n<p>No encontramos nada que pudi\u00e9ramos calificar como espectacular, como formidable.\u00a0 Son emprendimientos a la medida de las posibilidades de cada centro educativo y de cada vecindario. Pero son obras del tes\u00f3n, de la convicci\u00f3n, del compromiso, de la entrega de docentes y campesinos que quieren su Escuela y que intentan que cada d\u00eda sea un poco mejor.<\/p>\n<p>Eso reconforta. Eso alienta, eso genera esperanza y genera el impulso de colaborar, de sumar esfuerzos.<\/p>\n<p>En eso estamos, eso aspiramos<\/p>\n<p>Visitamos el departamento de\u00a0 Durazno.<\/p>\n<p>Fuimos amablemente recibidos por el Inspector de Ense\u00f1anza Primaria Maestro Jos\u00e9 Barrios y la Maestra CAPDER Sra.\u00a0 Leticia Zavala.<\/p>\n<p>En estos momentos\u00a0 se proyectan una serie de interesantes actividades a nivel de escuelas rurales entre las que cabe destacar:<\/p>\n<ul>\n<li>La realizaci\u00f3n de una Misi\u00f3n Socio Pedag\u00f3gica en el paraje Aguas Buenas en la que participar\u00e1n estudiantes magisteriales, docentes duraznenses y de otros departamentos adem\u00e1s de profesionales y artistas.<\/li>\n<li>Un encuentro de escuelas rurales en el Parque de la Hispanidad\u00a0 con motivo de celebrarse el D\u00eda del Ni\u00f1o Rural.<\/li>\n<li>Una concentraci\u00f3n\u00a0 de maestros en el paraje Farruco\u00a0 con diferentes actividades\u00a0 en la que colaborar\u00e1n adem\u00e1s\u00a0 representantes de la cultura llegados desde la capital.<\/li>\n<\/ul>\n<p>&nbsp;<\/p>\n<p>A medida que estos eventos se vayan desarrollando iremos dando informaci\u00f3n sobre los mismos.<\/p>\n<p>&nbsp;<\/p>\n<p>&nbsp;<\/p>\n<p>&nbsp;<\/p>\n","protected":false},"excerpt":{"rendered":"<p>Recorriendo el Interior profundo de nuestra tierra encontramos experiencias educativas de las m\u00e1s variadas y todas ellas valiosas. As\u00ed vamos descubriendo cu\u00e1nto se hace calladamente en los m\u00e1s remotos puntos del pa\u00eds para prestigiar la educaci\u00f3n p\u00fablica y ofrecer mejores aprendizajes a los ni\u00f1os campesinos a la vez de proyectar la acci\u00f3n de la Escuela &#8230; <a title=\"Durazno &#8211; Visitamos el Departamento de Durazno, Uruguay.\" class=\"read-more\" href=\"https:\/\/www.educacionrural.org\/?page_id=1518\" aria-label=\"Leer m\u00e1s sobre Durazno &#8211; Visitamos el Departamento de Durazno, Uruguay.\">Leer m\u00e1s<\/a><\/p>\n","protected":false},"author":2,"featured_media":0,"parent":21,"menu_order":7,"comment_status":"closed","ping_status":"closed","template":"","meta":{"footnotes":""},"class_list":["post-1518","page","type-page","status-publish"],"_links":{"self":[{"href":"https:\/\/www.educacionrural.org\/index.php?rest_route=\/wp\/v2\/pages\/1518","targetHints":{"allow":["GET"]}}],"collection":[{"href":"https:\/\/www.educacionrural.org\/index.php?rest_route=\/wp\/v2\/pages"}],"about":[{"href":"https:\/\/www.educacionrural.org\/index.php?rest_route=\/wp\/v2\/types\/page"}],"author":[{"embeddable":true,"href":"https:\/\/www.educacionrural.org\/index.php?rest_route=\/wp\/v2\/users\/2"}],"replies":[{"embeddable":true,"href":"https:\/\/www.educacionrural.org\/index.php?rest_route=%2Fwp%2Fv2%2Fcomments&post=1518"}],"version-history":[{"count":5,"href":"https:\/\/www.educacionrural.org\/index.php?rest_route=\/wp\/v2\/pages\/1518\/revisions"}],"predecessor-version":[{"id":3002,"href":"https:\/\/www.educacionrural.org\/index.php?rest_route=\/wp\/v2\/pages\/1518\/revisions\/3002"}],"up":[{"embeddable":true,"href":"https:\/\/www.educacionrural.org\/index.php?rest_route=\/wp\/v2\/pages\/21"}],"wp:attachment":[{"href":"https:\/\/www.educacionrural.org\/index.php?rest_route=%2Fwp%2Fv2%2Fmedia&parent=1518"}],"curies":[{"name":"wp","href":"https:\/\/api.w.org\/{rel}","templated":true}]}}