{"id":1547,"date":"2013-08-28T15:13:51","date_gmt":"2013-08-28T17:13:51","guid":{"rendered":"http:\/\/www.educacionrural.org\/?page_id=1547"},"modified":"2017-10-09T18:28:15","modified_gmt":"2017-10-09T20:28:15","slug":"dia-del-nino-rural-departamento-de-durazno","status":"publish","type":"page","link":"https:\/\/www.educacionrural.org\/?page_id=1547","title":{"rendered":"Durazno &#8211; D\u00eda del Ni\u00f1o Rural"},"content":{"rendered":"<p>Desde hace varios a\u00f1os se celebra en algunos lugares del Interior de nuestro pa\u00eds el D\u00eda del Ni\u00f1o Rural.<\/p>\n<p>El d\u00eda 5 de octubre, con tal motivo,\u00a0 los maestros rurales del departamento de Durazno organizaron un encuentro en el Parque de la Hispanidad, sobre la ruta\u00a0 5 a pocos kil\u00f3metros de la capital departamental.<\/p>\n<p><iframe loading=\"lazy\" src=\"http:\/\/www.youtube.com\/embed\/y_gQHNvaBT8\" width=\"425\" height=\"350\" frameborder=\"0\"><\/iframe><\/p>\n<p>Pese a que los d\u00edas previos al evento fueron jornadas grises y lluviosas,\u00a0 se reunieron en el lugar m\u00e1s de cien ni\u00f1os de diversas escuelas rurales,\u00a0 la mayor\u00eda de parajes cercanos pero algunas de zonas bien distantes de la capital.<\/p>\n<p>Fue un d\u00eda de encuentro \u00a0de ni\u00f1os, maestros\u00a0 y padres de diferentes lugares. Momento de cantos, juegos e intercambio de experiencia que para todos los asistentes result\u00f3 enriquecedor e inolvidable.<\/p>\n<p><a href=\"http:\/\/www.educacionrural.org\/wp-content\/uploads\/Copia-de-D\u00eda-del-ni\u00f1o-rural-Otro-momento-organiz\u00e1ndose.jpg\"><img loading=\"lazy\" decoding=\"async\" class=\"size-medium wp-image-1548 aligncenter\" src=\"http:\/\/www.educacionrural.org\/wp-content\/uploads\/Copia-de-D\u00eda-del-ni\u00f1o-rural-Otro-momento-organiz\u00e1ndose-300x225.jpg\" alt=\"Copia de D\u00eda del ni\u00f1o rural Otro momento organiz\u00e1ndose\" width=\"600\" height=\"450\" srcset=\"https:\/\/www.educacionrural.org\/wp-content\/uploads\/Copia-de-D\u00eda-del-ni\u00f1o-rural-Otro-momento-organiz\u00e1ndose-300x225.jpg 300w, https:\/\/www.educacionrural.org\/wp-content\/uploads\/Copia-de-D\u00eda-del-ni\u00f1o-rural-Otro-momento-organiz\u00e1ndose.jpg 640w\" sizes=\"auto, (max-width: 600px) 100vw, 600px\" \/><\/a><\/p>\n<p><a href=\"http:\/\/www.educacionrural.org\/wp-content\/uploads\/Copia-de-D\u00eda-del-ni\u00f1o-rural-Llegada.jpg\"><img loading=\"lazy\" decoding=\"async\" class=\"alignleft size-medium wp-image-1549\" src=\"http:\/\/www.educacionrural.org\/wp-content\/uploads\/Copia-de-D\u00eda-del-ni\u00f1o-rural-Llegada-300x225.jpg\" alt=\"Copia de D\u00eda del ni\u00f1o rural Llegada\" width=\"300\" height=\"225\" srcset=\"https:\/\/www.educacionrural.org\/wp-content\/uploads\/Copia-de-D\u00eda-del-ni\u00f1o-rural-Llegada-300x225.jpg 300w, https:\/\/www.educacionrural.org\/wp-content\/uploads\/Copia-de-D\u00eda-del-ni\u00f1o-rural-Llegada.jpg 640w\" sizes=\"auto, (max-width: 300px) 100vw, 300px\" \/><\/a>\u00a0\u00a0\u00a0\u00a0 <a href=\"http:\/\/www.educacionrural.org\/wp-content\/uploads\/D\u00eda-del-ni\u00f1o-rural-Ronda-en-trencito.jpg\"><img loading=\"lazy\" decoding=\"async\" class=\"alignleft size-medium wp-image-1550\" style=\"float: right;\" src=\"http:\/\/www.educacionrural.org\/wp-content\/uploads\/D\u00eda-del-ni\u00f1o-rural-Ronda-en-trencito-300x225.jpg\" alt=\"D\u00eda del ni\u00f1o rural Ronda en trencito\" width=\"300\" height=\"225\" srcset=\"https:\/\/www.educacionrural.org\/wp-content\/uploads\/D\u00eda-del-ni\u00f1o-rural-Ronda-en-trencito-300x225.jpg 300w, https:\/\/www.educacionrural.org\/wp-content\/uploads\/D\u00eda-del-ni\u00f1o-rural-Ronda-en-trencito.jpg 640w\" sizes=\"auto, (max-width: 300px) 100vw, 300px\" \/><\/a><\/p>\n<p>&nbsp;<\/p>\n<p>&nbsp;<\/p>\n<p>&nbsp;<\/p>\n<p>&nbsp;<\/p>\n<p>&nbsp;<\/p>\n","protected":false},"excerpt":{"rendered":"<p>Desde hace varios a\u00f1os se celebra en algunos lugares del Interior de nuestro pa\u00eds el D\u00eda del Ni\u00f1o Rural. El d\u00eda 5 de octubre, con tal motivo,\u00a0 los maestros rurales del departamento de Durazno organizaron un encuentro en el Parque de la Hispanidad, sobre la ruta\u00a0 5 a pocos kil\u00f3metros de la capital departamental. Pese &#8230; <a title=\"Durazno &#8211; D\u00eda del Ni\u00f1o Rural\" class=\"read-more\" href=\"https:\/\/www.educacionrural.org\/?page_id=1547\" aria-label=\"Leer m\u00e1s sobre Durazno &#8211; D\u00eda del Ni\u00f1o Rural\">Leer m\u00e1s<\/a><\/p>\n","protected":false},"author":2,"featured_media":0,"parent":21,"menu_order":14,"comment_status":"closed","ping_status":"closed","template":"","meta":{"footnotes":""},"class_list":["post-1547","page","type-page","status-publish"],"_links":{"self":[{"href":"https:\/\/www.educacionrural.org\/index.php?rest_route=\/wp\/v2\/pages\/1547","targetHints":{"allow":["GET"]}}],"collection":[{"href":"https:\/\/www.educacionrural.org\/index.php?rest_route=\/wp\/v2\/pages"}],"about":[{"href":"https:\/\/www.educacionrural.org\/index.php?rest_route=\/wp\/v2\/types\/page"}],"author":[{"embeddable":true,"href":"https:\/\/www.educacionrural.org\/index.php?rest_route=\/wp\/v2\/users\/2"}],"replies":[{"embeddable":true,"href":"https:\/\/www.educacionrural.org\/index.php?rest_route=%2Fwp%2Fv2%2Fcomments&post=1547"}],"version-history":[{"count":5,"href":"https:\/\/www.educacionrural.org\/index.php?rest_route=\/wp\/v2\/pages\/1547\/revisions"}],"predecessor-version":[{"id":3830,"href":"https:\/\/www.educacionrural.org\/index.php?rest_route=\/wp\/v2\/pages\/1547\/revisions\/3830"}],"up":[{"embeddable":true,"href":"https:\/\/www.educacionrural.org\/index.php?rest_route=\/wp\/v2\/pages\/21"}],"wp:attachment":[{"href":"https:\/\/www.educacionrural.org\/index.php?rest_route=%2Fwp%2Fv2%2Fmedia&parent=1547"}],"curies":[{"name":"wp","href":"https:\/\/api.w.org\/{rel}","templated":true}]}}