{"id":1578,"date":"2012-12-03T17:59:12","date_gmt":"2012-12-03T19:59:12","guid":{"rendered":"http:\/\/www.educacionrural.org\/?page_id=1578"},"modified":"2017-10-09T19:00:57","modified_gmt":"2017-10-09T21:00:57","slug":"la-colonia-escolar-de-vacaciones-en-el-departamento-de-tacuarembo","status":"publish","type":"page","link":"https:\/\/www.educacionrural.org\/?page_id=1578","title":{"rendered":"Tacuaremb\u00f3 &#8211; La Colonia Escolar de Vacaciones en el departamento de Tacuaremb\u00f3"},"content":{"rendered":"<p>En un lugar paradis\u00edaco del departamento de Tacuaremb\u00f3 se encuentra el balneario Ipor\u00e1.<\/p>\n<p>En medio de ese paisaje bell\u00edsimo est\u00e1 la Colonia Escolar de Vacaciones.<\/p>\n<p><a href=\"http:\/\/www.educacionrural.org\/wp-content\/uploads\/Tacuaremb\u00f3-030.jpg\"><img loading=\"lazy\" decoding=\"async\" class=\"alignleft size-medium wp-image-1580\" style=\"float: right;\" src=\"http:\/\/www.educacionrural.org\/wp-content\/uploads\/Tacuaremb\u00f3-030-300x225.jpg\" alt=\"Tacuaremb\u00f3 030\" width=\"300\" height=\"225\" srcset=\"https:\/\/www.educacionrural.org\/wp-content\/uploads\/Tacuaremb\u00f3-030-300x225.jpg 300w, https:\/\/www.educacionrural.org\/wp-content\/uploads\/Tacuaremb\u00f3-030-1024x768.jpg 1024w\" sizes=\"auto, (max-width: 300px) 100vw, 300px\" \/><\/a><a href=\"http:\/\/www.educacionrural.org\/wp-content\/uploads\/Tacuaremb\u00f3-031.jpg\"><img loading=\"lazy\" decoding=\"async\" class=\"alignleft size-medium wp-image-1579\" src=\"http:\/\/www.educacionrural.org\/wp-content\/uploads\/Tacuaremb\u00f3-031-300x225.jpg\" alt=\"Tacuaremb\u00f3 031\" width=\"300\" height=\"225\" srcset=\"https:\/\/www.educacionrural.org\/wp-content\/uploads\/Tacuaremb\u00f3-031-300x225.jpg 300w, https:\/\/www.educacionrural.org\/wp-content\/uploads\/Tacuaremb\u00f3-031-1024x768.jpg 1024w\" sizes=\"auto, (max-width: 300px) 100vw, 300px\" \/><\/a><\/p>\n<p>&nbsp;<\/p>\n<p>&nbsp;<\/p>\n<p>&nbsp;<\/p>\n<p>&nbsp;<\/p>\n<p>&nbsp;<\/p>\n<p>&nbsp;<\/p>\n<p>&nbsp;<\/p>\n<p><iframe loading=\"lazy\" src=\"http:\/\/www.youtube.com\/embed\/zHiFiYoHBPI\" width=\"425\" height=\"350\" frameborder=\"0\"><\/iframe><\/p>\n","protected":false},"excerpt":{"rendered":"<p>En un lugar paradis\u00edaco del departamento de Tacuaremb\u00f3 se encuentra el balneario Ipor\u00e1. En medio de ese paisaje bell\u00edsimo est\u00e1 la Colonia Escolar de Vacaciones. &nbsp; &nbsp; &nbsp; &nbsp; &nbsp; &nbsp; &nbsp;<\/p>\n","protected":false},"author":2,"featured_media":0,"parent":21,"menu_order":79,"comment_status":"closed","ping_status":"closed","template":"","meta":{"footnotes":""},"class_list":["post-1578","page","type-page","status-publish"],"_links":{"self":[{"href":"https:\/\/www.educacionrural.org\/index.php?rest_route=\/wp\/v2\/pages\/1578","targetHints":{"allow":["GET"]}}],"collection":[{"href":"https:\/\/www.educacionrural.org\/index.php?rest_route=\/wp\/v2\/pages"}],"about":[{"href":"https:\/\/www.educacionrural.org\/index.php?rest_route=\/wp\/v2\/types\/page"}],"author":[{"embeddable":true,"href":"https:\/\/www.educacionrural.org\/index.php?rest_route=\/wp\/v2\/users\/2"}],"replies":[{"embeddable":true,"href":"https:\/\/www.educacionrural.org\/index.php?rest_route=%2Fwp%2Fv2%2Fcomments&post=1578"}],"version-history":[{"count":4,"href":"https:\/\/www.educacionrural.org\/index.php?rest_route=\/wp\/v2\/pages\/1578\/revisions"}],"predecessor-version":[{"id":3891,"href":"https:\/\/www.educacionrural.org\/index.php?rest_route=\/wp\/v2\/pages\/1578\/revisions\/3891"}],"up":[{"embeddable":true,"href":"https:\/\/www.educacionrural.org\/index.php?rest_route=\/wp\/v2\/pages\/21"}],"wp:attachment":[{"href":"https:\/\/www.educacionrural.org\/index.php?rest_route=%2Fwp%2Fv2%2Fmedia&parent=1578"}],"curies":[{"name":"wp","href":"https:\/\/api.w.org\/{rel}","templated":true}]}}