{"id":1582,"date":"2012-12-03T17:56:54","date_gmt":"2012-12-03T19:56:54","guid":{"rendered":"http:\/\/www.educacionrural.org\/?page_id=1582"},"modified":"2017-10-09T19:00:48","modified_gmt":"2017-10-09T21:00:48","slug":"la-colonia-escolar-de-vacaciones-en-el-balneario-ipora-departamento-de-tacuarembo","status":"publish","type":"page","link":"https:\/\/www.educacionrural.org\/?page_id=1582","title":{"rendered":"Tacuaremb\u00f3 &#8211; La Colonia Escolar de Vacaciones en el balneario Ipor\u00e1 departamento de Tacuaremb\u00f3"},"content":{"rendered":"<p><a href=\"http:\/\/www.educacionrural.org\/wp-content\/uploads\/Tacuaremb\u00f3-032.jpg\"><img loading=\"lazy\" decoding=\"async\" class=\"size-medium wp-image-1583 aligncenter\" src=\"http:\/\/www.educacionrural.org\/wp-content\/uploads\/Tacuaremb\u00f3-032-300x225.jpg\" alt=\"Tacuaremb\u00f3 032\" width=\"600\" height=\"450\" srcset=\"https:\/\/www.educacionrural.org\/wp-content\/uploads\/Tacuaremb\u00f3-032-300x225.jpg 300w, https:\/\/www.educacionrural.org\/wp-content\/uploads\/Tacuaremb\u00f3-032-1024x768.jpg 1024w\" sizes=\"auto, (max-width: 600px) 100vw, 600px\" \/><\/a><\/p>\n<p>La \u00a0Colonia Escolar de Vacaciones en el balneario Ipor\u00e1 cuenta con un \u00a0hermoso\u00a0 local.<\/p>\n<p>Es amplio y funcional. Tiene c\u00f3modas instalaciones para que los alumnos\u00a0 rurales que pasan su per\u00edodo de vacaciones all\u00ed, encuentren\u00a0 un ambiente agradable y\u00a0 acogedor.<\/p>\n<p><a href=\"http:\/\/www.educacionrural.org\/wp-content\/uploads\/Tacuaremb\u00f3-034.jpg\"><img loading=\"lazy\" decoding=\"async\" class=\"aligncenter\" src=\"http:\/\/www.educacionrural.org\/wp-content\/uploads\/Tacuaremb\u00f3-034-300x225.jpg\" alt=\"Tacuaremb\u00f3 034\" width=\"600\" height=\"450\" \/><\/a><\/p>\n<p>Los dormitorios \u00a0son luminosos y ventilados, para ni\u00f1as y para varones, en bloques diferenciados. Los gabinetes higi\u00e9nicos tienen instalaciones completas a las que se les est\u00e1n agregando\u00a0 los \u00faltimos detalles.<\/p>\n<p><a href=\"http:\/\/www.educacionrural.org\/wp-content\/uploads\/Tacuaremb\u00f3-028.jpg\"><img loading=\"lazy\" decoding=\"async\" class=\"alignleft size-medium wp-image-1585\" src=\"http:\/\/www.educacionrural.org\/wp-content\/uploads\/Tacuaremb\u00f3-028-300x225.jpg\" alt=\"Tacuaremb\u00f3 028\" width=\"300\" height=\"225\" srcset=\"https:\/\/www.educacionrural.org\/wp-content\/uploads\/Tacuaremb\u00f3-028-300x225.jpg 300w, https:\/\/www.educacionrural.org\/wp-content\/uploads\/Tacuaremb\u00f3-028-1024x768.jpg 1024w\" sizes=\"auto, (max-width: 300px) 100vw, 300px\" \/><\/a>\u00a0\u00a0\u00a0\u00a0\u00a0\u00a0 <a href=\"http:\/\/www.educacionrural.org\/wp-content\/uploads\/Tacuaremb\u00f3-025.jpg\"><img loading=\"lazy\" decoding=\"async\" class=\"alignleft size-medium wp-image-1587\" style=\"float: right;\" src=\"http:\/\/www.educacionrural.org\/wp-content\/uploads\/Tacuaremb\u00f3-025-300x225.jpg\" alt=\"Tacuaremb\u00f3 025\" width=\"300\" height=\"225\" srcset=\"https:\/\/www.educacionrural.org\/wp-content\/uploads\/Tacuaremb\u00f3-025-300x225.jpg 300w, https:\/\/www.educacionrural.org\/wp-content\/uploads\/Tacuaremb\u00f3-025-1024x768.jpg 1024w\" sizes=\"auto, (max-width: 300px) 100vw, 300px\" \/><\/a><\/p>\n<p>&nbsp;<\/p>\n<p>&nbsp;<\/p>\n<p>&nbsp;<\/p>\n<p>&nbsp;<\/p>\n<p>&nbsp;<\/p>\n<p>&nbsp;<\/p>\n<p>&nbsp;<\/p>\n<p><a href=\"http:\/\/www.educacionrural.org\/wp-content\/uploads\/Tacuaremb\u00f3-026.jpg\"><img loading=\"lazy\" decoding=\"async\" class=\"size-medium wp-image-1586 aligncenter\" src=\"http:\/\/www.educacionrural.org\/wp-content\/uploads\/Tacuaremb\u00f3-026-300x225.jpg\" alt=\"Tacuaremb\u00f3 026\" width=\"600\" height=\"450\" srcset=\"https:\/\/www.educacionrural.org\/wp-content\/uploads\/Tacuaremb\u00f3-026-300x225.jpg 300w, https:\/\/www.educacionrural.org\/wp-content\/uploads\/Tacuaremb\u00f3-026-1024x768.jpg 1024w\" sizes=\"auto, (max-width: 600px) 100vw, 600px\" \/><\/a><\/p>\n<p>El comedor\u00a0 permite albergar c\u00f3modamente a los alumnos que vacacionan y la hora del almuerzo es una oportunidad m\u00e1s de encuentros y camarader\u00eda.<\/p>\n<p><a href=\"http:\/\/www.educacionrural.org\/wp-content\/uploads\/Tacuaremb\u00f3-006.jpg\"><img loading=\"lazy\" decoding=\"async\" class=\"size-medium wp-image-1588 aligncenter\" src=\"http:\/\/www.educacionrural.org\/wp-content\/uploads\/Tacuaremb\u00f3-006-300x225.jpg\" alt=\"Tacuaremb\u00f3 006\" width=\"600\" height=\"450\" srcset=\"https:\/\/www.educacionrural.org\/wp-content\/uploads\/Tacuaremb\u00f3-006-300x225.jpg 300w, https:\/\/www.educacionrural.org\/wp-content\/uploads\/Tacuaremb\u00f3-006-1024x768.jpg 1024w\" sizes=\"auto, (max-width: 600px) 100vw, 600px\" \/><\/a><\/p>\n<p>&nbsp;<\/p>\n<p><a href=\"http:\/\/www.educacionrural.org\/wp-content\/uploads\/Tacuaremb\u00f3-004.jpg\"><img loading=\"lazy\" decoding=\"async\" class=\"size-medium wp-image-1589 aligncenter\" src=\"http:\/\/www.educacionrural.org\/wp-content\/uploads\/Tacuaremb\u00f3-004-300x225.jpg\" alt=\"Tacuaremb\u00f3 004\" width=\"600\" height=\"450\" srcset=\"https:\/\/www.educacionrural.org\/wp-content\/uploads\/Tacuaremb\u00f3-004-300x225.jpg 300w, https:\/\/www.educacionrural.org\/wp-content\/uploads\/Tacuaremb\u00f3-004-1024x768.jpg 1024w\" sizes=\"auto, (max-width: 600px) 100vw, 600px\" \/><\/a><\/p>\n<p><a href=\"http:\/\/www.educacionrural.org\/wp-content\/uploads\/Tacuaremb\u00f3-011.jpg\"><img loading=\"lazy\" decoding=\"async\" class=\"size-medium wp-image-1590 aligncenter\" src=\"http:\/\/www.educacionrural.org\/wp-content\/uploads\/Tacuaremb\u00f3-011-300x225.jpg\" alt=\"Tacuaremb\u00f3 011\" width=\"600\" height=\"450\" srcset=\"https:\/\/www.educacionrural.org\/wp-content\/uploads\/Tacuaremb\u00f3-011-300x225.jpg 300w, https:\/\/www.educacionrural.org\/wp-content\/uploads\/Tacuaremb\u00f3-011-1024x768.jpg 1024w\" sizes=\"auto, (max-width: 600px) 100vw, 600px\" \/><\/a><\/p>\n<p>En los pasillos, coloridos murales muestran al visitante las diversas actividades que se llevan adelante en la Colonia, as\u00ed como dan una idea de\u00a0 los objetivos que se persiguen con el trabajo del\u00a0 Centro.<\/p>\n<p>Los escolares cuentan, a trav\u00e9s de\u00a0 sus dibujos, lo que m\u00e1s les ha llamado la atenci\u00f3n de las recorridas por la zona que ofrece lugares bell\u00edsimos\u00a0 y novedosos para ni\u00f1os que proceden de todos los rincones del vasto departamento.<a href=\"http:\/\/www.educacionrural.org\/wp-content\/uploads\/Tacuaremb\u00f3-014.jpg\"><img loading=\"lazy\" decoding=\"async\" class=\"alignleft size-thumbnail wp-image-1594\" style=\"float: right;\" src=\"http:\/\/www.educacionrural.org\/wp-content\/uploads\/Tacuaremb\u00f3-014-290x290.jpg\" alt=\"Tacuaremb\u00f3 014\" width=\"290\" height=\"290\" \/><\/a><\/p>\n<p>Otra de las actividades que\u00a0 tiene un enorme valor educativo es la visita a los diversos\u00a0 museos que se encuentran en\u00a0 la capital del departamento.<\/p>\n<p>Llevar adelante el funcionamiento de la Colonia ha sido todo un reto para el equipo de docentes que all\u00ed trabaja.<\/p>\n<p>&nbsp;<\/p>\n<p><a href=\"http:\/\/www.educacionrural.org\/wp-content\/uploads\/Tacuaremb\u00f3-013.jpg\"><img loading=\"lazy\" decoding=\"async\" class=\"alignleft size-thumbnail wp-image-1592\" src=\"http:\/\/www.educacionrural.org\/wp-content\/uploads\/Tacuaremb\u00f3-013-290x290.jpg\" alt=\"Tacuaremb\u00f3 013\" width=\"290\" height=\"290\" \/><\/a><\/p>\n<p>En uno de los murales que encontramos en la galer\u00eda leemos:<\/p>\n<p><em><b>\u201cHemos tenido que afrontar nuevos desaf\u00edos como planificar en base a caracter\u00edsticas excepcionales de la Colonia porque debemos ineludiblemente contextualizar y tomar decisiones a nivel de planificaci\u00f3n institucional\u201d.<\/b><\/em><\/p>\n<p>Agregan adem\u00e1s \u201cque en el desarrollo del curr\u00edculum, en la pr\u00e1ctica cotidiana de la Colonia, las diferentes \u00e1reas del conocimiento y experiencias\u00a0 deber\u00e1n entrelazarse,\u00a0 complementarse y reforzarse\u00a0 mutuamente para contribuir de un modo m\u00e1s eficaz y significativo a esa labor de construcci\u00f3n y reconstrucci\u00f3n\u00a0 de los conocimientos, de los conceptos, destrezas, actitudes, valores y h\u00e1bitos\u00a0 que una sociedad considera necesarios\u00a0 para una vida m\u00e1s digna, activa, aut\u00f3noma, solidaria y democr\u00e1tica\u201d.<\/p>\n<p>Identifican a la Colonia como\u00a0 una \u201c instituci\u00f3n educativa transformadora de la cultura y de las estructuras\u201d.<\/p>\n<p>Se\u00f1alan que con el trabajo docente que all\u00ed se encara se proponen \u201cresignificar aprendizajes\u201d;\u00a0\u00a0 que el ni\u00f1o \u201caprenda a aprender\u201d, \u201caprenda a ser\u201d y \u201caprenda a hacer\u201d.<\/p>\n<p>Se le encamina para que logre ser \u201csujeto de su historia\u201d y \u201csujeto de la historia\u201d.<\/p>\n<p>Encontramos en la Colonia Escolar de Vacaciones de Ipor\u00e1 un emprendimiento original, sumamente fecundo y fermental que, fiel al esp\u00edritu de la Escuela P\u00fablica &#8211; Escuela del pueblo-, ofrece a los escolares que la visitan una experiencia vital y enriquecedora que ser\u00eda bueno multiplicar en otras zonas del medio campesino.<\/p>\n<p>&nbsp;<\/p>\n","protected":false},"excerpt":{"rendered":"<p>La \u00a0Colonia Escolar de Vacaciones en el balneario Ipor\u00e1 cuenta con un \u00a0hermoso\u00a0 local. Es amplio y funcional. Tiene c\u00f3modas instalaciones para que los alumnos\u00a0 rurales que pasan su per\u00edodo de vacaciones all\u00ed, encuentren\u00a0 un ambiente agradable y\u00a0 acogedor. Los dormitorios \u00a0son luminosos y ventilados, para ni\u00f1as y para varones, en bloques diferenciados. Los gabinetes &#8230; <a title=\"Tacuaremb\u00f3 &#8211; La Colonia Escolar de Vacaciones en el balneario Ipor\u00e1 departamento de Tacuaremb\u00f3\" class=\"read-more\" href=\"https:\/\/www.educacionrural.org\/?page_id=1582\" aria-label=\"Leer m\u00e1s sobre Tacuaremb\u00f3 &#8211; La Colonia Escolar de Vacaciones en el balneario Ipor\u00e1 departamento de Tacuaremb\u00f3\">Leer m\u00e1s<\/a><\/p>\n","protected":false},"author":2,"featured_media":0,"parent":21,"menu_order":78,"comment_status":"closed","ping_status":"closed","template":"","meta":{"footnotes":""},"class_list":["post-1582","page","type-page","status-publish"],"_links":{"self":[{"href":"https:\/\/www.educacionrural.org\/index.php?rest_route=\/wp\/v2\/pages\/1582","targetHints":{"allow":["GET"]}}],"collection":[{"href":"https:\/\/www.educacionrural.org\/index.php?rest_route=\/wp\/v2\/pages"}],"about":[{"href":"https:\/\/www.educacionrural.org\/index.php?rest_route=\/wp\/v2\/types\/page"}],"author":[{"embeddable":true,"href":"https:\/\/www.educacionrural.org\/index.php?rest_route=\/wp\/v2\/users\/2"}],"replies":[{"embeddable":true,"href":"https:\/\/www.educacionrural.org\/index.php?rest_route=%2Fwp%2Fv2%2Fcomments&post=1582"}],"version-history":[{"count":4,"href":"https:\/\/www.educacionrural.org\/index.php?rest_route=\/wp\/v2\/pages\/1582\/revisions"}],"predecessor-version":[{"id":3890,"href":"https:\/\/www.educacionrural.org\/index.php?rest_route=\/wp\/v2\/pages\/1582\/revisions\/3890"}],"up":[{"embeddable":true,"href":"https:\/\/www.educacionrural.org\/index.php?rest_route=\/wp\/v2\/pages\/21"}],"wp:attachment":[{"href":"https:\/\/www.educacionrural.org\/index.php?rest_route=%2Fwp%2Fv2%2Fmedia&parent=1582"}],"curies":[{"name":"wp","href":"https:\/\/api.w.org\/{rel}","templated":true}]}}