{"id":1605,"date":"2013-08-28T15:41:35","date_gmt":"2013-08-28T17:41:35","guid":{"rendered":"http:\/\/www.educacionrural.org\/?page_id=1605"},"modified":"2017-10-09T18:54:16","modified_gmt":"2017-10-09T20:54:16","slug":"visitamos-el-departamento-de-rio-negro","status":"publish","type":"page","link":"https:\/\/www.educacionrural.org\/?page_id=1605","title":{"rendered":"R\u00edo Negro &#8211; Visitamos el departamento de R\u00edo Negro"},"content":{"rendered":"<p>En nuestras recorridas por el Interior llegamos al departamento de R\u00edo Negro.<\/p>\n<p>En el centro de la ciudad de Fray Bentos nos encontramos con la Plaza Constituci\u00f3n y en sus alrededores pudimos apreciar el edificio de la Intendencia Municipal y la hermosa construcci\u00f3n del Museo Luis A. Solari.<\/p>\n<p>Recorrimos la rambla con la vista incomparable del r\u00edo Uruguay, sus barcazas, sus veleros y el ajetreo de la vida que en \u00e9l discurre.<\/p>\n<p><a href=\"http:\/\/www.educacionrural.org\/wp-content\/uploads\/barco.jpg\"><img loading=\"lazy\" decoding=\"async\" class=\"alignleft size-thumbnail wp-image-1606\" src=\"http:\/\/www.educacionrural.org\/wp-content\/uploads\/barco-290x290.jpg\" alt=\"barco\" width=\"290\" height=\"290\" \/><\/a>\u00a0\u00a0\u00a0\u00a0 <a href=\"http:\/\/www.educacionrural.org\/wp-content\/uploads\/barquitos.jpg\"><img loading=\"lazy\" decoding=\"async\" class=\"alignleft size-thumbnail wp-image-1607\" style=\"float: right;\" src=\"http:\/\/www.educacionrural.org\/wp-content\/uploads\/barquitos-290x290.jpg\" alt=\"barquitos\" width=\"290\" height=\"290\" \/><\/a><\/p>\n<p>&nbsp;<\/p>\n<p>&nbsp;<\/p>\n<p>&nbsp;<\/p>\n<p>&nbsp;<\/p>\n<p>&nbsp;<\/p>\n<p>&nbsp;<\/p>\n<p>&nbsp;<\/p>\n<p>&nbsp;<\/p>\n<p>&nbsp;<\/p>\n<p><a href=\"http:\/\/www.educacionrural.org\/wp-content\/uploads\/IMG_3954.jpg\"><img loading=\"lazy\" decoding=\"async\" class=\"size-thumbnail wp-image-1608 aligncenter\" src=\"http:\/\/www.educacionrural.org\/wp-content\/uploads\/IMG_3954-290x290.jpg\" alt=\"IMG_3954\" width=\"450\" height=\"450\" \/><\/a><\/p>\n<p>En el camino nos detenemos a estudiar un curioso monolito cargado de simbolismo que nos lleva a la d\u00e9cada del ochenta en el siglo XIX, y nos habla del per\u00edodo de esplendor del Frigor\u00edfico Liebig.<\/p>\n<p><a href=\"http:\/\/www.educacionrural.org\/wp-content\/uploads\/IMG_3957.jpg\"><img loading=\"lazy\" decoding=\"async\" class=\"size-thumbnail wp-image-1609 aligncenter\" src=\"http:\/\/www.educacionrural.org\/wp-content\/uploads\/IMG_3957-290x290.jpg\" alt=\"IMG_3957\" width=\"450\" height=\"450\" \/><\/a><\/p>\n<p>En el edificio del que fuera Frigor\u00edfico Anglo nos encontramos con el Museo de la Revoluci\u00f3n Industrial.<\/p>\n<p>En el r\u00edo perviven restos del viejo muelle y llaman nuestra atenci\u00f3n las gr\u00faas con base de madera, recuerdos del dinamismo de la empresa en otros tiempos.<\/p>\n<p><a href=\"http:\/\/www.educacionrural.org\/wp-content\/uploads\/IMG_3963.jpg\"><img loading=\"lazy\" decoding=\"async\" class=\"alignleft size-thumbnail wp-image-1610\" src=\"http:\/\/www.educacionrural.org\/wp-content\/uploads\/IMG_3963-290x290.jpg\" alt=\"IMG_3963\" width=\"290\" height=\"290\" \/><\/a><br \/>\n<a href=\"http:\/\/www.educacionrural.org\/wp-content\/uploads\/IMG_3969.jpg\"><img loading=\"lazy\" decoding=\"async\" class=\"alignleft size-thumbnail wp-image-1611\" style=\"float: right;\" src=\"http:\/\/www.educacionrural.org\/wp-content\/uploads\/IMG_3969-290x290.jpg\" alt=\"IMG_3969\" width=\"290\" height=\"290\" \/><\/a><\/p>\n<p>&nbsp;<\/p>\n<p>&nbsp;<\/p>\n<p>&nbsp;<\/p>\n<p>&nbsp;<\/p>\n<p>&nbsp;<\/p>\n<p>&nbsp;<\/p>\n<p>&nbsp;<\/p>\n<p>&nbsp;<\/p>\n<p>&nbsp;<\/p>\n<p><a href=\"http:\/\/www.educacionrural.org\/wp-content\/uploads\/IMG_3968.jpg\"><img loading=\"lazy\" decoding=\"async\" class=\"size-thumbnail wp-image-1612 aligncenter\" src=\"http:\/\/www.educacionrural.org\/wp-content\/uploads\/IMG_3968-290x290.jpg\" alt=\"IMG_3968\" width=\"450\" height=\"450\" \/><\/a><\/p>\n<p>Siguiendo nuestro recorrido nos dirigimos al conocido Balneario Las Ca\u00f1as. A ambos lados del camino vamos descubriendo paisajes bell\u00edsimos, agrestes, que nos inundan de paz y nos invitan al descanso.<\/p>\n<p><a href=\"http:\/\/www.educacionrural.org\/wp-content\/uploads\/camino1.jpg\"><img loading=\"lazy\" decoding=\"async\" class=\"alignleft size-thumbnail wp-image-1613\" src=\"http:\/\/www.educacionrural.org\/wp-content\/uploads\/camino1-290x290.jpg\" alt=\"camino\" width=\"290\" height=\"290\" \/><\/a>\u00a0\u00a0<a href=\"http:\/\/www.educacionrural.org\/wp-content\/uploads\/IMG_3983.jpg\"><img loading=\"lazy\" decoding=\"async\" class=\"alignleft size-thumbnail wp-image-1614\" style=\"float: right;\" src=\"http:\/\/www.educacionrural.org\/wp-content\/uploads\/IMG_3983-290x290.jpg\" alt=\"IMG_3983\" width=\"290\" height=\"290\" \/><\/a><\/p>\n<p>&nbsp;<\/p>\n<p>&nbsp;<\/p>\n<p>&nbsp;<\/p>\n<p>&nbsp;<\/p>\n<p>&nbsp;<\/p>\n<p>&nbsp;<\/p>\n<p>&nbsp;<\/p>\n<p>&nbsp;<\/p>\n<p><a href=\"http:\/\/www.educacionrural.org\/wp-content\/uploads\/IMG_3977.jpg\"><img loading=\"lazy\" decoding=\"async\" class=\"size-thumbnail wp-image-1616 aligncenter\" src=\"http:\/\/www.educacionrural.org\/wp-content\/uploads\/IMG_3977-290x290.jpg\" alt=\"IMG_3977\" width=\"512\" height=\"512\" \/><\/a><\/p>\n<p>Llegamos a nuestro destino a poco de cruzar el puente sobre el arroyo Fray Bentos y nos encontramos con Las Ca\u00f1as, lugar ideal para el descanso que ofrece variada vegetaci\u00f3n y calmas playas sobre el r\u00edo.<\/p>\n<p><a href=\"http:\/\/www.educacionrural.org\/wp-content\/uploads\/IMG_4007.jpg\"><img loading=\"lazy\" decoding=\"async\" class=\"size-thumbnail wp-image-1617 aligncenter\" src=\"http:\/\/www.educacionrural.org\/wp-content\/uploads\/IMG_4007-290x290.jpg\" alt=\"IMG_4007\" width=\"450\" height=\"450\" \/><\/a><\/p>\n<p><a href=\"http:\/\/www.educacionrural.org\/wp-content\/uploads\/IMG_4011.jpg\"><img loading=\"lazy\" decoding=\"async\" class=\"size-thumbnail wp-image-1618 aligncenter\" src=\"http:\/\/www.educacionrural.org\/wp-content\/uploads\/IMG_4011-290x290.jpg\" alt=\"IMG_4011\" width=\"450\" height=\"450\" \/><\/a><\/p>\n<p>En la Inspecci\u00f3n Departamental fuimos cordialmente acogidos por la Sra. Secretaria y por el maestro CAPDER Milton Podkidaylo. La Sra. Inspectora maestra Celeste Cruz se encontraba en Montevideo en un encuentro de docentes por lo que no tuvimos oportunidad de conocerla.<\/p>\n<p>En el video que ofrecemos podemos conocer parte de la fecunda obra que se est\u00e1 realizando en R\u00edo Negro. (<a href=\"http:\/\/www.educacionrural.org\/?page_id=2280\">Entrevista al Maestro CAPDER<\/a>)<\/p>\n<p>Nos fuimos de Fray Bentos reafirmando nuestra convicci\u00f3n de que en el Interior, en los medios campesinos, se trabaja y se crea. Se defiende la obra de la Escuela P\u00fablica y la ya vieja consigna \u201chacia una escuela rural mejor\u201d ha renacido en nuevos sembradores que escriben la historia de hoy con sus ra\u00edces firmes en el pasado que los nutre.<br \/>\n<a href=\"http:\/\/www.artcreative.me\" target=\"_blank\" rel=\"noopener\"><br \/>\n<\/a><\/p>\n<p>&nbsp;<\/p>\n<p>&nbsp;<\/p>\n<p>&nbsp;<\/p>\n","protected":false},"excerpt":{"rendered":"<p>En nuestras recorridas por el Interior llegamos al departamento de R\u00edo Negro. En el centro de la ciudad de Fray Bentos nos encontramos con la Plaza Constituci\u00f3n y en sus alrededores pudimos apreciar el edificio de la Intendencia Municipal y la hermosa construcci\u00f3n del Museo Luis A. Solari. Recorrimos la rambla con la vista incomparable &#8230; <a title=\"R\u00edo Negro &#8211; Visitamos el departamento de R\u00edo Negro\" class=\"read-more\" href=\"https:\/\/www.educacionrural.org\/?page_id=1605\" aria-label=\"Leer m\u00e1s sobre R\u00edo Negro &#8211; Visitamos el departamento de R\u00edo Negro\">Leer m\u00e1s<\/a><\/p>\n","protected":false},"author":2,"featured_media":0,"parent":21,"menu_order":59,"comment_status":"closed","ping_status":"closed","template":"","meta":{"footnotes":""},"class_list":["post-1605","page","type-page","status-publish"],"_links":{"self":[{"href":"https:\/\/www.educacionrural.org\/index.php?rest_route=\/wp\/v2\/pages\/1605","targetHints":{"allow":["GET"]}}],"collection":[{"href":"https:\/\/www.educacionrural.org\/index.php?rest_route=\/wp\/v2\/pages"}],"about":[{"href":"https:\/\/www.educacionrural.org\/index.php?rest_route=\/wp\/v2\/types\/page"}],"author":[{"embeddable":true,"href":"https:\/\/www.educacionrural.org\/index.php?rest_route=\/wp\/v2\/users\/2"}],"replies":[{"embeddable":true,"href":"https:\/\/www.educacionrural.org\/index.php?rest_route=%2Fwp%2Fv2%2Fcomments&post=1605"}],"version-history":[{"count":8,"href":"https:\/\/www.educacionrural.org\/index.php?rest_route=\/wp\/v2\/pages\/1605\/revisions"}],"predecessor-version":[{"id":3873,"href":"https:\/\/www.educacionrural.org\/index.php?rest_route=\/wp\/v2\/pages\/1605\/revisions\/3873"}],"up":[{"embeddable":true,"href":"https:\/\/www.educacionrural.org\/index.php?rest_route=\/wp\/v2\/pages\/21"}],"wp:attachment":[{"href":"https:\/\/www.educacionrural.org\/index.php?rest_route=%2Fwp%2Fv2%2Fmedia&parent=1605"}],"curies":[{"name":"wp","href":"https:\/\/api.w.org\/{rel}","templated":true}]}}