{"id":1630,"date":"2013-04-03T18:06:33","date_gmt":"2013-04-03T20:06:33","guid":{"rendered":"http:\/\/www.educacionrural.org\/?page_id=1630"},"modified":"2017-10-09T18:43:00","modified_gmt":"2017-10-09T20:43:00","slug":"visitamos-el-departamento-de-florida","status":"publish","type":"page","link":"https:\/\/www.educacionrural.org\/?page_id=1630","title":{"rendered":"Florida &#8211; Visitamos el Departamento de Florida"},"content":{"rendered":"<p><a href=\"http:\/\/www.educacionrural.org\/wp-content\/uploads\/Florida-0141.jpg\"><iframe loading=\"lazy\" src=\"http:\/\/www.youtube.com\/embed\/YN04aenDrxk\" width=\"425\" height=\"350\" frameborder=\"0\"><\/iframe><\/a><\/p>\n<p>&nbsp;<\/p>\n<p><a href=\"http:\/\/www.educacionrural.org\/wp-content\/uploads\/Florida-0141.jpg\"><img loading=\"lazy\" decoding=\"async\" class=\"size-thumbnail wp-image-1628 aligncenter\" style=\"float: left;\" src=\"http:\/\/www.educacionrural.org\/wp-content\/uploads\/Florida-0141-290x290.jpg\" alt=\"Florida 014\" width=\"450\" height=\"450\" \/><\/a><\/p>\n<p>&nbsp;<\/p>\n<p>&nbsp;<\/p>\n<p>&nbsp;<\/p>\n<p>&nbsp;<\/p>\n<p>&nbsp;<\/p>\n<p>&nbsp;<\/p>\n<p>&nbsp;<\/p>\n<p>&nbsp;<\/p>\n<p>&nbsp;<\/p>\n<p>&nbsp;<\/p>\n<p>&nbsp;<\/p>\n<p>&nbsp;<\/p>\n<p>&nbsp;<\/p>\n<p>&nbsp;<\/p>\n<p><a href=\"http:\/\/www.educacionrural.org\/wp-content\/uploads\/Florida-010.jpg\"><img loading=\"lazy\" decoding=\"async\" class=\"alignnone size-large wp-image-1632\" src=\"http:\/\/www.educacionrural.org\/wp-content\/uploads\/Florida-010-1024x768.jpg\" alt=\"Florida 010\" width=\"445\" height=\"333\" srcset=\"https:\/\/www.educacionrural.org\/wp-content\/uploads\/Florida-010-1024x768.jpg 1024w, https:\/\/www.educacionrural.org\/wp-content\/uploads\/Florida-010-300x225.jpg 300w\" sizes=\"auto, (max-width: 445px) 100vw, 445px\" \/><\/a><\/p>\n<p><a href=\"http:\/\/www.educacionrural.org\/wp-content\/uploads\/Florida-009.jpg\"><img loading=\"lazy\" decoding=\"async\" class=\"alignnone size-large wp-image-1631\" src=\"http:\/\/www.educacionrural.org\/wp-content\/uploads\/Florida-009-1024x768.jpg\" alt=\"Florida 009\" width=\"448\" height=\"335\" srcset=\"https:\/\/www.educacionrural.org\/wp-content\/uploads\/Florida-009-1024x768.jpg 1024w, https:\/\/www.educacionrural.org\/wp-content\/uploads\/Florida-009-300x225.jpg 300w\" sizes=\"auto, (max-width: 448px) 100vw, 448px\" \/><\/a><\/p>\n<p>Visitamos Florida.<\/p>\n<p>Tuvimos una primera entrevista con la Sra. Inspectora Departamental Maestra Rosario Cora y con el Maestro CAPDER Hugo N\u00fa\u00f1ez.<\/p>\n<p><a href=\"http:\/\/www.educacionrural.org\/wp-content\/uploads\/Florida-002.jpg\"><img loading=\"lazy\" decoding=\"async\" class=\"size-thumbnail wp-image-1633 aligncenter\" style=\"float: left;\" src=\"http:\/\/www.educacionrural.org\/wp-content\/uploads\/Florida-002-290x290.jpg\" alt=\"Florida 002\" width=\"450\" height=\"450\" \/><\/a><\/p>\n<p>&nbsp;<\/p>\n<p>&nbsp;<\/p>\n<p>&nbsp;<\/p>\n<p>&nbsp;<\/p>\n<p>&nbsp;<\/p>\n<p>&nbsp;<\/p>\n<p>&nbsp;<\/p>\n<p>&nbsp;<\/p>\n<p>&nbsp;<\/p>\n<p>&nbsp;<\/p>\n<p>&nbsp;<\/p>\n<p>&nbsp;<\/p>\n<p>&nbsp;<\/p>\n<p>&nbsp;<\/p>\n<p>Nos presentaron un panorama general de la realidad educativa del departamento y conocimos los emprendimientos que est\u00e1n en marcha y los proyectos que se llevar\u00e1n adelante en el presente a\u00f1o.<\/p>\n<p>Supimos que en Florida el Movimiento de Educaci\u00f3n Rural se mantuvo firme a trav\u00e9s del tiempo y hallamos experiencias que nos revelan el compromiso y la entrega con las que enfrentan los maestros campesinos las dificultades que atraviesan algunas escuelas de la zona.<\/p>\n<p>Sobre ellas profundizaremos en una pr\u00f3xima visita.<\/p>\n<p><a href=\"http:\/\/www.educacionrural.org\/wp-content\/uploads\/costado_inspeccion.jpg\"><img loading=\"lazy\" decoding=\"async\" class=\"alignleft size-thumbnail wp-image-1635\" src=\"http:\/\/www.educacionrural.org\/wp-content\/uploads\/costado_inspeccion-290x290.jpg\" alt=\"costado_inspeccion\" width=\"290\" height=\"290\" \/><\/a>\u00a0\u00a0\u00a0\u00a0\u00a0\u00a0\u00a0\u00a0\u00a0\u00a0\u00a0\u00a0 <a href=\"http:\/\/www.educacionrural.org\/wp-content\/uploads\/entrada_inspreccion.jpg\"><img loading=\"lazy\" decoding=\"async\" class=\"alignleft size-thumbnail wp-image-1636\" style=\"float: right;\" src=\"http:\/\/www.educacionrural.org\/wp-content\/uploads\/entrada_inspreccion-290x290.jpg\" alt=\"entrada_inspreccion\" width=\"290\" height=\"290\" \/><\/a><\/p>\n","protected":false},"excerpt":{"rendered":"<p>&nbsp; &nbsp; &nbsp; &nbsp; &nbsp; &nbsp; &nbsp; &nbsp; &nbsp; &nbsp; &nbsp; &nbsp; &nbsp; &nbsp; &nbsp; Visitamos Florida. Tuvimos una primera entrevista con la Sra. Inspectora Departamental Maestra Rosario Cora y con el Maestro CAPDER Hugo N\u00fa\u00f1ez. &nbsp; &nbsp; &nbsp; &nbsp; &nbsp; &nbsp; &nbsp; &nbsp; &nbsp; &nbsp; &nbsp; &nbsp; &nbsp; &nbsp; Nos presentaron un panorama general &#8230; <a title=\"Florida &#8211; Visitamos el Departamento de Florida\" class=\"read-more\" href=\"https:\/\/www.educacionrural.org\/?page_id=1630\" aria-label=\"Leer m\u00e1s sobre Florida &#8211; Visitamos el Departamento de Florida\">Leer m\u00e1s<\/a><\/p>\n","protected":false},"author":2,"featured_media":0,"parent":21,"menu_order":44,"comment_status":"closed","ping_status":"closed","template":"","meta":{"footnotes":""},"class_list":["post-1630","page","type-page","status-publish"],"_links":{"self":[{"href":"https:\/\/www.educacionrural.org\/index.php?rest_route=\/wp\/v2\/pages\/1630","targetHints":{"allow":["GET"]}}],"collection":[{"href":"https:\/\/www.educacionrural.org\/index.php?rest_route=\/wp\/v2\/pages"}],"about":[{"href":"https:\/\/www.educacionrural.org\/index.php?rest_route=\/wp\/v2\/types\/page"}],"author":[{"embeddable":true,"href":"https:\/\/www.educacionrural.org\/index.php?rest_route=\/wp\/v2\/users\/2"}],"replies":[{"embeddable":true,"href":"https:\/\/www.educacionrural.org\/index.php?rest_route=%2Fwp%2Fv2%2Fcomments&post=1630"}],"version-history":[{"count":6,"href":"https:\/\/www.educacionrural.org\/index.php?rest_route=\/wp\/v2\/pages\/1630\/revisions"}],"predecessor-version":[{"id":3858,"href":"https:\/\/www.educacionrural.org\/index.php?rest_route=\/wp\/v2\/pages\/1630\/revisions\/3858"}],"up":[{"embeddable":true,"href":"https:\/\/www.educacionrural.org\/index.php?rest_route=\/wp\/v2\/pages\/21"}],"wp:attachment":[{"href":"https:\/\/www.educacionrural.org\/index.php?rest_route=%2Fwp%2Fv2%2Fmedia&parent=1630"}],"curies":[{"name":"wp","href":"https:\/\/api.w.org\/{rel}","templated":true}]}}