{"id":1695,"date":"2013-04-19T14:42:03","date_gmt":"2013-04-19T16:42:03","guid":{"rendered":"http:\/\/www.educacionrural.org\/?page_id=1695"},"modified":"2017-10-09T18:22:11","modified_gmt":"2017-10-09T20:22:11","slug":"internado-rural-de-paso-farias","status":"publish","type":"page","link":"https:\/\/www.educacionrural.org\/?page_id=1695","title":{"rendered":"Artigas &#8211; Internado Rural de Paso Far\u00edas"},"content":{"rendered":"<p>&nbsp;<\/p>\n<p><a href=\"http:\/\/www.educacionrural.org\/wp-content\/uploads\/IMG_4129.jpg\"><img loading=\"lazy\" decoding=\"async\" class=\"size-medium wp-image-1699 aligncenter\" src=\"http:\/\/www.educacionrural.org\/wp-content\/uploads\/IMG_4129-300x225.jpg\" alt=\"IMG_4129\" width=\"600\" height=\"450\" srcset=\"https:\/\/www.educacionrural.org\/wp-content\/uploads\/IMG_4129-300x225.jpg 300w, https:\/\/www.educacionrural.org\/wp-content\/uploads\/IMG_4129-1024x768.jpg 1024w\" sizes=\"auto, (max-width: 600px) 100vw, 600px\" \/><\/a><\/p>\n<p>&nbsp;<\/p>\n<p><iframe loading=\"lazy\" src=\"http:\/\/www.youtube.com\/embed\/7_faqumxTaA\" width=\"425\" height=\"350\" frameborder=\"0\"><\/iframe><\/p>\n<p>En el kil\u00f3metro 58.500 de la ruta 30 se encuentra la Escuela N\u00ba 60, que funciona como Internado Rural.<\/p>\n<p><a href=\"http:\/\/www.educacionrural.org\/wp-content\/uploads\/IMG_4144.jpg\"><img loading=\"lazy\" decoding=\"async\" class=\"alignleft size-medium wp-image-1697\" src=\"http:\/\/www.educacionrural.org\/wp-content\/uploads\/IMG_4144-300x225.jpg\" alt=\"IMG_4144\" width=\"300\" height=\"225\" srcset=\"https:\/\/www.educacionrural.org\/wp-content\/uploads\/IMG_4144-300x225.jpg 300w, https:\/\/www.educacionrural.org\/wp-content\/uploads\/IMG_4144-1024x768.jpg 1024w\" sizes=\"auto, (max-width: 300px) 100vw, 300px\" \/><\/a>\u00a0\u00a0\u00a0 \u00a0<a href=\"http:\/\/www.educacionrural.org\/wp-content\/uploads\/IMG_4146.jpg\"><img loading=\"lazy\" decoding=\"async\" class=\"alignleft size-medium wp-image-1698\" style=\"float: right;\" src=\"http:\/\/www.educacionrural.org\/wp-content\/uploads\/IMG_4146-300x225.jpg\" alt=\"IMG_4146\" width=\"300\" height=\"225\" srcset=\"https:\/\/www.educacionrural.org\/wp-content\/uploads\/IMG_4146-300x225.jpg 300w, https:\/\/www.educacionrural.org\/wp-content\/uploads\/IMG_4146-1024x768.jpg 1024w\" sizes=\"auto, (max-width: 300px) 100vw, 300px\" \/><\/a><\/p>\n<p>&nbsp;<\/p>\n<p>&nbsp;<\/p>\n<p>&nbsp;<\/p>\n<p>&nbsp;<\/p>\n<p>&nbsp;<\/p>\n<p>&nbsp;<\/p>\n<p>Este centro docente inici\u00f3 sus actividades como escuela de maestro \u00fanico. En la d\u00e9cada del cincuenta del siglo pasado y atendiendo las necesidades de la poblaci\u00f3n de la zona de influencia, se transform\u00f3 en un Internado rural.<\/p>\n<p>Los ni\u00f1os viven en la Escuela de lunes a viernes y el horario se divide en dos turnos<strong>:<\/strong> desde las 8.30 a las 13.30 los maestros dictan clase desde inicial a sexto a\u00f1o. Luego del almuerzo se desarrollan actividades extracurriculares, se realizan los deberes, se organizan juegos y otras labores que tienden, en todo momento, a que los alumnos adquieran buenos h\u00e1bitos, a que convivan en un ambiente de respeto a sus pares y, como reafirma la Directora Maestra Teresita L\u00f3pez, \u201cque aprendan a ser ni\u00f1os felices\u201d.<\/p>\n<p>Se tiene especial cuidado en la higiene de los internos siendo los maestros los que dirigen y controlan el ba\u00f1o cotidiano y el lavado de cabeza semanal.<\/p>\n<p>A las 20 y 30 horas los ni\u00f1os se acuestan y permanecen bajo el control y el acompa\u00f1amiento de la Directora y otros docentes.<\/p>\n<p>El local se ha ido ampliando para cubrir los requerimientos de un Instituto en el que deben convivir varias decenas de ni\u00f1os de diferentes edades y de ambos sexos.<\/p>\n<p>Aqu\u00ed ha sido decisiva la creatividad y el empuje de la Directora. Las carencias son muchas y se est\u00e1 estudiando la remodelaci\u00f3n de la cocina y los ba\u00f1os que est\u00e1n en condiciones bastante precarias.<\/p>\n<p><a href=\"http:\/\/www.educacionrural.org\/wp-content\/uploads\/IMG_4158.jpg\"><img loading=\"lazy\" decoding=\"async\" class=\"alignleft size-medium wp-image-1701\" src=\"http:\/\/www.educacionrural.org\/wp-content\/uploads\/IMG_4158-300x225.jpg\" alt=\"IMG_4158\" width=\"300\" height=\"225\" srcset=\"https:\/\/www.educacionrural.org\/wp-content\/uploads\/IMG_4158-300x225.jpg 300w, https:\/\/www.educacionrural.org\/wp-content\/uploads\/IMG_4158-1024x768.jpg 1024w\" sizes=\"auto, (max-width: 300px) 100vw, 300px\" \/><\/a>\u00a0\u00a0\u00a0\u00a0\u00a0\u00a0\u00a0 <a href=\"http:\/\/www.educacionrural.org\/wp-content\/uploads\/IMG_4160.jpg\"><img loading=\"lazy\" decoding=\"async\" class=\"alignleft size-medium wp-image-1702\" style=\"float: right;\" src=\"http:\/\/www.educacionrural.org\/wp-content\/uploads\/IMG_4160-300x225.jpg\" alt=\"IMG_4160\" width=\"300\" height=\"225\" srcset=\"https:\/\/www.educacionrural.org\/wp-content\/uploads\/IMG_4160-300x225.jpg 300w, https:\/\/www.educacionrural.org\/wp-content\/uploads\/IMG_4160-1024x768.jpg 1024w\" sizes=\"auto, (max-width: 300px) 100vw, 300px\" \/><\/a><\/p>\n<p>&nbsp;<\/p>\n<p>&nbsp;<\/p>\n<p>&nbsp;<\/p>\n<p>&nbsp;<\/p>\n<p>&nbsp;<\/p>\n<p>&nbsp;<\/p>\n<p>Las duchas cuentan con dos calefones pero ambos tienen desperfectos que determinan que no se puedan usar. Se ha dado soluci\u00f3n al problema en forma transitoria habilitando la conexi\u00f3n a un tanque en el que se calienta agua mediante un fuego permanentemente encendido.<\/p>\n<p><a href=\"http:\/\/www.educacionrural.org\/wp-content\/uploads\/IMG_4148.jpg\"><img loading=\"lazy\" decoding=\"async\" class=\"size-medium wp-image-1703 aligncenter\" style=\"vertical-align: middle;\" src=\"http:\/\/www.educacionrural.org\/wp-content\/uploads\/IMG_4148-225x300.jpg\" alt=\"IMG_4148\" width=\"225\" height=\"300\" srcset=\"https:\/\/www.educacionrural.org\/wp-content\/uploads\/IMG_4148-225x300.jpg 225w, https:\/\/www.educacionrural.org\/wp-content\/uploads\/IMG_4148-768x1024.jpg 768w\" sizes=\"auto, (max-width: 225px) 100vw, 225px\" \/><\/a><\/p>\n<p>Los dormitorios de las ni\u00f1as y de los varones cuentan con artefactos de aire acondicionado.<\/p>\n<p><a href=\"http:\/\/www.educacionrural.org\/wp-content\/uploads\/IMG_4167.jpg\"><img loading=\"lazy\" decoding=\"async\" class=\"alignleft size-medium wp-image-1704\" src=\"http:\/\/www.educacionrural.org\/wp-content\/uploads\/IMG_4167-300x225.jpg\" alt=\"IMG_4167\" width=\"300\" height=\"225\" srcset=\"https:\/\/www.educacionrural.org\/wp-content\/uploads\/IMG_4167-300x225.jpg 300w, https:\/\/www.educacionrural.org\/wp-content\/uploads\/IMG_4167-1024x768.jpg 1024w\" sizes=\"auto, (max-width: 300px) 100vw, 300px\" \/><\/a>\u00a0\u00a0\u00a0\u00a0\u00a0\u00a0\u00a0\u00a0\u00a0 <a href=\"http:\/\/www.educacionrural.org\/wp-content\/uploads\/IMG_4166.jpg\"><img loading=\"lazy\" decoding=\"async\" class=\"alignleft size-medium wp-image-1705\" style=\"float: right;\" src=\"http:\/\/www.educacionrural.org\/wp-content\/uploads\/IMG_4166-300x225.jpg\" alt=\"IMG_4166\" width=\"300\" height=\"225\" srcset=\"https:\/\/www.educacionrural.org\/wp-content\/uploads\/IMG_4166-300x225.jpg 300w, https:\/\/www.educacionrural.org\/wp-content\/uploads\/IMG_4166-1024x768.jpg 1024w\" sizes=\"auto, (max-width: 300px) 100vw, 300px\" \/><\/a><\/p>\n<p>&nbsp;<\/p>\n<p>&nbsp;<\/p>\n<p>&nbsp;<\/p>\n<p>&nbsp;<\/p>\n<p>&nbsp;<\/p>\n<p>&nbsp;<\/p>\n<p>&nbsp;<\/p>\n<p><a href=\"http:\/\/www.educacionrural.org\/wp-content\/uploads\/IMG_4168.jpg\"><img loading=\"lazy\" decoding=\"async\" class=\"alignleft size-medium wp-image-1706\" src=\"http:\/\/www.educacionrural.org\/wp-content\/uploads\/IMG_4168-300x225.jpg\" alt=\"IMG_4168\" width=\"300\" height=\"225\" srcset=\"https:\/\/www.educacionrural.org\/wp-content\/uploads\/IMG_4168-300x225.jpg 300w, https:\/\/www.educacionrural.org\/wp-content\/uploads\/IMG_4168-1024x768.jpg 1024w\" sizes=\"auto, (max-width: 300px) 100vw, 300px\" \/><\/a>\u00a0\u00a0\u00a0\u00a0\u00a0\u00a0\u00a0\u00a0\u00a0\u00a0\u00a0\u00a0\u00a0\u00a0 <a href=\"http:\/\/www.educacionrural.org\/wp-content\/uploads\/IMG_4165.jpg\"><img loading=\"lazy\" decoding=\"async\" class=\"alignleft size-medium wp-image-1707\" style=\"float: right;\" src=\"http:\/\/www.educacionrural.org\/wp-content\/uploads\/IMG_4165-300x225.jpg\" alt=\"IMG_4165\" width=\"300\" height=\"225\" srcset=\"https:\/\/www.educacionrural.org\/wp-content\/uploads\/IMG_4165-300x225.jpg 300w, https:\/\/www.educacionrural.org\/wp-content\/uploads\/IMG_4165-1024x768.jpg 1024w\" sizes=\"auto, (max-width: 300px) 100vw, 300px\" \/><\/a><\/p>\n<p>&nbsp;<\/p>\n<p>&nbsp;<\/p>\n<p>&nbsp;<\/p>\n<p>&nbsp;<\/p>\n<p>&nbsp;<\/p>\n<p>&nbsp;<\/p>\n<p>&nbsp;<\/p>\n<p>Llegamos al Internado un d\u00eda lunes y los alumnos presentes hab\u00edan terminado de almorzar. Faltaban algunos internos que ir\u00edan llegando por distintos medios en el correr del d\u00eda.<\/p>\n<p>El comedor es amplio y sus columnas han sido decoradas por los ni\u00f1os.<\/p>\n<p><a href=\"http:\/\/www.educacionrural.org\/wp-content\/uploads\/IMG_4154.jpg\"><img loading=\"lazy\" decoding=\"async\" class=\"alignleft size-medium wp-image-1708\" src=\"http:\/\/www.educacionrural.org\/wp-content\/uploads\/IMG_4154-225x300.jpg\" alt=\"IMG_4154\" width=\"225\" height=\"300\" srcset=\"https:\/\/www.educacionrural.org\/wp-content\/uploads\/IMG_4154-225x300.jpg 225w, https:\/\/www.educacionrural.org\/wp-content\/uploads\/IMG_4154-768x1024.jpg 768w\" sizes=\"auto, (max-width: 225px) 100vw, 225px\" \/><\/a>\u00a0\u00a0\u00a0\u00a0\u00a0\u00a0\u00a0\u00a0\u00a0\u00a0\u00a0\u00a0\u00a0\u00a0\u00a0\u00a0\u00a0\u00a0\u00a0\u00a0\u00a0\u00a0\u00a0\u00a0 <a href=\"http:\/\/www.educacionrural.org\/wp-content\/uploads\/IMG_4155.jpg\"><img loading=\"lazy\" decoding=\"async\" class=\"alignleft size-medium wp-image-1709\" style=\"float: right;\" src=\"http:\/\/www.educacionrural.org\/wp-content\/uploads\/IMG_4155-225x300.jpg\" alt=\"IMG_4155\" width=\"225\" height=\"300\" srcset=\"https:\/\/www.educacionrural.org\/wp-content\/uploads\/IMG_4155-225x300.jpg 225w, https:\/\/www.educacionrural.org\/wp-content\/uploads\/IMG_4155-768x1024.jpg 768w\" sizes=\"auto, (max-width: 225px) 100vw, 225px\" \/><\/a><\/p>\n<p>&nbsp;<\/p>\n<p>&nbsp;<\/p>\n<p>&nbsp;<\/p>\n<p>&nbsp;<\/p>\n<p>&nbsp;<\/p>\n<p>&nbsp;<\/p>\n<p>&nbsp;<\/p>\n<p>&nbsp;<\/p>\n<p>&nbsp;<\/p>\n<p>Luego de lavarse los dientes los ni\u00f1os volvieron a sus salones a proseguir las clases.<\/p>\n<p><a href=\"http:\/\/www.educacionrural.org\/wp-content\/uploads\/IMG_4170.jpg\"><img loading=\"lazy\" decoding=\"async\" class=\"size-medium wp-image-1710 aligncenter\" src=\"http:\/\/www.educacionrural.org\/wp-content\/uploads\/IMG_4170-300x225.jpg\" alt=\"IMG_4170\" width=\"600\" height=\"450\" srcset=\"https:\/\/www.educacionrural.org\/wp-content\/uploads\/IMG_4170-300x225.jpg 300w, https:\/\/www.educacionrural.org\/wp-content\/uploads\/IMG_4170-1024x768.jpg 1024w\" sizes=\"auto, (max-width: 600px) 100vw, 600px\" \/><\/a><\/p>\n<p><a href=\"http:\/\/www.educacionrural.org\/wp-content\/uploads\/IMG_4171.jpg\"><img loading=\"lazy\" decoding=\"async\" class=\"alignleft size-medium wp-image-1711\" src=\"http:\/\/www.educacionrural.org\/wp-content\/uploads\/IMG_4171-300x225.jpg\" alt=\"IMG_4171\" width=\"300\" height=\"225\" srcset=\"https:\/\/www.educacionrural.org\/wp-content\/uploads\/IMG_4171-300x225.jpg 300w, https:\/\/www.educacionrural.org\/wp-content\/uploads\/IMG_4171-1024x768.jpg 1024w\" sizes=\"auto, (max-width: 300px) 100vw, 300px\" \/><\/a>\u00a0\u00a0\u00a0\u00a0\u00a0\u00a0\u00a0\u00a0\u00a0\u00a0\u00a0\u00a0\u00a0\u00a0\u00a0\u00a0\u00a0\u00a0 <a href=\"http:\/\/www.educacionrural.org\/wp-content\/uploads\/IMG_4172.jpg\"><img loading=\"lazy\" decoding=\"async\" class=\"alignleft size-medium wp-image-1712\" style=\"float: right;\" src=\"http:\/\/www.educacionrural.org\/wp-content\/uploads\/IMG_4172-300x225.jpg\" alt=\"IMG_4172\" width=\"300\" height=\"225\" srcset=\"https:\/\/www.educacionrural.org\/wp-content\/uploads\/IMG_4172-300x225.jpg 300w, https:\/\/www.educacionrural.org\/wp-content\/uploads\/IMG_4172-1024x768.jpg 1024w\" sizes=\"auto, (max-width: 300px) 100vw, 300px\" \/><\/a><\/p>\n<p>&nbsp;<\/p>\n<p>&nbsp;<\/p>\n<p>&nbsp;<\/p>\n<p>&nbsp;<\/p>\n<p>&nbsp;<\/p>\n<p>&nbsp;<\/p>\n<p>&nbsp;<\/p>\n<p><a href=\"http:\/\/www.educacionrural.org\/wp-content\/uploads\/IMG_4174.jpg\"><img loading=\"lazy\" decoding=\"async\" class=\"alignleft size-medium wp-image-1713\" src=\"http:\/\/www.educacionrural.org\/wp-content\/uploads\/IMG_4174-300x225.jpg\" alt=\"IMG_4174\" width=\"300\" height=\"225\" srcset=\"https:\/\/www.educacionrural.org\/wp-content\/uploads\/IMG_4174-300x225.jpg 300w, https:\/\/www.educacionrural.org\/wp-content\/uploads\/IMG_4174-1024x768.jpg 1024w\" sizes=\"auto, (max-width: 300px) 100vw, 300px\" \/><\/a>\u00a0\u00a0\u00a0\u00a0\u00a0\u00a0\u00a0\u00a0\u00a0\u00a0\u00a0\u00a0\u00a0\u00a0\u00a0\u00a0\u00a0\u00a0 <a href=\"http:\/\/www.educacionrural.org\/wp-content\/uploads\/IMG_4175.jpg\"><img loading=\"lazy\" decoding=\"async\" class=\"alignleft size-medium wp-image-1714\" style=\"float: right;\" src=\"http:\/\/www.educacionrural.org\/wp-content\/uploads\/IMG_4175-300x225.jpg\" alt=\"IMG_4175\" width=\"300\" height=\"225\" srcset=\"https:\/\/www.educacionrural.org\/wp-content\/uploads\/IMG_4175-300x225.jpg 300w, https:\/\/www.educacionrural.org\/wp-content\/uploads\/IMG_4175-1024x768.jpg 1024w\" sizes=\"auto, (max-width: 300px) 100vw, 300px\" \/><\/a><\/p>\n<p>&nbsp;<\/p>\n<p>&nbsp;<\/p>\n<p>&nbsp;<\/p>\n<p>&nbsp;<\/p>\n<p>&nbsp;<\/p>\n<p>&nbsp;<\/p>\n<p>&nbsp;<\/p>\n<p><a href=\"http:\/\/www.educacionrural.org\/wp-content\/uploads\/IMG_4152.jpg\"><img loading=\"lazy\" decoding=\"async\" class=\"size-medium wp-image-1715 aligncenter\" src=\"http:\/\/www.educacionrural.org\/wp-content\/uploads\/IMG_4152-300x225.jpg\" alt=\"IMG_4152\" width=\"600\" height=\"450\" srcset=\"https:\/\/www.educacionrural.org\/wp-content\/uploads\/IMG_4152-300x225.jpg 300w, https:\/\/www.educacionrural.org\/wp-content\/uploads\/IMG_4152-1024x768.jpg 1024w\" sizes=\"auto, (max-width: 600px) 100vw, 600px\" \/><\/a><\/p>\n<p>Muchos de los escolares se hab\u00edan quitado la t\u00fanica prepar\u00e1ndose para la clase de Educaci\u00f3n F\u00edsica que tendr\u00eda lugar \u201cen un ratito\u201d.<\/p>\n<p><a href=\"http:\/\/www.educacionrural.org\/wp-content\/uploads\/IMG_4182.jpg\"><img loading=\"lazy\" decoding=\"async\" class=\"size-medium wp-image-1716 aligncenter\" src=\"http:\/\/www.educacionrural.org\/wp-content\/uploads\/IMG_4182-300x225.jpg\" alt=\"IMG_4182\" width=\"600\" height=\"450\" srcset=\"https:\/\/www.educacionrural.org\/wp-content\/uploads\/IMG_4182-300x225.jpg 300w, https:\/\/www.educacionrural.org\/wp-content\/uploads\/IMG_4182-1024x768.jpg 1024w\" sizes=\"auto, (max-width: 600px) 100vw, 600px\" \/><\/a><\/p>\n<p>La Profesora de gimnasia est\u00e1 contratada por la Fundaci\u00f3n La Magdalena como una forma m\u00e1s de colaborar con el Internado.<\/p>\n<p><a href=\"http:\/\/www.educacionrural.org\/wp-content\/uploads\/IMG_41811.jpg\"><img loading=\"lazy\" decoding=\"async\" class=\"size-medium wp-image-1717 aligncenter\" src=\"http:\/\/www.educacionrural.org\/wp-content\/uploads\/IMG_41811-300x225.jpg\" alt=\"IMG_4181\" width=\"600\" height=\"450\" srcset=\"https:\/\/www.educacionrural.org\/wp-content\/uploads\/IMG_41811-300x225.jpg 300w, https:\/\/www.educacionrural.org\/wp-content\/uploads\/IMG_41811-1024x768.jpg 1024w\" sizes=\"auto, (max-width: 600px) 100vw, 600px\" \/><\/a><\/p>\n<p>Otra Fundaci\u00f3n, la Gastesi Martinicorena, que apoya la obra de escuelas rurales en los departamentos de Artigas y Salto, coopera con el centro docente aportando los servicios de un Doctor y una Enfermera. La Escuela contaba con invern\u00e1culos que fueron destruidos por un temporal y que se est\u00e1n reconstruyendo poco a poco. En esa tarea est\u00e1n maestros y ni\u00f1os. El CAPDER ofreci\u00f3 su colaboraci\u00f3n para acelerar al proceso de reparaci\u00f3n.<\/p>\n<p><a href=\"http:\/\/www.educacionrural.org\/wp-content\/uploads\/IMG_4150.jpg\"><img loading=\"lazy\" decoding=\"async\" class=\"size-medium wp-image-1719 aligncenter\" src=\"http:\/\/www.educacionrural.org\/wp-content\/uploads\/IMG_4150-300x225.jpg\" alt=\"IMG_4150\" width=\"600\" height=\"450\" srcset=\"https:\/\/www.educacionrural.org\/wp-content\/uploads\/IMG_4150-300x225.jpg 300w, https:\/\/www.educacionrural.org\/wp-content\/uploads\/IMG_4150-1024x768.jpg 1024w\" sizes=\"auto, (max-width: 600px) 100vw, 600px\" \/><\/a><\/p>\n<p><a href=\"http:\/\/www.educacionrural.org\/wp-content\/uploads\/IMG_4180.jpg\"><img loading=\"lazy\" decoding=\"async\" class=\"size-medium wp-image-1720 aligncenter\" src=\"http:\/\/www.educacionrural.org\/wp-content\/uploads\/IMG_4180-300x225.jpg\" alt=\"IMG_4180\" width=\"600\" height=\"450\" srcset=\"https:\/\/www.educacionrural.org\/wp-content\/uploads\/IMG_4180-300x225.jpg 300w, https:\/\/www.educacionrural.org\/wp-content\/uploads\/IMG_4180-1024x768.jpg 1024w\" sizes=\"auto, (max-width: 600px) 100vw, 600px\" \/><\/a><\/p>\n<p>Pese a los problemas locativos y a la escasez de personal, el Internado cumple una funci\u00f3n relevante en la zona brindando educaci\u00f3n a ni\u00f1os que, de no contar con esta instituci\u00f3n, quedar\u00edan fuera del sistema por proceder de lugares apartados, del Brasil algunos, o por pertenecer a familias cuyos jefes realizan tareas zafrales que les obligan a tener una vida cuya t\u00f3nica es la movilidad.<\/p>\n<p><iframe loading=\"lazy\" src=\"http:\/\/www.youtube.com\/embed\/SEjCYVG45qg\" width=\"425\" height=\"350\" frameborder=\"0\"><\/iframe><\/p>\n","protected":false},"excerpt":{"rendered":"<p>&nbsp; &nbsp; En el kil\u00f3metro 58.500 de la ruta 30 se encuentra la Escuela N\u00ba 60, que funciona como Internado Rural. \u00a0\u00a0\u00a0 \u00a0 &nbsp; &nbsp; &nbsp; &nbsp; &nbsp; &nbsp; Este centro docente inici\u00f3 sus actividades como escuela de maestro \u00fanico. En la d\u00e9cada del cincuenta del siglo pasado y atendiendo las necesidades de la poblaci\u00f3n &#8230; <a title=\"Artigas &#8211; Internado Rural de Paso Far\u00edas\" class=\"read-more\" href=\"https:\/\/www.educacionrural.org\/?page_id=1695\" aria-label=\"Leer m\u00e1s sobre Artigas &#8211; Internado Rural de Paso Far\u00edas\">Leer m\u00e1s<\/a><\/p>\n","protected":false},"author":2,"featured_media":0,"parent":21,"menu_order":4,"comment_status":"closed","ping_status":"closed","template":"","meta":{"footnotes":""},"class_list":["post-1695","page","type-page","status-publish"],"_links":{"self":[{"href":"https:\/\/www.educacionrural.org\/index.php?rest_route=\/wp\/v2\/pages\/1695","targetHints":{"allow":["GET"]}}],"collection":[{"href":"https:\/\/www.educacionrural.org\/index.php?rest_route=\/wp\/v2\/pages"}],"about":[{"href":"https:\/\/www.educacionrural.org\/index.php?rest_route=\/wp\/v2\/types\/page"}],"author":[{"embeddable":true,"href":"https:\/\/www.educacionrural.org\/index.php?rest_route=\/wp\/v2\/users\/2"}],"replies":[{"embeddable":true,"href":"https:\/\/www.educacionrural.org\/index.php?rest_route=%2Fwp%2Fv2%2Fcomments&post=1695"}],"version-history":[{"count":9,"href":"https:\/\/www.educacionrural.org\/index.php?rest_route=\/wp\/v2\/pages\/1695\/revisions"}],"predecessor-version":[{"id":3819,"href":"https:\/\/www.educacionrural.org\/index.php?rest_route=\/wp\/v2\/pages\/1695\/revisions\/3819"}],"up":[{"embeddable":true,"href":"https:\/\/www.educacionrural.org\/index.php?rest_route=\/wp\/v2\/pages\/21"}],"wp:attachment":[{"href":"https:\/\/www.educacionrural.org\/index.php?rest_route=%2Fwp%2Fv2%2Fmedia&parent=1695"}],"curies":[{"name":"wp","href":"https:\/\/api.w.org\/{rel}","templated":true}]}}