{"id":199,"date":"2011-09-19T05:52:29","date_gmt":"2011-09-19T07:52:29","guid":{"rendered":"http:\/\/www.educacionrural.org\/?page_id=199"},"modified":"2013-11-08T17:16:43","modified_gmt":"2013-11-08T19:16:43","slug":"presentacion","status":"publish","type":"page","link":"https:\/\/www.educacionrural.org\/?page_id=199","title":{"rendered":"Presentaci\u00f3n"},"content":{"rendered":"<p>Cuando nos propusimos rescatar algunos aspectos de la vida de Homero Grillo concluimos que deb\u00edamos encauzar el trabajo siguiendo dos vertientes:<\/p>\n<ul>\n<li>Sus ra\u00edces<\/li>\n<li>Su actividad como Maestro Rural.<\/li>\n<\/ul>\n<p>Sus antepasados, su infancia, su primer hogar, fueron vivencias siempre presentes para Homero Grillo. Es por eso que, de su biograf\u00eda, nos detenemos en esa etapa que \u00e9l valor\u00f3 en forma especial.<\/p>\n<p>La segunda vertiente refiere a su labor como maestro en el medio rural.<\/p>\n<p>Homero Grillo hizo toda su carrera docente en los medios campesinos: como Maestro de Escuela Volante en Ba\u00f1ados de Medina (departamento de Cerro Largo), como Director efectivo en el paraje Sauce de Casup\u00e1 (departamento de Florida), como Director efectivo en la Escuela Granja N\u00ba 16 de Sol\u00eds (departamento de Lavalleja), como Director interino en el Instituto Normal Rural de Cruz de los Caminos (departamento de Canelones).<\/p>\n<p>Homero Grillo fue Maestro Rural por vocaci\u00f3n, as\u00ed lo reconoci\u00f3 siempre. El permanecer en el medio campesino fue su opci\u00f3n de vida.<\/p>\n<p>Su trabajo diario y su pensamiento le otorgaron el reconocimiento de sus pares, sus alumnos y de la comunidad. Quienes interactuaron con \u00e9l lo destacan como un visionario que hizo de la pr\u00e1ctica cotidiana un magisterio que trascendi\u00f3 lo estrictamente pedag\u00f3gico.<\/p>\n","protected":false},"excerpt":{"rendered":"<p>Cuando nos propusimos rescatar algunos aspectos de la vida de Homero Grillo concluimos que deb\u00edamos encauzar el trabajo siguiendo dos vertientes: Sus ra\u00edces Su actividad como Maestro Rural. Sus antepasados, su infancia, su primer hogar, fueron vivencias siempre presentes para Homero Grillo. Es por eso que, de su biograf\u00eda, nos detenemos en esa etapa que &#8230; <a title=\"Presentaci\u00f3n\" class=\"read-more\" href=\"https:\/\/www.educacionrural.org\/?page_id=199\" aria-label=\"Leer m\u00e1s sobre Presentaci\u00f3n\">Leer m\u00e1s<\/a><\/p>\n","protected":false},"author":5,"featured_media":0,"parent":45,"menu_order":0,"comment_status":"closed","ping_status":"closed","template":"","meta":{"footnotes":""},"class_list":["post-199","page","type-page","status-publish"],"_links":{"self":[{"href":"https:\/\/www.educacionrural.org\/index.php?rest_route=\/wp\/v2\/pages\/199","targetHints":{"allow":["GET"]}}],"collection":[{"href":"https:\/\/www.educacionrural.org\/index.php?rest_route=\/wp\/v2\/pages"}],"about":[{"href":"https:\/\/www.educacionrural.org\/index.php?rest_route=\/wp\/v2\/types\/page"}],"author":[{"embeddable":true,"href":"https:\/\/www.educacionrural.org\/index.php?rest_route=\/wp\/v2\/users\/5"}],"replies":[{"embeddable":true,"href":"https:\/\/www.educacionrural.org\/index.php?rest_route=%2Fwp%2Fv2%2Fcomments&post=199"}],"version-history":[{"count":6,"href":"https:\/\/www.educacionrural.org\/index.php?rest_route=\/wp\/v2\/pages\/199\/revisions"}],"predecessor-version":[{"id":2392,"href":"https:\/\/www.educacionrural.org\/index.php?rest_route=\/wp\/v2\/pages\/199\/revisions\/2392"}],"up":[{"embeddable":true,"href":"https:\/\/www.educacionrural.org\/index.php?rest_route=\/wp\/v2\/pages\/45"}],"wp:attachment":[{"href":"https:\/\/www.educacionrural.org\/index.php?rest_route=%2Fwp%2Fv2%2Fmedia&parent=199"}],"curies":[{"name":"wp","href":"https:\/\/api.w.org\/{rel}","templated":true}]}}