{"id":202,"date":"2011-09-19T05:55:59","date_gmt":"2011-09-19T07:55:59","guid":{"rendered":"http:\/\/www.educacionrural.org\/?page_id=202"},"modified":"2013-11-08T17:18:43","modified_gmt":"2013-11-08T19:18:43","slug":"homero-francisco-grillo-escondeur","status":"publish","type":"page","link":"https:\/\/www.educacionrural.org\/?page_id=202","title":{"rendered":"Homero Francisco Grillo Escondeur"},"content":{"rendered":"<p>Homero Francisco Grillo Escondeur naci\u00f3 el 9 de marzo de 1906 en Molles de Porr\u00faa, departamento de R\u00edo Negro.<\/p>\n<p>Al tiempo que este ni\u00f1ito menudo, blanqu\u00edsimo, de ojos celestes, se asomaba a la vida, el viejo reloj de pared de la familia Grillo Escondeur daba las dos de la madrugada.<\/p>\n<p>Su abuela materna, Mamita, y Socorro, empleada devota de este numeroso clan, actuaron como comadronas.<\/p>\n<p>El padre y los hermanos mayores esperaron despiertos su llegada y la noche no reconquist\u00f3 su calma hasta que el amanecer estuvo pr\u00f3ximo.<\/p>\n<p>Dos d\u00edas despu\u00e9s de su nacimiento fue inscripto en el Juzgado de Paz de Molles de Porr\u00faa.<\/p>\n<figure id=\"attachment_817\" aria-describedby=\"caption-attachment-817\" style=\"width: 243px\" class=\"wp-caption alignleft\"><a href=\"http:\/\/www.educacionrural.org\/?attachment_id=817\" rel=\"attachment wp-att-817\"><img loading=\"lazy\" decoding=\"async\" class=\"size-medium wp-image-817\" title=\"Homero Grillo beb\u00e9\" src=\"http:\/\/www.educacionrural.org\/wp-content\/uploads\/Homero-Grillo-beb%C3%A9-253x300.jpg\" alt=\"\" width=\"253\" height=\"300\" \/><\/a><figcaption id=\"caption-attachment-817\" class=\"wp-caption-text\">Homero Francisco Grillo Escondeur a los 18 meses de edad<\/figcaption><\/figure>\n<p>Era el decimosegundo hijo y decidieron que ten\u00eda que llevar el nombre del padre: Francisco.<\/p>\n<p>Nacido en un hogar de fuerte raigambre cat\u00f3lica, Homero Francisco Grillo Escondeur recibi\u00f3 las aguas bautismales siendo sus padrinos<br \/>\ndos de sus hermanos mayores: Tom\u00e1s y Adelina.<\/p>\n<p>Su madre y su abuela prepararon con industria y amor el ajuar del bautismo que luc\u00eda profusi\u00f3n de alforzas, vainillas y puntillas todo hecho a mano, a la usanza de comienzos del siglo XX.<\/p>\n<p>Homero Grillo guard\u00f3 durante toda su vida la diminuta camisa que us\u00f3 en su bautismo.<\/p>\n<p><small>Nota: Todos los detalles del nacimiento y los primeros a\u00f1os de Homero Grillo nos fueron confiados por su hermana Delia.<\/small><\/p>\n<figure id=\"attachment_821\" aria-describedby=\"caption-attachment-821\" style=\"width: 290px\" class=\"wp-caption alignleft\"><a href=\"http:\/\/www.educacionrural.org\/?attachment_id=821\" rel=\"attachment wp-att-821\"><img loading=\"lazy\" decoding=\"async\" class=\"size-medium wp-image-821\" title=\"Partida de nacimiento de Homero Grillo\" src=\"http:\/\/www.educacionrural.org\/wp-content\/uploads\/Partida-de-nacimiento-de-Homero-Grillo-300x157.jpg\" alt=\"\" width=\"300\" height=\"157\" srcset=\"https:\/\/www.educacionrural.org\/wp-content\/uploads\/Partida-de-nacimiento-de-Homero-Grillo-300x157.jpg 300w, https:\/\/www.educacionrural.org\/wp-content\/uploads\/Partida-de-nacimiento-de-Homero-Grillo-1024x536.jpg 1024w\" sizes=\"auto, (max-width: 300px) 100vw, 300px\" \/><\/a><figcaption id=\"caption-attachment-821\" class=\"wp-caption-text\">Partida de nacimiento de Homero Francisco Grillo Escondeur<\/figcaption><\/figure>\n","protected":false},"excerpt":{"rendered":"<p>Homero Francisco Grillo Escondeur naci\u00f3 el 9 de marzo de 1906 en Molles de Porr\u00faa, departamento de R\u00edo Negro. Al tiempo que este ni\u00f1ito menudo, blanqu\u00edsimo, de ojos celestes, se asomaba a la vida, el viejo reloj de pared de la familia Grillo Escondeur daba las dos de la madrugada. Su abuela materna, Mamita, y &#8230; <a title=\"Homero Francisco Grillo Escondeur\" class=\"read-more\" href=\"https:\/\/www.educacionrural.org\/?page_id=202\" aria-label=\"Leer m\u00e1s sobre Homero Francisco Grillo Escondeur\">Leer m\u00e1s<\/a><\/p>\n","protected":false},"author":5,"featured_media":0,"parent":45,"menu_order":8,"comment_status":"closed","ping_status":"closed","template":"","meta":{"footnotes":""},"class_list":["post-202","page","type-page","status-publish"],"_links":{"self":[{"href":"https:\/\/www.educacionrural.org\/index.php?rest_route=\/wp\/v2\/pages\/202","targetHints":{"allow":["GET"]}}],"collection":[{"href":"https:\/\/www.educacionrural.org\/index.php?rest_route=\/wp\/v2\/pages"}],"about":[{"href":"https:\/\/www.educacionrural.org\/index.php?rest_route=\/wp\/v2\/types\/page"}],"author":[{"embeddable":true,"href":"https:\/\/www.educacionrural.org\/index.php?rest_route=\/wp\/v2\/users\/5"}],"replies":[{"embeddable":true,"href":"https:\/\/www.educacionrural.org\/index.php?rest_route=%2Fwp%2Fv2%2Fcomments&post=202"}],"version-history":[{"count":9,"href":"https:\/\/www.educacionrural.org\/index.php?rest_route=\/wp\/v2\/pages\/202\/revisions"}],"predecessor-version":[{"id":820,"href":"https:\/\/www.educacionrural.org\/index.php?rest_route=\/wp\/v2\/pages\/202\/revisions\/820"}],"up":[{"embeddable":true,"href":"https:\/\/www.educacionrural.org\/index.php?rest_route=\/wp\/v2\/pages\/45"}],"wp:attachment":[{"href":"https:\/\/www.educacionrural.org\/index.php?rest_route=%2Fwp%2Fv2%2Fmedia&parent=202"}],"curies":[{"name":"wp","href":"https:\/\/api.w.org\/{rel}","templated":true}]}}