{"id":2353,"date":"2013-10-30T15:32:42","date_gmt":"2013-10-30T17:32:42","guid":{"rendered":"http:\/\/www.educacionrural.org\/?page_id=2353"},"modified":"2014-01-15T15:41:53","modified_gmt":"2014-01-15T17:41:53","slug":"para-reflexionar","status":"publish","type":"page","link":"https:\/\/www.educacionrural.org\/?page_id=2353","title":{"rendered":"Para Reflexionar"},"content":{"rendered":"<p>La presentaci\u00f3n de estos textos, sobre m\u00faltiples temas, escritos por autores que responden a corrientes ideol\u00f3gicas a veces coincidentes a veces antag\u00f3nicas en muy distintas \u00e9pocas, a partir de contextos muy diversos, es una propuesta a la reflexi\u00f3n.<\/p>\n<p>Creemos que para educar es imprescindible estudiar, indagar, comparar, meditar. Todo eso con amplias pautas, sin preconceptos y con respeto por todas las ideas, a\u00fan aquellas que difieren o se oponen a las nuestras.<\/p>\n<p>Por lo dem\u00e1s, tal como lo ense\u00f1aban los maestros que marcaron la historia de la educaci\u00f3n en el pa\u00eds, el educador debe estar atento a su entorno y al mundo todo, m\u00e1xime en un tiempo de globalizaci\u00f3n, de constantes revoluciones en la informaci\u00f3n y la comunicaci\u00f3n, que han permitido vincular el tiempo real con el espacio tras la aplicaci\u00f3n de tecnolog\u00edas de avanzada. \u00a1Aqu\u00ed vamos!<\/p>\n<ul class=\"list-pages-shortcode child-pages\"><li class=\"page_item page-item-2768\"><a href=\"https:\/\/www.educacionrural.org\/?page_id=2768\">Las puertas abiertas<\/a><\/li>\n<li class=\"page_item page-item-3125\"><a href=\"https:\/\/www.educacionrural.org\/?page_id=3125\">SAT EDUCA. Primera parte<\/a><\/li>\n<li class=\"page_item page-item-3140\"><a href=\"https:\/\/www.educacionrural.org\/?page_id=3140\">SAT. Segunda parte<\/a><\/li>\n<li class=\"page_item page-item-2632\"><a href=\"https:\/\/www.educacionrural.org\/?page_id=2632\">La dialogicidad: esencia de la Educaci\u00f3n como pr\u00e1ctica de la libertad<\/a><\/li>\n<li class=\"page_item page-item-2625\"><a href=\"https:\/\/www.educacionrural.org\/?page_id=2625\">La Multigraduaci\u00f3n<\/a><\/li>\n<li class=\"page_item page-item-2628\"><a href=\"https:\/\/www.educacionrural.org\/?page_id=2628\">El aprendizaje por contagio<\/a><\/li>\n<li class=\"page_item page-item-2636\"><a href=\"https:\/\/www.educacionrural.org\/?page_id=2636\">El modelo de desarrollo que queremos<\/a><\/li>\n<li class=\"page_item page-item-2656\"><a href=\"https:\/\/www.educacionrural.org\/?page_id=2656\">El problema filos\u00f3fico de la Educaci\u00f3n<\/a><\/li>\n<li class=\"page_item page-item-2712\"><a href=\"https:\/\/www.educacionrural.org\/?page_id=2712\">La Ciencia contra el Hombre<\/a><\/li>\n<li class=\"page_item page-item-2726\"><a href=\"https:\/\/www.educacionrural.org\/?page_id=2726\">Coordinaci\u00f3n entre Primaria y Secundaria<\/a><\/li>\n<li class=\"page_item page-item-2714\"><a href=\"https:\/\/www.educacionrural.org\/?page_id=2714\">Los desaf\u00edos de la Ganader\u00eda en el futuro<\/a><\/li>\n<li class=\"page_item page-item-3309\"><a href=\"https:\/\/www.educacionrural.org\/?page_id=3309\">SAT Educa &#8211; devoluciones de algunos participantes.<\/a><\/li>\n<\/ul>\n","protected":false},"excerpt":{"rendered":"<p>La presentaci\u00f3n de estos textos, sobre m\u00faltiples temas, escritos por autores que responden a corrientes ideol\u00f3gicas a veces coincidentes a veces antag\u00f3nicas en muy distintas \u00e9pocas, a partir de contextos muy diversos, es una propuesta a la reflexi\u00f3n. Creemos que para educar es imprescindible estudiar, indagar, comparar, meditar. Todo eso con amplias pautas, sin preconceptos &#8230; <a title=\"Para Reflexionar\" class=\"read-more\" href=\"https:\/\/www.educacionrural.org\/?page_id=2353\" aria-label=\"Leer m\u00e1s sobre Para Reflexionar\">Leer m\u00e1s<\/a><\/p>\n","protected":false},"author":5,"featured_media":0,"parent":0,"menu_order":0,"comment_status":"closed","ping_status":"closed","template":"","meta":{"footnotes":""},"class_list":["post-2353","page","type-page","status-publish"],"_links":{"self":[{"href":"https:\/\/www.educacionrural.org\/index.php?rest_route=\/wp\/v2\/pages\/2353","targetHints":{"allow":["GET"]}}],"collection":[{"href":"https:\/\/www.educacionrural.org\/index.php?rest_route=\/wp\/v2\/pages"}],"about":[{"href":"https:\/\/www.educacionrural.org\/index.php?rest_route=\/wp\/v2\/types\/page"}],"author":[{"embeddable":true,"href":"https:\/\/www.educacionrural.org\/index.php?rest_route=\/wp\/v2\/users\/5"}],"replies":[{"embeddable":true,"href":"https:\/\/www.educacionrural.org\/index.php?rest_route=%2Fwp%2Fv2%2Fcomments&post=2353"}],"version-history":[{"count":5,"href":"https:\/\/www.educacionrural.org\/index.php?rest_route=\/wp\/v2\/pages\/2353\/revisions"}],"predecessor-version":[{"id":2624,"href":"https:\/\/www.educacionrural.org\/index.php?rest_route=\/wp\/v2\/pages\/2353\/revisions\/2624"}],"wp:attachment":[{"href":"https:\/\/www.educacionrural.org\/index.php?rest_route=%2Fwp%2Fv2%2Fmedia&parent=2353"}],"curies":[{"name":"wp","href":"https:\/\/api.w.org\/{rel}","templated":true}]}}