{"id":2522,"date":"2013-12-23T16:57:34","date_gmt":"2013-12-23T18:57:34","guid":{"rendered":"http:\/\/www.educacionrural.org\/?page_id=2522"},"modified":"2017-10-09T18:45:31","modified_gmt":"2017-10-09T20:45:31","slug":"lavalleja-el-local-de-la-escuela-no-34-granja-experimental-agustin-ferreiro","status":"publish","type":"page","link":"https:\/\/www.educacionrural.org\/?page_id=2522","title":{"rendered":"Lavalleja.  El local de la Escuela N\u00ba 34 Granja Experimental \u201cAgust\u00edn Ferreiro"},"content":{"rendered":"<p><img loading=\"lazy\" decoding=\"async\" class=\"size-full wp-image-2523 aligncenter\" src=\"http:\/\/www.educacionrural.org\/wp-content\/uploads\/Escuela-34-Vista-de-la-carretera-desde-la-Escuela-34.jpg\" alt=\"Escuela 34 Vista de la carretera desde la Escuela 34\" width=\"640\" height=\"480\" srcset=\"https:\/\/www.educacionrural.org\/wp-content\/uploads\/Escuela-34-Vista-de-la-carretera-desde-la-Escuela-34.jpg 640w, https:\/\/www.educacionrural.org\/wp-content\/uploads\/Escuela-34-Vista-de-la-carretera-desde-la-Escuela-34-300x225.jpg 300w\" sizes=\"auto, (max-width: 640px) 100vw, 640px\" \/><\/p>\n<p>&nbsp;<\/p>\n<p><img loading=\"lazy\" decoding=\"async\" class=\"size-full wp-image-2524 aligncenter\" src=\"http:\/\/www.educacionrural.org\/wp-content\/uploads\/Escuela-34-Fachada1.jpg\" alt=\"Escuela 34 Fachada\" width=\"640\" height=\"480\" srcset=\"https:\/\/www.educacionrural.org\/wp-content\/uploads\/Escuela-34-Fachada1.jpg 640w, https:\/\/www.educacionrural.org\/wp-content\/uploads\/Escuela-34-Fachada1-300x225.jpg 300w\" sizes=\"auto, (max-width: 640px) 100vw, 640px\" \/><\/p>\n<p>&nbsp;<\/p>\n<p>La Escuela Granja N\u00ba 34 tiene un hermoso local, funcional y en excelente estado de conservaci\u00f3n. Este local se ha ido construyendo \u00a0y ampliando con el esfuerzo del personal que trabaja en el establecimiento desde hace m\u00e1s de tres d\u00e9cadas.<\/p>\n<p>Se le ha ido adecuado a las necesidades que se han planteado \u00a0y a las exigencias del Proyecto\u00a0 que se ha elevado a las autoridades de la ense\u00f1anza.<\/p>\n<p>Los salones son amplios, luminosos y\u00a0 bien ventilados.<\/p>\n<p>Est\u00e1n provistos de un mobiliario funcional y muy cuidado. Los ni\u00f1os nos cuentan\u00a0 que ellos\u00a0 son los responsables de mantener las sillas que usan limpias y sanas durante todo su ciclo escolar.<\/p>\n<p>El mismo cuidado lo demuestran en lo que\u00a0 refiere al material fungible.<\/p>\n<p><img loading=\"lazy\" decoding=\"async\" class=\"size-full wp-image-2525 aligncenter\" src=\"http:\/\/www.educacionrural.org\/wp-content\/uploads\/Escuela-34-Alumnos-primer-plano.jpg\" alt=\"Escuela 34 Alumnos primer plano\" width=\"640\" height=\"480\" srcset=\"https:\/\/www.educacionrural.org\/wp-content\/uploads\/Escuela-34-Alumnos-primer-plano.jpg 640w, https:\/\/www.educacionrural.org\/wp-content\/uploads\/Escuela-34-Alumnos-primer-plano-300x225.jpg 300w\" sizes=\"auto, (max-width: 640px) 100vw, 640px\" \/><\/p>\n<p><img loading=\"lazy\" decoding=\"async\" class=\"size-full wp-image-2526 aligncenter\" src=\"http:\/\/www.educacionrural.org\/wp-content\/uploads\/Escuela-34-Alumnos-en-clase.jpg\" alt=\"Escuela 34 Alumnos en clase\" width=\"640\" height=\"555\" srcset=\"https:\/\/www.educacionrural.org\/wp-content\/uploads\/Escuela-34-Alumnos-en-clase.jpg 640w, https:\/\/www.educacionrural.org\/wp-content\/uploads\/Escuela-34-Alumnos-en-clase-300x260.jpg 300w\" sizes=\"auto, (max-width: 640px) 100vw, 640px\" \/><\/p>\n<p>Los salones tienen hermosas\u00a0 estufas a le\u00f1a.<\/p>\n<p><img loading=\"lazy\" decoding=\"async\" class=\"size-full wp-image-2527 aligncenter\" src=\"http:\/\/www.educacionrural.org\/wp-content\/uploads\/Ecuela-34-Otra-estufa.jpg\" alt=\"Ecuela 34 Otra estufa\" width=\"640\" height=\"480\" srcset=\"https:\/\/www.educacionrural.org\/wp-content\/uploads\/Ecuela-34-Otra-estufa.jpg 640w, https:\/\/www.educacionrural.org\/wp-content\/uploads\/Ecuela-34-Otra-estufa-300x225.jpg 300w\" sizes=\"auto, (max-width: 640px) 100vw, 640px\" \/><\/p>\n<p><img loading=\"lazy\" decoding=\"async\" class=\"size-full wp-image-2528 aligncenter\" src=\"http:\/\/www.educacionrural.org\/wp-content\/uploads\/Escuela-34-Estufa-sal\u00f3n.jpg\" alt=\"Escuela 34 Estufa sal\u00f3n\" width=\"640\" height=\"480\" srcset=\"https:\/\/www.educacionrural.org\/wp-content\/uploads\/Escuela-34-Estufa-sal\u00f3n.jpg 640w, https:\/\/www.educacionrural.org\/wp-content\/uploads\/Escuela-34-Estufa-sal\u00f3n-300x225.jpg 300w\" sizes=\"auto, (max-width: 640px) 100vw, 640px\" \/><\/p>\n<p>En las paredes se observan murales que ilustran a los escolares y a los visitantes sobre actividades\u00a0 que se realizan cotidianamente o acontecimientos que han tenido lugar en la Escuela.<\/p>\n<p><img loading=\"lazy\" decoding=\"async\" class=\"size-full wp-image-2529 aligncenter\" src=\"http:\/\/www.educacionrural.org\/wp-content\/uploads\/Escuela-34-Pizarr\u00f3n.jpg\" alt=\"Escuela 34 Pizarr\u00f3n\" width=\"640\" height=\"480\" srcset=\"https:\/\/www.educacionrural.org\/wp-content\/uploads\/Escuela-34-Pizarr\u00f3n.jpg 640w, https:\/\/www.educacionrural.org\/wp-content\/uploads\/Escuela-34-Pizarr\u00f3n-300x225.jpg 300w\" sizes=\"auto, (max-width: 640px) 100vw, 640px\" \/><\/p>\n<p><img loading=\"lazy\" decoding=\"async\" class=\"size-full wp-image-2530 aligncenter\" src=\"http:\/\/www.educacionrural.org\/wp-content\/uploads\/Escuela-34-Murales.jpg\" alt=\"Escuela 34 Murales\" width=\"640\" height=\"480\" srcset=\"https:\/\/www.educacionrural.org\/wp-content\/uploads\/Escuela-34-Murales.jpg 640w, https:\/\/www.educacionrural.org\/wp-content\/uploads\/Escuela-34-Murales-300x225.jpg 300w\" sizes=\"auto, (max-width: 640px) 100vw, 640px\" \/><\/p>\n<p>Encontramos tres murales que muestran fotograf\u00edas a\u00e9reas tomadas con motivo de celebrarse \u00a0los cien a\u00f1os de la Escuela. En ellas se observan varias vistas del local escolar y a los escolares formando el n\u00famero 100,\u00a0 uniendo la esperanza que representan sus pocos a\u00f1os con el siglo que lleva esta instituci\u00f3n al servicio de la infancia de la zona.<\/p>\n<p><img loading=\"lazy\" decoding=\"async\" class=\"size-full wp-image-2531 aligncenter\" src=\"http:\/\/www.educacionrural.org\/wp-content\/uploads\/Escuela-34-Mural-centenario.jpg\" alt=\"Escuela 34 Mural centenario\" width=\"640\" height=\"480\" srcset=\"https:\/\/www.educacionrural.org\/wp-content\/uploads\/Escuela-34-Mural-centenario.jpg 640w, https:\/\/www.educacionrural.org\/wp-content\/uploads\/Escuela-34-Mural-centenario-300x225.jpg 300w\" sizes=\"auto, (max-width: 640px) 100vw, 640px\" \/><\/p>\n<p><img loading=\"lazy\" decoding=\"async\" class=\"size-full wp-image-2532 aligncenter\" src=\"http:\/\/www.educacionrural.org\/wp-content\/uploads\/IMG_4613.jpg\" alt=\"IMG_4613\" width=\"600\" height=\"450\" srcset=\"https:\/\/www.educacionrural.org\/wp-content\/uploads\/IMG_4613.jpg 3264w, https:\/\/www.educacionrural.org\/wp-content\/uploads\/IMG_4613-300x225.jpg 300w, https:\/\/www.educacionrural.org\/wp-content\/uploads\/IMG_4613-1024x768.jpg 1024w\" sizes=\"auto, (max-width: 600px) 100vw, 600px\" \/><\/p>\n<p><img loading=\"lazy\" decoding=\"async\" class=\"aligncenter size-full wp-image-2533\" src=\"http:\/\/www.educacionrural.org\/wp-content\/uploads\/Escuela-34-Ni\u00f1os-en-el-centenario.jpg\" alt=\"Escuela 34 Ni\u00f1os en el centenario\" width=\"640\" height=\"480\" srcset=\"https:\/\/www.educacionrural.org\/wp-content\/uploads\/Escuela-34-Ni\u00f1os-en-el-centenario.jpg 640w, https:\/\/www.educacionrural.org\/wp-content\/uploads\/Escuela-34-Ni\u00f1os-en-el-centenario-300x225.jpg 300w\" sizes=\"auto, (max-width: 640px) 100vw, 640px\" \/><\/p>\n<p>El comedor escolar se ubica en un anexo, rodeado de cuidados jardines. Es c\u00f3modo y el mobiliario es funcional.\u00a0 Todo el entorno est\u00e1 embellecido con plantas y flores que generan un ambiente alegre y formativo.<\/p>\n<p><img loading=\"lazy\" decoding=\"async\" class=\"aligncenter size-full wp-image-2534\" src=\"http:\/\/www.educacionrural.org\/wp-content\/uploads\/Escuela-34-Anexo.jpg\" alt=\"Escuela 34 Anexo\" width=\"640\" height=\"480\" srcset=\"https:\/\/www.educacionrural.org\/wp-content\/uploads\/Escuela-34-Anexo.jpg 640w, https:\/\/www.educacionrural.org\/wp-content\/uploads\/Escuela-34-Anexo-300x225.jpg 300w\" sizes=\"auto, (max-width: 640px) 100vw, 640px\" \/><\/p>\n<p><img loading=\"lazy\" decoding=\"async\" class=\"size-full wp-image-2535 aligncenter\" src=\"http:\/\/www.educacionrural.org\/wp-content\/uploads\/Aljibe-y-bomba.jpg\" alt=\"Aljibe y bomba\" width=\"640\" height=\"853\" srcset=\"https:\/\/www.educacionrural.org\/wp-content\/uploads\/Aljibe-y-bomba.jpg 640w, https:\/\/www.educacionrural.org\/wp-content\/uploads\/Aljibe-y-bomba-225x300.jpg 225w\" sizes=\"auto, (max-width: 640px) 100vw, 640px\" \/><\/p>\n<p><img loading=\"lazy\" decoding=\"async\" class=\"aligncenter size-full wp-image-2536\" src=\"http:\/\/www.educacionrural.org\/wp-content\/uploads\/Escuela-34-Tanque-de-agua.jpg\" alt=\"Escuela 34 Tanque de agua\" width=\"640\" height=\"480\" srcset=\"https:\/\/www.educacionrural.org\/wp-content\/uploads\/Escuela-34-Tanque-de-agua.jpg 640w, https:\/\/www.educacionrural.org\/wp-content\/uploads\/Escuela-34-Tanque-de-agua-300x225.jpg 300w\" sizes=\"auto, (max-width: 640px) 100vw, 640px\" \/><\/p>\n<p><img loading=\"lazy\" decoding=\"async\" class=\"aligncenter size-full wp-image-2537\" src=\"http:\/\/www.educacionrural.org\/wp-content\/uploads\/Comedor-Escuela-34.jpg\" alt=\"Comedor Escuela 34\" width=\"640\" height=\"480\" srcset=\"https:\/\/www.educacionrural.org\/wp-content\/uploads\/Comedor-Escuela-34.jpg 640w, https:\/\/www.educacionrural.org\/wp-content\/uploads\/Comedor-Escuela-34-300x225.jpg 300w\" sizes=\"auto, (max-width: 640px) 100vw, 640px\" \/><\/p>\n<p>Los dormitorios tambi\u00e9n son ventilados y luminosos, cuentan con cuchetas cada cual provista de c\u00f3modos colchones y mantas y en cada cama los peque\u00f1os\u00a0 visitantes son recibidos por un\u00a0 simp\u00e1tico peluche.<\/p>\n<p>Hay capacidad para veinte visitantes.<\/p>\n<p><img loading=\"lazy\" decoding=\"async\" class=\"aligncenter size-full wp-image-2538\" src=\"http:\/\/www.educacionrural.org\/wp-content\/uploads\/Escuela-34-Dormitorios.jpg\" alt=\"Escuela 34 Dormitorios\" width=\"640\" height=\"853\" srcset=\"https:\/\/www.educacionrural.org\/wp-content\/uploads\/Escuela-34-Dormitorios.jpg 640w, https:\/\/www.educacionrural.org\/wp-content\/uploads\/Escuela-34-Dormitorios-225x300.jpg 225w\" sizes=\"auto, (max-width: 640px) 100vw, 640px\" \/><\/p>\n<p>La Escuela cuenta con\u00a0 un amplio galp\u00f3n, en completo orden,\u00a0 que no s\u00f3lo funciona como dep\u00f3sito sino que oficia\u00a0\u00a0 como \u00e1mbito\u00a0 de aprendizajes.\u00a0 Los alumnos nos muestran las diferentes herramientas que utilizan en sus pr\u00e1cticas cotidianas y en un pizarr\u00f3n observamos los c\u00e1lculos hechos por los ni\u00f1os \u00a0en uno de sus trabajos de equipo.<\/p>\n<p><img loading=\"lazy\" decoding=\"async\" class=\"aligncenter size-full wp-image-2539\" src=\"http:\/\/www.educacionrural.org\/wp-content\/uploads\/Escuela-34-Galp\u00f3n.jpg\" alt=\"Escuela 34 Galp\u00f3n\" width=\"640\" height=\"480\" srcset=\"https:\/\/www.educacionrural.org\/wp-content\/uploads\/Escuela-34-Galp\u00f3n.jpg 640w, https:\/\/www.educacionrural.org\/wp-content\/uploads\/Escuela-34-Galp\u00f3n-300x225.jpg 300w\" sizes=\"auto, (max-width: 640px) 100vw, 640px\" \/><\/p>\n<p>En el predio se ha\u00a0 construido un horno de barro giratorio: una obra que muestra la creatividad y el buen aprovechamiento que se puede hacer de materiales que van quedando en desuso y que permiten la optimizaci\u00f3n de los recursos.<\/p>\n<p>Nos cuentan los ni\u00f1os que en este horno prepararon las pizzas que ofrecieron a escolares del Instituto Crandon que los visitaron no hace mucho.<\/p>\n<p><img loading=\"lazy\" decoding=\"async\" class=\"aligncenter size-full wp-image-2540\" src=\"http:\/\/www.educacionrural.org\/wp-content\/uploads\/Escuela-34-Horno.jpg\" alt=\"Escuela 34 Horno\" width=\"640\" height=\"480\" srcset=\"https:\/\/www.educacionrural.org\/wp-content\/uploads\/Escuela-34-Horno.jpg 640w, https:\/\/www.educacionrural.org\/wp-content\/uploads\/Escuela-34-Horno-300x225.jpg 300w\" sizes=\"auto, (max-width: 640px) 100vw, 640px\" \/><\/p>\n<p>Una parte del predio est\u00e1 destinada a rinc\u00f3n de juegos. Se han instalado all\u00ed toboganes, hamacas y otros implementos que permiten que los ni\u00f1os se recreen rodeados de una ambiente cuidado y bello.<\/p>\n<p><img loading=\"lazy\" decoding=\"async\" class=\"aligncenter size-full wp-image-2541\" src=\"http:\/\/www.educacionrural.org\/wp-content\/uploads\/Escuela-34-Juegos.jpg\" alt=\"Escuela 34 Juegos\" width=\"640\" height=\"480\" srcset=\"https:\/\/www.educacionrural.org\/wp-content\/uploads\/Escuela-34-Juegos.jpg 640w, https:\/\/www.educacionrural.org\/wp-content\/uploads\/Escuela-34-Juegos-300x225.jpg 300w\" sizes=\"auto, (max-width: 640px) 100vw, 640px\" \/><\/p>\n<p><img loading=\"lazy\" decoding=\"async\" class=\"aligncenter size-full wp-image-2542\" src=\"http:\/\/www.educacionrural.org\/wp-content\/uploads\/Escuela-34-Otra-vista-del-patio-de-juegos.jpg\" alt=\"Escuela 34 Otra vista del patio de juegos\" width=\"640\" height=\"480\" srcset=\"https:\/\/www.educacionrural.org\/wp-content\/uploads\/Escuela-34-Otra-vista-del-patio-de-juegos.jpg 640w, https:\/\/www.educacionrural.org\/wp-content\/uploads\/Escuela-34-Otra-vista-del-patio-de-juegos-300x225.jpg 300w\" sizes=\"auto, (max-width: 640px) 100vw, 640px\" \/><\/p>\n<p>La recorrida por el local escolar\u00a0 y\u00a0 las an\u00e9cdotas que nos van contando los responsables del mismo, nos muestran c\u00f3mo con un trabajo sostenido, con el cuidado permanente de los bienes con que se cuenta y con el compromiso por una causa que se valora y que se quiere, pueden lograrse realizaciones de envergadura que las m\u00e1s de las veces n0 se las valora porque no se les conoce.<\/p>\n<p><strong>En ese hacer callado y fecundo reside la\u00a0 generosidad y la grandeza de la obra que cumplen Ana Dorrego y Pedro Torterolo.<\/strong><\/p>\n<p><strong>\u00a0<\/strong><\/p>\n<p>&nbsp;<\/p>\n<p>&nbsp;<\/p>\n<p>&nbsp;<\/p>\n<p>&nbsp;<\/p>\n<p>&nbsp;<\/p>\n<p>&nbsp;<\/p>\n","protected":false},"excerpt":{"rendered":"<p>&nbsp; &nbsp; La Escuela Granja N\u00ba 34 tiene un hermoso local, funcional y en excelente estado de conservaci\u00f3n. Este local se ha ido construyendo \u00a0y ampliando con el esfuerzo del personal que trabaja en el establecimiento desde hace m\u00e1s de tres d\u00e9cadas. Se le ha ido adecuado a las necesidades que se han planteado \u00a0y &#8230; <a title=\"Lavalleja.  El local de la Escuela N\u00ba 34 Granja Experimental \u201cAgust\u00edn Ferreiro\" class=\"read-more\" href=\"https:\/\/www.educacionrural.org\/?page_id=2522\" aria-label=\"Leer m\u00e1s sobre Lavalleja.  El local de la Escuela N\u00ba 34 Granja Experimental \u201cAgust\u00edn Ferreiro\">Leer m\u00e1s<\/a><\/p>\n","protected":false},"author":2,"featured_media":0,"parent":21,"menu_order":48,"comment_status":"closed","ping_status":"closed","template":"","meta":{"footnotes":""},"class_list":["post-2522","page","type-page","status-publish"],"_links":{"self":[{"href":"https:\/\/www.educacionrural.org\/index.php?rest_route=\/wp\/v2\/pages\/2522","targetHints":{"allow":["GET"]}}],"collection":[{"href":"https:\/\/www.educacionrural.org\/index.php?rest_route=\/wp\/v2\/pages"}],"about":[{"href":"https:\/\/www.educacionrural.org\/index.php?rest_route=\/wp\/v2\/types\/page"}],"author":[{"embeddable":true,"href":"https:\/\/www.educacionrural.org\/index.php?rest_route=\/wp\/v2\/users\/2"}],"replies":[{"embeddable":true,"href":"https:\/\/www.educacionrural.org\/index.php?rest_route=%2Fwp%2Fv2%2Fcomments&post=2522"}],"version-history":[{"count":5,"href":"https:\/\/www.educacionrural.org\/index.php?rest_route=\/wp\/v2\/pages\/2522\/revisions"}],"predecessor-version":[{"id":3862,"href":"https:\/\/www.educacionrural.org\/index.php?rest_route=\/wp\/v2\/pages\/2522\/revisions\/3862"}],"up":[{"embeddable":true,"href":"https:\/\/www.educacionrural.org\/index.php?rest_route=\/wp\/v2\/pages\/21"}],"wp:attachment":[{"href":"https:\/\/www.educacionrural.org\/index.php?rest_route=%2Fwp%2Fv2%2Fmedia&parent=2522"}],"curies":[{"name":"wp","href":"https:\/\/api.w.org\/{rel}","templated":true}]}}