{"id":2608,"date":"2014-01-03T16:02:33","date_gmt":"2014-01-03T18:02:33","guid":{"rendered":"http:\/\/www.educacionrural.org\/?page_id=2608"},"modified":"2017-10-09T18:46:07","modified_gmt":"2017-10-09T20:46:07","slug":"lavalleja-escuela-no-34-granja-experimental-agustin-ferreiro-cantos-y-danzas","status":"publish","type":"page","link":"https:\/\/www.educacionrural.org\/?page_id=2608","title":{"rendered":"Lavalleja Escuela N\u00ba 34 Granja Experimental \u00abAgust\u00edn Ferreiro\u00bb Cantos y Danzas"},"content":{"rendered":"<p><iframe loading=\"lazy\" src=\"http:\/\/www.youtube.com\/embed\/jrq1kSNH7qY\" width=\"425\" height=\"350\" frameborder=\"0\"><\/iframe><\/p>\n<p><iframe loading=\"lazy\" src=\"http:\/\/www.youtube.com\/embed\/DCALEDSpkAI\" width=\"425\" height=\"350\" frameborder=\"0\"><\/iframe><\/p>\n<p>&#8212;&#8212;&#8212;&#8212;&#8212;&#8212;&#8212;&#8212;&#8211;LETRAS DE LAS CANCIONES&#8212;&#8212;&#8212;&#8212;&#8212;&#8212;&#8212;&#8212;&#8212;&#8212;-<\/p>\n<p id=\"eow-description\"><wbr \/>\u00ad<br \/>\nNo te olvides del pago<br \/>\nsi te vas pa&#8217; la ciudad<br \/>\ncuanti m\u00e1s lejos te vayas<br \/>\nm\u00e1s te ten\u00e9s que acordar.<br \/>\nCierto que hay muchas cosas<br \/>\nque se pueden olvidar<br \/>\npero algunas son olvidos<br \/>\ny otras son cosas nom\u00e1s.<br \/>\nNo eches en la maleta<br \/>\nlo que no vayas a usar<br \/>\nson m\u00e1s largos los caminos<br \/>\npa&#8217;l que va carga&#8217;o de m\u00e1s.<br \/>\nAhura que sos mocito<br \/>\ny ya pit\u00e1s como el que m\u00e1s<br \/>\nno cambi\u00e9s nunca de trillo<br \/>\naunque no tengas pa&#8217; fumar.<br \/>\nY si sent\u00eds tristeza<br \/>\ncuando mires para atr\u00e1s<br \/>\nno te olvides que el camino<br \/>\nes pa&#8217;l que viene y pa&#8217;l que va.<br \/>\nNo te olvides del pago<br \/>\nsi te vas pa&#8217; la ciudad<br \/>\ncuanti m\u00e1s lejos te vayas<br \/>\nm\u00e1s te ten\u00e9s que acordar.<br \/>\nCuanti m\u00e1s lejos te vayas<br \/>\nm\u00e1s te ten\u00e9s que acordar.<br \/>\n&#8212;&#8212;&#8212;&#8212;&#8212;&#8212;&#8212;&#8212;&#8212;&#8212;&#8212;&#8212;&#8212;-<wbr \/>\u00ad&#8212;&#8212;&#8212;&#8212;&#8212;&#8212;&#8212;&#8212;&#8212;&#8212;&#8212;&#8212;&#8212;-<wbr \/>\u00ad&#8212;&#8212;&#8212;&#8212;<br \/>\nSe\u00f1ores me llamo Mart\u00edn Aranda<br \/>\nPa&#8217; lo que precisen soy servidor<br \/>\nHijo de canarios nac\u00ed en un rancho<br \/>\nQuincha de escama, barro y terr\u00f3n.<br \/>\nFuimos cinco hijos en poca tierra<br \/>\nY p\u00e1 tantos brazos no hab\u00eda lugar,<br \/>\nNos desparramamos como semillas<br \/>\nY algunos ca\u00edmos por la ciud\u00e1.<br \/>\nAnduve rodando por un trabajo<br \/>\nNadie precisaba e&#8217; mi habilidad<br \/>\nDe llevar los bueyes cortando melgas<br \/>\nNi de mi yeito p&#8217; al alambrar.<br \/>\nPor las tardecitas cuando amargueo<br \/>\na esa hora triste en que sangra el sol<br \/>\nme asaltan ganas de armar el bolso<br \/>\ny perderme al tranco del obrador.<br \/>\nPaso las semanas orejeando un franco<br \/>\nlos gurises lejos en el solar<br \/>\ny yo aqu\u00ed galgueando entre los andamios<br \/>\nd\u00b4estos camoatices de la ciud\u00e1.<br \/>\nSi hay gente baquiana entre los terrones<br \/>\ndeshojando ovejas o echando el pial<br \/>\npa\u00b4que tanto campo vac\u00edo y solo<br \/>\ny tanto solo junto aqu\u00ed en la ciud\u00e1.<br \/>\nSe\u00f1ores me llamo Mart\u00edn Aranda<br \/>\nPa&#8217; lo que precisen soy servidor<br \/>\nHijo de canarios nac\u00ed en un rancho<br \/>\nQuincha de escama, barro y terr\u00f3n.<\/p>\n","protected":false},"excerpt":{"rendered":"<p>&#8212;&#8212;&#8212;&#8212;&#8212;&#8212;&#8212;&#8212;&#8211;LETRAS DE LAS CANCIONES&#8212;&#8212;&#8212;&#8212;&#8212;&#8212;&#8212;&#8212;&#8212;&#8212;- \u00ad No te olvides del pago si te vas pa&#8217; la ciudad cuanti m\u00e1s lejos te vayas m\u00e1s te ten\u00e9s que acordar. Cierto que hay muchas cosas que se pueden olvidar pero algunas son olvidos y otras son cosas nom\u00e1s. No eches en la maleta lo que no vayas a usar &#8230; <a title=\"Lavalleja Escuela N\u00ba 34 Granja Experimental \u00abAgust\u00edn Ferreiro\u00bb Cantos y Danzas\" class=\"read-more\" href=\"https:\/\/www.educacionrural.org\/?page_id=2608\" aria-label=\"Leer m\u00e1s sobre Lavalleja Escuela N\u00ba 34 Granja Experimental \u00abAgust\u00edn Ferreiro\u00bb Cantos y Danzas\">Leer m\u00e1s<\/a><\/p>\n","protected":false},"author":2,"featured_media":0,"parent":21,"menu_order":51,"comment_status":"closed","ping_status":"closed","template":"","meta":{"footnotes":""},"class_list":["post-2608","page","type-page","status-publish"],"_links":{"self":[{"href":"https:\/\/www.educacionrural.org\/index.php?rest_route=\/wp\/v2\/pages\/2608","targetHints":{"allow":["GET"]}}],"collection":[{"href":"https:\/\/www.educacionrural.org\/index.php?rest_route=\/wp\/v2\/pages"}],"about":[{"href":"https:\/\/www.educacionrural.org\/index.php?rest_route=\/wp\/v2\/types\/page"}],"author":[{"embeddable":true,"href":"https:\/\/www.educacionrural.org\/index.php?rest_route=\/wp\/v2\/users\/2"}],"replies":[{"embeddable":true,"href":"https:\/\/www.educacionrural.org\/index.php?rest_route=%2Fwp%2Fv2%2Fcomments&post=2608"}],"version-history":[{"count":4,"href":"https:\/\/www.educacionrural.org\/index.php?rest_route=\/wp\/v2\/pages\/2608\/revisions"}],"predecessor-version":[{"id":3865,"href":"https:\/\/www.educacionrural.org\/index.php?rest_route=\/wp\/v2\/pages\/2608\/revisions\/3865"}],"up":[{"embeddable":true,"href":"https:\/\/www.educacionrural.org\/index.php?rest_route=\/wp\/v2\/pages\/21"}],"wp:attachment":[{"href":"https:\/\/www.educacionrural.org\/index.php?rest_route=%2Fwp%2Fv2%2Fmedia&parent=2608"}],"curies":[{"name":"wp","href":"https:\/\/api.w.org\/{rel}","templated":true}]}}