{"id":33,"date":"2011-09-18T02:03:56","date_gmt":"2011-09-18T05:03:56","guid":{"rendered":"http:\/\/www.educacionrural.org\/?page_id=33"},"modified":"2013-09-04T15:28:01","modified_gmt":"2013-09-04T18:28:01","slug":"que-es-una-escuela","status":"publish","type":"page","link":"https:\/\/www.educacionrural.org\/?page_id=33","title":{"rendered":"Escuelas"},"content":{"rendered":"<ul>\n<li>Cada escuela es un encuentro \u00fanico entre ni\u00f1os, maestros, familiares y funcionarios en un entorno edilicio, territorial y social irrepetible.<\/li>\n<li>Las escuelas rurales son centros educativos en los que este encuentro genera v\u00ednculos especiales.<\/li>\n<li>El relativo aislamiento, las lejan\u00edas y la mayor individualizaci\u00f3n de los v\u00ednculos interpersonales son una fuente inagotable de desaf\u00edos y experiencias en el desarrollo del proceso educativo.<\/li>\n<li>Cada integrante de la escuela rural, maestros, alumnos, familiares y personas allegadas son los protagonistas silenciosos de los \u00e9xitos y fracasos, alegr\u00edas y tristezas y las m\u00faltiples vivencias que se producen d\u00eda a d\u00eda.<\/li>\n<li>Todos los protagonistas de la escuela, rural o urbana, son portadores de aprendizajes, historias e ideas que las m\u00e1s de las veces se diluyen en el olvido por no encontrar con quien compartirlas.<\/li>\n<li>En varias d\u00e9cadas del siglo XX, a trav\u00e9s del Movimiento de Educaci\u00f3n Rural, se demostr\u00f3 la importancia y el beneficio que tuvo para el pa\u00eds una corriente de maestros que creyeron y pusieron en pr\u00e1ctica la mejora de la educaci\u00f3n nacional, basada en el compromiso profesional y social de cada docente.<\/li>\n<li>Este sitio Web pretende ser un instrumento de intercambio entre\u00a0 aquellos que creen que lo que sucede en la vida escolar se enriquece comparti\u00e9ndolo con todos los que tienen algo que decir o escuchar.<\/li>\n<li>Rescatando el esp\u00edritu de aquellos maestros, se ofrece este sitio web para que\u00a0 las voces y hechos silenciosos de todas las escuelas del pa\u00eds tengan un lugar donde el hacerse escuchar pueda ser el inicio de experiencias compartidas y acciones que redunden en la mejora de la pr\u00e1ctica educativa cotidiana <strong>de todas las escuelas de todos los rincones del pa\u00eds<\/strong>.<\/li>\n<\/ul>\n","protected":false},"excerpt":{"rendered":"<p>Cada escuela es un encuentro \u00fanico entre ni\u00f1os, maestros, familiares y funcionarios en un entorno edilicio, territorial y social irrepetible. Las escuelas rurales son centros educativos en los que este encuentro genera v\u00ednculos especiales. El relativo aislamiento, las lejan\u00edas y la mayor individualizaci\u00f3n de los v\u00ednculos interpersonales son una fuente inagotable de desaf\u00edos y experiencias &#8230; <a title=\"Escuelas\" class=\"read-more\" href=\"https:\/\/www.educacionrural.org\/?page_id=33\" aria-label=\"Leer m\u00e1s sobre Escuelas\">Leer m\u00e1s<\/a><\/p>\n","protected":false},"author":5,"featured_media":0,"parent":15,"menu_order":0,"comment_status":"closed","ping_status":"open","template":"","meta":{"footnotes":""},"class_list":["post-33","page","type-page","status-publish"],"_links":{"self":[{"href":"https:\/\/www.educacionrural.org\/index.php?rest_route=\/wp\/v2\/pages\/33","targetHints":{"allow":["GET"]}}],"collection":[{"href":"https:\/\/www.educacionrural.org\/index.php?rest_route=\/wp\/v2\/pages"}],"about":[{"href":"https:\/\/www.educacionrural.org\/index.php?rest_route=\/wp\/v2\/types\/page"}],"author":[{"embeddable":true,"href":"https:\/\/www.educacionrural.org\/index.php?rest_route=\/wp\/v2\/users\/5"}],"replies":[{"embeddable":true,"href":"https:\/\/www.educacionrural.org\/index.php?rest_route=%2Fwp%2Fv2%2Fcomments&post=33"}],"version-history":[{"count":8,"href":"https:\/\/www.educacionrural.org\/index.php?rest_route=\/wp\/v2\/pages\/33\/revisions"}],"predecessor-version":[{"id":1901,"href":"https:\/\/www.educacionrural.org\/index.php?rest_route=\/wp\/v2\/pages\/33\/revisions\/1901"}],"up":[{"embeddable":true,"href":"https:\/\/www.educacionrural.org\/index.php?rest_route=\/wp\/v2\/pages\/15"}],"wp:attachment":[{"href":"https:\/\/www.educacionrural.org\/index.php?rest_route=%2Fwp%2Fv2%2Fmedia&parent=33"}],"curies":[{"name":"wp","href":"https:\/\/api.w.org\/{rel}","templated":true}]}}