{"id":39,"date":"2011-09-18T02:06:37","date_gmt":"2011-09-18T04:06:37","guid":{"rendered":"http:\/\/www.educacionrural.org\/?page_id=39"},"modified":"2024-02-03T17:32:52","modified_gmt":"2024-02-03T20:32:52","slug":"inicio","status":"publish","type":"page","link":"https:\/\/www.educacionrural.org\/","title":{"rendered":"Inicio"},"content":{"rendered":"\n<figure class=\"wp-block-gallery alignwide has-nested-images columns-default wp-block-gallery-1 is-layout-flex wp-block-gallery-is-layout-flex\">\n<figure data-wp-context=\"{&quot;imageId&quot;:&quot;6a04548de7cc6&quot;}\" data-wp-interactive=\"core\/image\" data-wp-key=\"6a04548de7cc6\" class=\"wp-block-image size-full wp-lightbox-container\"><img loading=\"lazy\" decoding=\"async\" width=\"920\" height=\"200\" data-wp-class--hide=\"state.isContentHidden\" data-wp-class--show=\"state.isContentVisible\" data-wp-init=\"callbacks.setButtonStyles\" data-wp-on--click=\"actions.showLightbox\" data-wp-on--load=\"callbacks.setButtonStyles\" data-wp-on-window--resize=\"callbacks.setButtonStyles\" data-id=\"2377\" src=\"https:\/\/www.educacionrural.org\/wp-content\/uploads\/slide-mano-rosa-banales-anillo-abeja-1960-canelones-uruguay.jpg\" alt=\"\" class=\"wp-image-2377\" srcset=\"https:\/\/www.educacionrural.org\/wp-content\/uploads\/slide-mano-rosa-banales-anillo-abeja-1960-canelones-uruguay.jpg 920w, https:\/\/www.educacionrural.org\/wp-content\/uploads\/slide-mano-rosa-banales-anillo-abeja-1960-canelones-uruguay-300x65.jpg 300w\" sizes=\"auto, (max-width: 920px) 100vw, 920px\" \/><button\n\t\t\tclass=\"lightbox-trigger\"\n\t\t\ttype=\"button\"\n\t\t\taria-haspopup=\"dialog\"\n\t\t\taria-label=\"Agrandar\"\n\t\t\tdata-wp-init=\"callbacks.initTriggerButton\"\n\t\t\tdata-wp-on--click=\"actions.showLightbox\"\n\t\t\tdata-wp-style--right=\"state.imageButtonRight\"\n\t\t\tdata-wp-style--top=\"state.imageButtonTop\"\n\t\t>\n\t\t\t<svg xmlns=\"http:\/\/www.w3.org\/2000\/svg\" width=\"12\" height=\"12\" fill=\"none\" viewBox=\"0 0 12 12\">\n\t\t\t\t<path fill=\"#fff\" d=\"M2 0a2 2 0 0 0-2 2v2h1.5V2a.5.5 0 0 1 .5-.5h2V0H2Zm2 10.5H2a.5.5 0 0 1-.5-.5V8H0v2a2 2 0 0 0 2 2h2v-1.5ZM8 12v-1.5h2a.5.5 0 0 0 .5-.5V8H12v2a2 2 0 0 1-2 2H8Zm2-12a2 2 0 0 1 2 2v2h-1.5V2a.5.5 0 0 0-.5-.5H8V0h2Z\" \/>\n\t\t\t<\/svg>\n\t\t<\/button><figcaption class=\"wp-element-caption\">Maestra becaria Rosa Ba\u00f1ales en el INR (1960). Cruz de los Caminos, Canelones, Uruguay.<\/figcaption><\/figure>\n<\/figure>\n\n\n\n<div style=\"height:1em\" aria-hidden=\"true\" class=\"wp-block-spacer\"><\/div>\n\n\n\n<p>Este sitio web es, por sobre todas las cosas, una invitaci\u00f3n. Rescatamos del pasado la pr\u00e1ctica y el esp\u00edritu de cientos y cientos de maestros que hicieron de su profesi\u00f3n un compromiso y desaf\u00edo. <span style=\"white-space: nowrap;\">[<a href=\"http:\/\/www.educacionrural.org\/?page_id=143\">texto completo<\/a>]<\/span><\/p>\n\n\n\n<h2 class=\"wp-block-heading\"><a href=\"https:\/\/www.educacionrural.org\/?cat=1\">\u00daltimas publicaciones<\/a><\/h2>\n\n\n\n<div data-wp-context=\"{}\" data-wp-interactive=\"core\/query\" data-wp-key=\"12\" data-wp-router-region=\"query-12\" class=\"wp-block-query is-layout-flow wp-block-query-is-layout-flow\"><ul class=\"columns-3 wp-block-post-template is-layout-grid wp-container-core-post-template-is-layout-2fc57c17 wp-block-post-template-is-layout-grid\"><li data-wp-key=\"post-template-item-3798\" class=\"wp-block-post post-3798 post type-post status-publish format-standard hentry category-novedades\">\n\n<div class=\"wp-block-columns is-layout-flex wp-container-core-columns-is-layout-9d6595d7 wp-block-columns-is-layout-flex\">\n<div class=\"wp-block-column is-layout-flow wp-block-column-is-layout-flow\" style=\"flex-basis:100%\"><h2 class=\"wp-block-post-title has-medium-font-size\"><a href=\"https:\/\/www.educacionrural.org\/?p=3798\" target=\"_self\" >Despedida<\/a><\/h2>\n\n<div class=\"wp-block-post-excerpt\"><p class=\"wp-block-post-excerpt__excerpt\">\u201c&#8230; frente a los innovadores que arrasan con todo, se me ocurre una expresi\u00f3n que no tiene nada de acad\u00e9mica pero que me parece gr\u00e1fica: nunca un pa\u00eds como el nuestro, en educaci\u00f3n, puede empezar del kil\u00f3metro cero, tiene cien a\u00f1os de tradici\u00f3n. Con valores positivos y negativos, pero todo lo que queramos hacer en&hellip; <\/p><\/div>\n\n<div class=\"wp-block-post-date has-small-font-size\"><time datetime=\"2016-12-21T19:34:53-03:00\">21 de diciembre de 2016<\/time><\/div><\/div>\n<\/div>\n\n<\/li><li data-wp-key=\"post-template-item-3793\" class=\"wp-block-post post-3793 post type-post status-publish format-standard hentry category-novedades\">\n\n<div class=\"wp-block-columns is-layout-flex wp-container-core-columns-is-layout-9d6595d7 wp-block-columns-is-layout-flex\">\n<div class=\"wp-block-column is-layout-flow wp-block-column-is-layout-flow\" style=\"flex-basis:100%\"><h2 class=\"wp-block-post-title has-medium-font-size\"><a href=\"https:\/\/www.educacionrural.org\/?p=3793\" target=\"_self\" >D\u00eda del Patrimonio en Altos del Perdido<\/a><\/h2>\n\n<div class=\"wp-block-post-excerpt\"><p class=\"wp-block-post-excerpt__excerpt\">Damos a conocer la invitaci\u00f3n que nos hizo llegar la Maestra Mari\u00e1ngeles Bugani con motivo del D\u00eda del Patrimonio en el Museo Escolar Rural de Altos del Perdido. <\/p><\/div>\n\n<div class=\"wp-block-post-date has-small-font-size\"><time datetime=\"2016-09-29T19:50:32-03:00\">29 de septiembre de 2016<\/time><\/div><\/div>\n<\/div>\n\n<\/li><li data-wp-key=\"post-template-item-3785\" class=\"wp-block-post post-3785 post type-post status-publish format-standard hentry category-novedades\">\n\n<div class=\"wp-block-columns is-layout-flex wp-container-core-columns-is-layout-9d6595d7 wp-block-columns-is-layout-flex\">\n<div class=\"wp-block-column is-layout-flow wp-block-column-is-layout-flow\" style=\"flex-basis:100%\"><h2 class=\"wp-block-post-title has-medium-font-size\"><a href=\"https:\/\/www.educacionrural.org\/?p=3785\" target=\"_self\" >Encuentro de Escuelas Rurales en Lavalleja<\/a><\/h2>\n\n<div class=\"wp-block-post-excerpt\"><p class=\"wp-block-post-excerpt__excerpt\">Compartimos la invitaci\u00f3n y el programa del Encuentro de Escuelas Rurales a realizarse en el departamento de Lavalleja el d\u00eda 30 de setiembre. El Grupo Homero Grillo hace llegar al Maestro Julio Ibarra, CAPDER de Lavalleja, y a los colegas participantes, los fervientes deseos de que esta jornada sea todo un \u00e9xito. <\/p><\/div>\n\n<div class=\"wp-block-post-date has-small-font-size\"><time datetime=\"2016-09-19T16:30:05-03:00\">19 de septiembre de 2016<\/time><\/div><\/div>\n<\/div>\n\n<\/li><li data-wp-key=\"post-template-item-3782\" class=\"wp-block-post post-3782 post type-post status-publish format-standard hentry category-novedades\">\n\n<div class=\"wp-block-columns is-layout-flex wp-container-core-columns-is-layout-9d6595d7 wp-block-columns-is-layout-flex\">\n<div class=\"wp-block-column is-layout-flow wp-block-column-is-layout-flow\" style=\"flex-basis:100%\"><h2 class=\"wp-block-post-title has-medium-font-size\"><a href=\"https:\/\/www.educacionrural.org\/?p=3782\" target=\"_self\" >Presentaci\u00f3n en Tacuaremb\u00f3 de la obra \u00abOtro baile en La Paloma\u00bb<\/a><\/h2>\n\n<div class=\"wp-block-post-excerpt\"><p class=\"wp-block-post-excerpt__excerpt\">El d\u00eda 30 de setiembre a las 19:30hs se presentar\u00e1 en La C\u00e1tedra W\u00e1shington Benav\u00eddez en la ciudad de Tacuaremb\u00f3 la obra \u201cOtro baile en La Paloma\u201d del Ing. Agr. Rafael Casas Mendy. Con \u00e9sta se iniciar\u00e1 una serie de presentaciones en localidades del Interior de las que esperamos que nuestros contactos puedan participar. Adjuntamos&hellip; <\/p><\/div>\n\n<div class=\"wp-block-post-date has-small-font-size\"><time datetime=\"2016-09-19T16:15:14-03:00\">19 de septiembre de 2016<\/time><\/div><\/div>\n<\/div>\n\n<\/li><li data-wp-key=\"post-template-item-3777\" class=\"wp-block-post post-3777 post type-post status-publish format-standard hentry category-novedades\">\n\n<div class=\"wp-block-columns is-layout-flex wp-container-core-columns-is-layout-9d6595d7 wp-block-columns-is-layout-flex\">\n<div class=\"wp-block-column is-layout-flow wp-block-column-is-layout-flow\" style=\"flex-basis:100%\"><h2 class=\"wp-block-post-title has-medium-font-size\"><a href=\"https:\/\/www.educacionrural.org\/?p=3777\" target=\"_self\" >100 a\u00f1os de historia de los Altos del Perdido, a\u00f1o 3 &#8211; N\u00b03<\/a><\/h2>\n\n<div class=\"wp-block-post-excerpt\"><p class=\"wp-block-post-excerpt__excerpt\">100 a\u00f1os de historia de los Altos del Perdido \u00a1y no tan perdidos! Publicaci\u00f3n de la Escuela N\u00b0 85 de Altos del Perdido, Soriano. Primer Museo Escolar Rural. SUMARIO: P\u00e1gina 1 &#8211; Elemento del mes. &#8211; Visitantes del mes P\u00e1gina 2 &#8211; Noticias de los \u00faltimos meses. &#8211; Elementos ingresados al museo. &#8211; De donde&hellip; <\/p><\/div>\n\n<div class=\"wp-block-post-date has-small-font-size\"><time datetime=\"2016-09-05T16:00:06-03:00\">5 de septiembre de 2016<\/time><\/div><\/div>\n<\/div>\n\n<\/li><li data-wp-key=\"post-template-item-3770\" class=\"wp-block-post post-3770 post type-post status-publish format-standard hentry category-novedades\">\n\n<div class=\"wp-block-columns is-layout-flex wp-container-core-columns-is-layout-9d6595d7 wp-block-columns-is-layout-flex\">\n<div class=\"wp-block-column is-layout-flow wp-block-column-is-layout-flow\" style=\"flex-basis:100%\"><h2 class=\"wp-block-post-title has-medium-font-size\"><a href=\"https:\/\/www.educacionrural.org\/?p=3770\" target=\"_self\" >Estrategia Ruralidad en Gaet\u00e1n<\/a><\/h2>\n\n<div class=\"wp-block-post-excerpt\"><p class=\"wp-block-post-excerpt__excerpt\">El programa Estrategia Ruralidad de la Direcci\u00f3n de Econom\u00eda Social e Integraci\u00f3n Laboral del MIDES est\u00e1 llevando adelante pol\u00edticas tendientes a fortalecer la integraci\u00f3n al trabajo en comunidades en condiciones de vulnerabilidad social, econ\u00f3mica y territorial. Uno de estos emprendimientos se desarrolla en la localidad de Gaet\u00e1n \u00a0en el suroeste del departamento de Lavalleja, junto&hellip; <\/p><\/div>\n\n<div class=\"wp-block-post-date has-small-font-size\"><time datetime=\"2016-08-29T16:39:05-03:00\">29 de agosto de 2016<\/time><\/div><\/div>\n<\/div>\n\n<\/li><\/ul><\/div>\n","protected":false},"excerpt":{"rendered":"<p>Este sitio web es, por sobre todas las cosas, una invitaci\u00f3n. Rescatamos del pasado la pr\u00e1ctica y el esp\u00edritu de cientos y cientos de maestros que hicieron de su profesi\u00f3n un compromiso y desaf\u00edo. [texto completo] \u00daltimas publicaciones<\/p>\n","protected":false},"author":5,"featured_media":0,"parent":0,"menu_order":0,"comment_status":"closed","ping_status":"closed","template":"","meta":{"footnotes":""},"class_list":["post-39","page","type-page","status-publish"],"_links":{"self":[{"href":"https:\/\/www.educacionrural.org\/index.php?rest_route=\/wp\/v2\/pages\/39","targetHints":{"allow":["GET"]}}],"collection":[{"href":"https:\/\/www.educacionrural.org\/index.php?rest_route=\/wp\/v2\/pages"}],"about":[{"href":"https:\/\/www.educacionrural.org\/index.php?rest_route=\/wp\/v2\/types\/page"}],"author":[{"embeddable":true,"href":"https:\/\/www.educacionrural.org\/index.php?rest_route=\/wp\/v2\/users\/5"}],"replies":[{"embeddable":true,"href":"https:\/\/www.educacionrural.org\/index.php?rest_route=%2Fwp%2Fv2%2Fcomments&post=39"}],"version-history":[{"count":24,"href":"https:\/\/www.educacionrural.org\/index.php?rest_route=\/wp\/v2\/pages\/39\/revisions"}],"predecessor-version":[{"id":3939,"href":"https:\/\/www.educacionrural.org\/index.php?rest_route=\/wp\/v2\/pages\/39\/revisions\/3939"}],"wp:attachment":[{"href":"https:\/\/www.educacionrural.org\/index.php?rest_route=%2Fwp%2Fv2%2Fmedia&parent=39"}],"curies":[{"name":"wp","href":"https:\/\/api.w.org\/{rel}","templated":true}]}}