{"id":677,"date":"2011-10-13T13:18:19","date_gmt":"2011-10-13T15:18:19","guid":{"rendered":"http:\/\/www.educacionrural.org\/?page_id=677"},"modified":"2013-11-08T17:17:18","modified_gmt":"2013-11-08T19:17:18","slug":"el-padre-de-homero-grillo","status":"publish","type":"page","link":"https:\/\/www.educacionrural.org\/?page_id=677","title":{"rendered":"El  padre de Homero Grillo"},"content":{"rendered":"<h2><span style=\"font-size: large;\"><strong>Francisco Grillo Gonz\u00e1lez<\/strong><\/span><\/h2>\n<p><span style=\"font-size: large;\">Francisco Grillo Gonz\u00e1lez naci\u00f3 el 23 de setiembre de 1861\u00a0 en la ciudad de\u00a0 Mercedes.<\/span><br \/>\n<span style=\"font-size: large;\">Fueron sus padres Pedro Grillo y Adelina Gonz\u00e1lez.<\/span><br \/>\n<span style=\"font-size: large;\">Pedro Grillo era un m\u00e9dico genov\u00e9s. <\/span><br \/>\n<span style=\"font-size: large;\">Adelina Gonz\u00e1lez fue maestra en la capital del departamento de Soriano.<\/span><\/p>\n<p><span style=\"font-size: large;\">Siendo Francisco\u00a0 muy peque\u00f1o lo enviaron a Montevideo para cursar estudios en el colegio de los Capuchinos. <\/span><\/p>\n<p><span style=\"font-size: large;\">Se quedaba en casa de una familia amiga, los Migone,\u00a0 e iba a\u00a0 la escuela con\u00a0 Mario uno de los hijos del matrimonio.<\/span><\/p>\n<p><span style=\"font-size: large;\">Con el correr de los a\u00f1os este compa\u00f1ero de la infancia se hizo sacerdote y si bien la vida\u00a0 puso mucho tiempo y muchas leguas entre estos dos amigos, el afecto permaneci\u00f3 intacto y se prolong\u00f3 en los hijos de Francisco.<\/span><\/p>\n<p><span style=\"font-size: large;\">Por los a\u00f1os 1875 \u00f3 76\u00a0 Francisco comenz\u00f3 a trabajar con su t\u00edo Horacio Grillo, pero\u00a0 fue por poco tiempo, unos meses apenas. <\/span><\/p>\n<p><strong><span style=\"font-size: large;\">Trabajos de\u00a0 Francisco Grillo Gonz\u00e1lez en el interior del pa\u00eds<\/span><\/strong><\/p>\n<p><span style=\"font-size: large;\">En un aviso publicado en la prensa de la \u00e9poca el espa\u00f1ol Pascual Gim\u00e9nez\u00a0 ped\u00eda un dependiente\u00a0\u00a0 que estuviera dispuesto a radicarse en el Interior.\u00a0 Francisco Grillo Gonz\u00e1lez se present\u00f3 y fue aceptado. <\/span><\/p>\n<p><span style=\"font-size: large;\">Se radic\u00f3 en El Caballero, departamento de Durazno, y all\u00ed conoci\u00f3 a Tom\u00e1s Escondeur, su futuro suegro.<\/span><\/p>\n<p><span style=\"font-size: large;\">Comenz\u00f3 as\u00ed el tramo de su vida que le\u00a0 mantendr\u00eda unido a la familia Escondeur Iralde.<\/span><\/p>\n<p><span style=\"font-size: large;\">Cuando el comercio\u00a0 se traslada de\u00a0 El Caballero a Los Tapes Francisco\u00a0 no abandona su trabajo. No s\u00f3lo permanece en \u00e9l sino que, muy posiblemente en sociedad con Tom\u00e1s Escondeur, abre una panader\u00eda. Corr\u00eda el\u00a0 a\u00f1o 1880, Francisco a\u00fan no hab\u00eda cumplido los 20 a\u00f1os.<\/span><\/p>\n<p><span style=\"font-size: large;\">En 1881 nuestro pa\u00eds vivi\u00f3 una terrible sequ\u00eda, \u201cla gran seca\u201d,\u00a0 y la\u00a0 vida\u00a0 en el campo se hizo m\u00e1s dif\u00edcil a\u00fan.<\/span><\/p>\n<p><strong><span style=\"font-size: large;\">Pandilla de carros\u00a0 desde Estaci\u00f3n Yi a comercios de R\u00edo Negro<\/span><\/strong><\/p>\n<p><span style=\"font-size: large;\">Es entonces que, con un grupo de vecinos,\u00a0 Francisco Grillo Gonz\u00e1lez puso pandilla de carros. Transportaba mercader\u00edas\u00a0 desde la Estaci\u00f3n Yi (departamento de Durazno) a los comercios\u00a0 de R\u00edo Negro.<\/span><\/p>\n<p><span style=\"font-size: large;\">Eran unas 22 leguas que hab\u00eda que recorrer a campo traviesa\u00a0 o siguiendo las sendas que cruzaban las vastas praderas\u00a0 duraznenses con rumbo hacia el norte.<\/span><\/p>\n<p><span style=\"font-size: large;\">En 1882\u00a0 puso panader\u00eda en Porr\u00faa, el mismo lugar donde tuvo el comercio que en 1911, poco antes de su muerte, le vendi\u00f3 a Yarz\u00e1bal.<\/span><\/p>\n<p><span style=\"font-size: large;\">\u00c9l se fue a trabajar a Paysand\u00fa, con los carros de la estancia \u201cLa Paz\u201d de Huges. Dos a\u00f1os permaneci\u00f3 en el norte. <\/span><\/p>\n<p><span style=\"font-size: large;\">Cuando volvi\u00f3 a Porr\u00faa\u00a0 se instal\u00f3 con billar hasta 1886. <\/span><\/p>\n<p><strong><span style=\"font-size: large;\">La diligencia<\/span><\/strong><\/p>\n<p><span style=\"font-size: large;\">Ese a\u00f1o en sociedad con Zabala y Ay\u00e7aguer, due\u00f1os del Hotel \u201cLa Paz\u201d\u00a0 de la ciudad de Durazno,\u00a0 \u201cpuso\u201d diligencia a Las Flores, paraje\u00a0 distante 35 leguas de la capital duraznense. <\/span><\/p>\n<p><span style=\"font-size: large;\">Era un oficio\u00a0 sacrificado y riesgoso\u00a0 La vida\u00a0\u00a0 en la campa\u00f1a era insegura. Los viajes siempre supon\u00edan atravesar situaciones peligrosas. Pero el servicio se cumpl\u00eda regularmente.<\/span><\/p>\n<p><span style=\"font-size: large;\">El pasaje sal\u00eda $ 3,50. <\/span><br \/>\n<span style=\"font-size: large;\">Las 35 leguas a recorrer se hac\u00edan en un d\u00eda durante el verano. Se sal\u00eda de Durazno el lunes a las dos de la madrugada\u00a0 y se regresaba\u00a0 de Las Flores el viernes.<\/span><\/p>\n<p><span style=\"font-size: large;\">En invierno\u00a0 quedaban en el Paso de Porr\u00faa. Las postas se hac\u00edan\u00a0 a\u00a0 algo m\u00e1s de cuatro leguas y no se descuidaban\u00a0 las mudas de pelo: se hac\u00edan 4 y 2 en verano y 5 y 4 en invierno.<\/span><\/p>\n<p><span style=\"font-size: large;\">Uno\u00a0 de los\u00a0 socios de Francisco Grillo Gonz\u00e1lez, Zabala, interven\u00eda activamente en las luchas civiles. Pele\u00f3 en\u00a0 Masoller y Tres \u00c1rboles\u00a0 y utilizaba los viajes de la diligencia para\u00a0 enviar armas a Las Flores.<\/span><\/p>\n<p><span style=\"font-size: large;\">No se sabe el motivo pero el padre de Homero decidi\u00f3\u00a0 terminar la sociedad y la l\u00ednea qued\u00f3 por su cuenta exclusiva hasta\u00a0 1888\u00a0 cuando la vende a Chucarro para instalarse con comercio en Las Flores en lo de Barrera.<\/span><\/p>\n<p><strong><span style=\"font-size: large;\">La balsa sobre el r\u00edo Negro<\/span><\/strong><\/p>\n<p><span style=\"font-size: large;\">Cuando un siglo termina y se inicia el otro, en\u00a0 1900,\u00a0 Francisco Grillo Gonz\u00e1lez debe hacerse cargo de la balsa porque su suegro estaba enfermo.<\/span><\/p>\n<p><span style=\"font-size: large;\">Es entonces que vende su comercio a Abelardo Elorza y se traslada con toda su familia al Paso de Porr\u00faa.<\/span><\/p>\n<p><span style=\"font-size: large;\">Cinco a\u00f1os m\u00e1s tarde se muda a una nueva casa que construy\u00f3 \u00e9l mismo y en la que naci\u00f3 Homero Grillo: \u201ccasa grande, de piedra, con galpones en cuadro\u201d. <\/span><\/p>\n<p><span style=\"font-size: large;\">Esta mudanza obedec\u00eda a su af\u00e1n de proteger a sus hijos mayores, adolescentes y j\u00f3venes, de la tentaci\u00f3n que representaban \u201clas carperas\u201d que se hab\u00edan establecido\u00a0 en la zona de la balsa. No lo hac\u00eda por mojigater\u00eda, pesaban en \u00e9l no s\u00f3lo\u00a0 principios morales muy firmes sino el peligro que\u00a0 implicaban enfermedades que en aquella\u00a0 \u00e9poca eran comunes y constitu\u00edan un real flagelo.<\/span><\/p>\n<p><span style=\"font-size: large;\">Su nueva casa estaba situada a dos leguas escasas de la balsa.<\/span><\/p>\n<p><span style=\"font-size: large;\">En 1910 Francisco Grillo dio quiebra y en febrero de 1911 se mud\u00f3 con toda su familia\u00a0 a estaci\u00f3n Francia donde vivieron\u00a0 ocho meses.<\/span><\/p>\n<p><span style=\"font-size: large;\">En setiembre de 1911\u00a0 se mud\u00f3 nuevamente, esta vez a Tres \u00c1rboles. Fue all\u00ed donde muri\u00f3 el tres de julio de 1913.<\/span><br \/>\n<span style=\"font-size: large;\">Ten\u00eda 51 a\u00f1os.<\/span><\/p>\n<p><span style=\"font-size: large;\"><strong>Nota<\/strong>: <span style=\"font-size: small;\">Toda esta informaci\u00f3n se la dio a Homero Grillo su madre. Esta p\u00e1gina es una transcripci\u00f3n casi textual de los apuntes que \u00e9l guardaba celosamente.<\/span><\/span><\/p>\n","protected":false},"excerpt":{"rendered":"<p>Francisco Grillo Gonz\u00e1lez Francisco Grillo Gonz\u00e1lez naci\u00f3 el 23 de setiembre de 1861\u00a0 en la ciudad de\u00a0 Mercedes. Fueron sus padres Pedro Grillo y Adelina Gonz\u00e1lez. Pedro Grillo era un m\u00e9dico genov\u00e9s. Adelina Gonz\u00e1lez fue maestra en la capital del departamento de Soriano. Siendo Francisco\u00a0 muy peque\u00f1o lo enviaron a Montevideo para cursar estudios en &#8230; <a title=\"El  padre de Homero Grillo\" class=\"read-more\" href=\"https:\/\/www.educacionrural.org\/?page_id=677\" aria-label=\"Leer m\u00e1s sobre El  padre de Homero Grillo\">Leer m\u00e1s<\/a><\/p>\n","protected":false},"author":2,"featured_media":0,"parent":45,"menu_order":6,"comment_status":"closed","ping_status":"closed","template":"","meta":{"footnotes":""},"class_list":["post-677","page","type-page","status-publish"],"_links":{"self":[{"href":"https:\/\/www.educacionrural.org\/index.php?rest_route=\/wp\/v2\/pages\/677","targetHints":{"allow":["GET"]}}],"collection":[{"href":"https:\/\/www.educacionrural.org\/index.php?rest_route=\/wp\/v2\/pages"}],"about":[{"href":"https:\/\/www.educacionrural.org\/index.php?rest_route=\/wp\/v2\/types\/page"}],"author":[{"embeddable":true,"href":"https:\/\/www.educacionrural.org\/index.php?rest_route=\/wp\/v2\/users\/2"}],"replies":[{"embeddable":true,"href":"https:\/\/www.educacionrural.org\/index.php?rest_route=%2Fwp%2Fv2%2Fcomments&post=677"}],"version-history":[{"count":7,"href":"https:\/\/www.educacionrural.org\/index.php?rest_route=\/wp\/v2\/pages\/677\/revisions"}],"predecessor-version":[{"id":995,"href":"https:\/\/www.educacionrural.org\/index.php?rest_route=\/wp\/v2\/pages\/677\/revisions\/995"}],"up":[{"embeddable":true,"href":"https:\/\/www.educacionrural.org\/index.php?rest_route=\/wp\/v2\/pages\/45"}],"wp:attachment":[{"href":"https:\/\/www.educacionrural.org\/index.php?rest_route=%2Fwp%2Fv2%2Fmedia&parent=677"}],"curies":[{"name":"wp","href":"https:\/\/api.w.org\/{rel}","templated":true}]}}