{"id":682,"date":"2011-10-13T13:30:33","date_gmt":"2011-10-13T15:30:33","guid":{"rendered":"http:\/\/www.educacionrural.org\/?page_id=682"},"modified":"2013-11-08T17:18:21","modified_gmt":"2013-11-08T19:18:21","slug":"la-madre-de-homero-grillo","status":"publish","type":"page","link":"https:\/\/www.educacionrural.org\/?page_id=682","title":{"rendered":"La madre de Homero Grillo"},"content":{"rendered":"<h2><strong>Mar\u00eda Escondeur Iralde<\/strong><\/h2>\n<p><span style=\"font-size: small;\">Mar\u00eda Escondeur Iralde naci\u00f3 en Montevideo\u00a0 el 19 de setiembre de\u00a0 1869.<\/span><br \/>\n<span style=\"font-size: small;\"> Fue bautizada en la Iglesia de la Aguada.<\/span><\/p>\n<p><span style=\"font-size: small;\">Cuando su padre se instal\u00f3 con comercio en El Caballero Mar\u00eda ten\u00eda 10 a\u00f1os. Entonces su vida cambi\u00f3 radicalmente, de vivir en la capital del pa\u00eds pas\u00f3 a hacerlo en la soledad del campo. <\/span><\/p>\n<p><span style=\"font-size: small;\">Por aquella \u00e9poca la educaci\u00f3n en la campa\u00f1a de Durazno, como en toda la vastedad del medio rural uruguayo, se desarrollaba\u00a0 m\u00e1s que precariamente con un m\u00ednimo\u00a0 apoyo oficial. <\/span><\/p>\n<p><span style=\"font-size: small;\">Hab\u00edan transcurrido m\u00e1s de dos d\u00e9cadas desde que Palomeque presentara su Informe pero segu\u00eda siendo cierta la afirmaci\u00f3n que \u00e9l realizara en 1855: \u201cCuando se habla de educaci\u00f3n en la campa\u00f1a o se dice mentira o se inicia una farsa\u201d. \u00a0<\/span><br \/>\n<span style=\"font-size: small;\"> Varela reci\u00e9n comenzaba a dar a conocer una realidad que la capital ignoraba. <\/span><\/p>\n<p><span style=\"font-size: small;\">Cuando los\u00a0 Escondeur Iralde se instalaron en el campo\u00a0 exist\u00eda una sola Escuela Rural para cubrir las necesidades educativas\u00a0 de todo el extenso paraje de El Caballero.\u00a0 En ella\u00a0\u00a0 la inscripci\u00f3n no alcanzaba a una veintena de alumnos de los cuales concurr\u00edan promedialmente unos nueve. Al frente de esta escuela hab\u00eda un maestro \u201csin diploma\u201d. (Documento del Inspector de Durazno. A\u00f1o 1878)<\/span><\/p>\n<p><span style=\"font-size: small;\">No es extra\u00f1o que los Escondeur Iralde buscaran para Mar\u00eda un establecimiento privado\u00a0 en la ciudad donde completar su educaci\u00f3n interrumpida al trasladarse a vivir al campo.<\/span><\/p>\n<p><span style=\"font-size: small;\"><strong>El Colegio de las se\u00f1oritas Crixel<\/strong><\/span><br \/>\n<span style=\"font-size: small;\"> Cuando Mar\u00eda cumpli\u00f3 12 a\u00f1os\u00a0 la inscribieron en el colegio que ten\u00edan las Se\u00f1oritas Crixell en la ciudad de Durazno.<\/span><br \/>\n<span style=\"font-size: small;\"> Hemos encontrado escasos datos sobre esta escuela. <\/span><\/p>\n<p><span style=\"font-size: small;\">Dos a\u00f1os antes que la madre de Homero Grillo ingresara a este colegio\u00a0 su responsable, Srta. Josefa Crixel, respond\u00eda a la solicitud de informes que realizara el Inspector de Escuelas a todas los establecimientos educativos del Departamento en los t\u00e9rminos que se transcriben en el documento que se encuentra en otro apartado.<\/span><\/p>\n<p><span style=\"font-size: small;\">Mar\u00eda Escondeur concurri\u00f3 a este colegio durante\u00a0 tres a\u00f1os pero no lo hizo en forma regular. En 1881 asisti\u00f3 dos meses, siete en 1882 y dos en 1883. Cuando la familia se traslad\u00f3 al Paso de Porr\u00faa tuvo que abandonarlo definitivamente.<\/span><br \/>\n<span style=\"font-size: small;\"> Sin embargo esta etapa de su vida constituy\u00f3 un referente y las se\u00f1oritas Crixel\u00a0 y sus ense\u00f1anzas la acompa\u00f1aron permanentemente.<\/span><\/p>\n<p><span style=\"font-size: small;\">Hemos podido ver un cuaderno de esa \u00e9poca que Mar\u00eda dio en custodia a su hijo Blademiro. <\/span><br \/>\n<span style=\"font-size: small;\"> En la tapa de esta especie de carpeta se consignaba con letra inglesa complementada con profusi\u00f3n de adornos que hacen casi ilegible la escritura: <\/span><br \/>\n<span style=\"font-size: small;\"> \u201cColegio &#8230;..Durazno<\/span><br \/>\n<span style=\"font-size: small;\"> Recuerdo a mi Pap\u00e1<\/span><br \/>\n<span style=\"font-size: small;\"> A\u00f1o escolar de 1882<\/span><br \/>\n<span style=\"font-size: small;\"> M.\u00a0\u00a0 \u00a0E.<\/span><br \/>\n<span style=\"font-size: small;\"> En el interior de dicho cuaderno se alternaban ejercicios de caligraf\u00eda con letra inglesa gruesa, letra inglesa media y letra inglesa fina.<\/span><\/p>\n<p><span style=\"font-size: small;\">La pr\u00e1ctica de la letra inglesa gruesa se realizaba repitiendo nombres propios, la de las restantes se hac\u00edan en base a la copia de sentencias cuyo contenido apuntaba a alejar a las alumnas de la pereza, de la codicia, de la falta de respeto, en una palabra, todas ellas eran de car\u00e1cter moralizante.<\/span><\/p>\n<p><span style=\"font-size: small;\">Se presentaban tambi\u00e9n algunas p\u00e1ginas\u00a0 sobre religi\u00f3n, algo de gram\u00e1tica y de matem\u00e1ticas.<\/span><\/p>\n<p><span style=\"font-size: small;\">Se trabajaba mucho con monedas de la \u00e9poca: el soberano espa\u00f1ol, el c\u00f3ndor, el \u00e1guila, los francos, las libras esterlinas y con las medidas antiguas, la braza, el pie, la vara, la cuadra, la pulgada.<\/span><\/p>\n<p><span style=\"font-size: small;\">Indudablemente el objetivo fundamental del programa que desarrollaba este colegio\u00a0 era formar buenas amas de casa lo que\u00a0 explica que\u00a0 la carga horaria mayor se dedicara a las labores dom\u00e9sticas, muy particularmente la costura y el bordado. En esta \u00e1rea la ense\u00f1anza cubr\u00eda la m\u00e1s completa\u00a0 gama de actividades.<\/span><\/p>\n<p><span style=\"font-size: small;\"><strong>El matrimonio Grillo Escondeur<\/strong><\/span><\/p>\n<p><span style=\"font-size: small;\">Mar\u00eda Escondeur se enamor\u00f3 de su futuro esposo siendo a\u00fan una adolescente. \u00c9l era\u00a0 ocho a\u00f1os mayor y estaba muy lejos de su cabeza el \u201cponer los ojos\u201d en\u00a0 una muchachita\u00a0 a quien ve\u00eda como una ni\u00f1a. Pero el paso del tiempo\u00a0 determin\u00f3 que los mandatos de su\u00a0 coraz\u00f3n\u00a0 fueran mucho m\u00e1s poderosos que sus razonamientos de hombre que, con pocos a\u00f1os, hab\u00eda vivido mucho.<\/span><\/p>\n<p><span style=\"font-size: small;\">Se casaron en\u00a0 Palmar de Porr\u00faa, 11\u00aa Secci\u00f3n Judicial de R\u00edo Negro, el 19 de mayo de 1890. <\/span><\/p>\n<p><span style=\"font-size: small;\">Luego de casarse, la vida de Mar\u00eda Escondeur sigui\u00f3 los carriles comunes a\u00a0 todas las\u00a0 esposas y madres de su \u00e9poca: el nacimiento de los hijos uno tras otro, las alegr\u00edas y las inquietudes cotidianas de una familia numerosa, las tareas del hogar en medio del campo.<\/span><br \/>\n<span style=\"font-size: small;\"> A eso se agregaba como particularidad las actividades que determinaba el movimiento constante\u00a0 que supon\u00eda el ir y venir de la balsa con la llegada sucesiva de viajeros, algunos sumamente interesantes y el d\u00eda a d\u00eda del comercio con\u00a0 las zozobras de la inestable vida de nuestra patria por aquellos tiempos.<\/span><\/p>\n<p><span style=\"font-size: small;\">La etapa campesina de la familia Grillo Escondeur era evocada como un tiempo especialmente feliz en el que la uni\u00f3n y el afecto ayudaron a superar los m\u00faltiples dolores que se sucedieron con el correr de los d\u00edas para una familia numerosa radicada en la m\u00e1s absoluta soledad de nuestro campo.<\/span><\/p>\n","protected":false},"excerpt":{"rendered":"<p>Mar\u00eda Escondeur Iralde Mar\u00eda Escondeur Iralde naci\u00f3 en Montevideo\u00a0 el 19 de setiembre de\u00a0 1869. Fue bautizada en la Iglesia de la Aguada. Cuando su padre se instal\u00f3 con comercio en El Caballero Mar\u00eda ten\u00eda 10 a\u00f1os. Entonces su vida cambi\u00f3 radicalmente, de vivir en la capital del pa\u00eds pas\u00f3 a hacerlo en la soledad &#8230; <a title=\"La madre de Homero Grillo\" class=\"read-more\" href=\"https:\/\/www.educacionrural.org\/?page_id=682\" aria-label=\"Leer m\u00e1s sobre La madre de Homero Grillo\">Leer m\u00e1s<\/a><\/p>\n","protected":false},"author":2,"featured_media":0,"parent":45,"menu_order":7,"comment_status":"closed","ping_status":"closed","template":"","meta":{"footnotes":""},"class_list":["post-682","page","type-page","status-publish"],"_links":{"self":[{"href":"https:\/\/www.educacionrural.org\/index.php?rest_route=\/wp\/v2\/pages\/682","targetHints":{"allow":["GET"]}}],"collection":[{"href":"https:\/\/www.educacionrural.org\/index.php?rest_route=\/wp\/v2\/pages"}],"about":[{"href":"https:\/\/www.educacionrural.org\/index.php?rest_route=\/wp\/v2\/types\/page"}],"author":[{"embeddable":true,"href":"https:\/\/www.educacionrural.org\/index.php?rest_route=\/wp\/v2\/users\/2"}],"replies":[{"embeddable":true,"href":"https:\/\/www.educacionrural.org\/index.php?rest_route=%2Fwp%2Fv2%2Fcomments&post=682"}],"version-history":[{"count":8,"href":"https:\/\/www.educacionrural.org\/index.php?rest_route=\/wp\/v2\/pages\/682\/revisions"}],"predecessor-version":[{"id":2180,"href":"https:\/\/www.educacionrural.org\/index.php?rest_route=\/wp\/v2\/pages\/682\/revisions\/2180"}],"up":[{"embeddable":true,"href":"https:\/\/www.educacionrural.org\/index.php?rest_route=\/wp\/v2\/pages\/45"}],"wp:attachment":[{"href":"https:\/\/www.educacionrural.org\/index.php?rest_route=%2Fwp%2Fv2%2Fmedia&parent=682"}],"curies":[{"name":"wp","href":"https:\/\/api.w.org\/{rel}","templated":true}]}}