{"id":694,"date":"2011-10-13T13:55:37","date_gmt":"2011-10-13T15:55:37","guid":{"rendered":"http:\/\/www.educacionrural.org\/?page_id=694"},"modified":"2013-11-08T17:16:26","modified_gmt":"2013-11-08T19:16:26","slug":"la-balsa-sobre-el-rio-negro","status":"publish","type":"page","link":"https:\/\/www.educacionrural.org\/?page_id=694","title":{"rendered":"La balsa sobre el r\u00edo Negro"},"content":{"rendered":"<h3><strong>Evocaci\u00f3n de la balsa\u00a0 en la que Homero Grillo recordaba haber viajado siendo un ni\u00f1o muy peque\u00f1o<\/strong><\/h3>\n<p><span style=\"font-size: large;\">\u201c<span style=\"font-size: small;\">Gerardo Piquinela, anciano amable, muy l\u00facido, nos habla del Palmar de Porr\u00faa, donde vivi\u00f3 entre 1890 y 1910, cerca del Paso que llamaban \u201cde la Balsa\u201d. Por aquel entonces era todav\u00eda el centro de una extensa zona que se extend\u00eda al vecino departamento de R\u00edo Negro. Mucha gente viv\u00eda\u00a0 en el paraje: Antonio Muchada, pr\u00f3ximo a Caballero; el comercio de Oyhenart, cerca de la estancia de Laborde.<\/span><\/span><\/p>\n<p><span style=\"font-size: small;\">Sobre el paso mismo, en las lomas y cerros que lo rodean, ten\u00eda comercio Tom\u00e1s Escondeur. <\/span><\/p>\n<p><span style=\"font-size: small;\">A su muerte se hizo cargo un yerno, Francisco Grillo, que hizo casa grande, de piedra, con galpones\u00a0 en cuadro.<\/span><\/p>\n<p><span style=\"font-size: small;\">Grillo pronto pas\u00f3 el r\u00edo y\u00a0 levant\u00f3 comercio m\u00e1s adentro, en R\u00edo Negro, dejando a Piquinela en el comercio viejo en el Durazno, el que m\u00e1s tarde quedar\u00eda a cargo de Aniceto Patr\u00f3n, que llegar\u00eda a ser senador.<\/span><\/p>\n<p><span style=\"font-size: small;\">Pasaban las diligencias, que segu\u00edan hasta\u00a0 Las Flores en el Arroyo Grande: la de Francisco Aguirre, la de Aparicio (le dec\u00edan El Forzudo: levantaba el veh\u00edculo con sus brazos), que ten\u00eda por cuarteador a Juan Eusebio Larrosa\u00a0 y a otro conocido por \u201cEl Paraguayo\u201d. La balsa era grande, embarcaba hasta 75 novillos. Ten\u00eda una maroma de gu\u00eda y otra de tiro movida con un cabrestante. <\/span><\/p>\n<p><span style=\"font-size: small;\">El balsero por la \u00e9poca era un paraguayo llamado Nicol\u00e1s M\u00e9ndez,\u00a0 gran nadador; lo ayudaba la mozada joven: los hermanos Lemos y dos o tres m\u00e1s. <\/span><\/p>\n<p><span style=\"font-size: small;\">Con el paso del tiempo el comercio fue decayendo, pero a\u00fan a principios de siglo se hac\u00edan grandes reuniones los domingos y fiestas: carrera, billar, monte y taba. \u201cHab\u00eda que preparar mucha comida y dorm\u00edamos sobre el mostrador y los bancos\u201d, recuerda Piquinela. Todo ese esplendor ha desaparecido: la balsa, deshecha, ha sido sustituida por un bote. Casi nadie vive por all\u00ed y el camino es poco m\u00e1s que una huella.\u201d<\/span><\/p>\n<p><span style=\"font-size: small;\"><strong>Nota<\/strong>:<\/span><\/p>\n<p><span style=\"font-size: small;\">Art\u00edculo publicado en el Cuaderno N\u00ba 12\u00a0 &#8211; Durazno &#8211; de la Colecci\u00f3n Los departamentos<\/span><\/p>\n","protected":false},"excerpt":{"rendered":"<p>Evocaci\u00f3n de la balsa\u00a0 en la que Homero Grillo recordaba haber viajado siendo un ni\u00f1o muy peque\u00f1o \u201cGerardo Piquinela, anciano amable, muy l\u00facido, nos habla del Palmar de Porr\u00faa, donde vivi\u00f3 entre 1890 y 1910, cerca del Paso que llamaban \u201cde la Balsa\u201d. Por aquel entonces era todav\u00eda el centro de una extensa zona que &#8230; <a title=\"La balsa sobre el r\u00edo Negro\" class=\"read-more\" href=\"https:\/\/www.educacionrural.org\/?page_id=694\" aria-label=\"Leer m\u00e1s sobre La balsa sobre el r\u00edo Negro\">Leer m\u00e1s<\/a><\/p>\n","protected":false},"author":2,"featured_media":0,"parent":45,"menu_order":5,"comment_status":"closed","ping_status":"closed","template":"","meta":{"footnotes":""},"class_list":["post-694","page","type-page","status-publish"],"_links":{"self":[{"href":"https:\/\/www.educacionrural.org\/index.php?rest_route=\/wp\/v2\/pages\/694","targetHints":{"allow":["GET"]}}],"collection":[{"href":"https:\/\/www.educacionrural.org\/index.php?rest_route=\/wp\/v2\/pages"}],"about":[{"href":"https:\/\/www.educacionrural.org\/index.php?rest_route=\/wp\/v2\/types\/page"}],"author":[{"embeddable":true,"href":"https:\/\/www.educacionrural.org\/index.php?rest_route=\/wp\/v2\/users\/2"}],"replies":[{"embeddable":true,"href":"https:\/\/www.educacionrural.org\/index.php?rest_route=%2Fwp%2Fv2%2Fcomments&post=694"}],"version-history":[{"count":5,"href":"https:\/\/www.educacionrural.org\/index.php?rest_route=\/wp\/v2\/pages\/694\/revisions"}],"predecessor-version":[{"id":2178,"href":"https:\/\/www.educacionrural.org\/index.php?rest_route=\/wp\/v2\/pages\/694\/revisions\/2178"}],"up":[{"embeddable":true,"href":"https:\/\/www.educacionrural.org\/index.php?rest_route=\/wp\/v2\/pages\/45"}],"wp:attachment":[{"href":"https:\/\/www.educacionrural.org\/index.php?rest_route=%2Fwp%2Fv2%2Fmedia&parent=694"}],"curies":[{"name":"wp","href":"https:\/\/api.w.org\/{rel}","templated":true}]}}