{"id":697,"date":"2011-10-13T14:10:55","date_gmt":"2011-10-13T16:10:55","guid":{"rendered":"http:\/\/www.educacionrural.org\/?page_id=697"},"modified":"2013-11-08T17:19:09","modified_gmt":"2013-11-08T19:19:09","slug":"los-grillo-escndeur","status":"publish","type":"page","link":"https:\/\/www.educacionrural.org\/?page_id=697","title":{"rendered":"Los Grillo Escondeur"},"content":{"rendered":"<p>Francisco Grillo Gonz\u00e1lez se cas\u00f3 con Mar\u00eda Escondeur Iralde el\u00a0 19 de mayo de 1890\u00a0 en Palmar de Porr\u00faa, 11\u00aa Secci\u00f3n Judicial del departamento de\u00a0 R\u00edo Negro.<\/p>\n<p>Como la mayor\u00eda de los matrimonios de la \u00e9poca tuvieron\u00a0 muchos hijos.<\/p>\n<p>Algunos de ellos murieron al nacer, otros siendo peque\u00f1os o j\u00f3venes. No escaparon\u00a0 de las epidemias que asolaron el pa\u00eds cuando a\u00fan no hab\u00eda vacunas y as\u00ed fue como libraron largas batallas con los pocos medios\u00a0 que exist\u00edan en aquel tiempo.<\/p>\n<p>La vieja india que acuclillada, en silencio, preparaba pociones con yuyos que ella misma\u00a0 recog\u00eda y seleccionaba\u00a0 usando recetas que\u00a0 aprendi\u00f3 de sus ancestros, ayud\u00f3 muchas veces a sortear las dolencias de la familia llegando a realizar la cura milagrosa de un hijo adolescente desahuciado por los m\u00e9dicos de Montevideo.<\/p>\n<p>El\u00a0 hijo mayor\u00a0 naci\u00f3 en Durazno y fue bautizado como Victorino Olegario pero siempre lo llamaron\u00a0 Tom\u00e1s como su abuelo materno. Siendo el primog\u00e9nito su opini\u00f3n fue de mucho peso en la familia y tuvo gran ascendiente entre\u00a0 sus hermanos<\/p>\n<p>Era sumamente generoso\u00a0\u00a0 llegando casi a la prodigalidad.<\/p>\n<p>Estando en Montevideo actu\u00f3 en pol\u00edtica,\u00a0 era \u201ccarnelista\u201d\u00a0\u00a0 y gustaba llevar a su hermana Irma,\u00a0 cuando \u00e9sta era\u00a0 una jovencita, a las reuniones\u00a0 que celebraban sus correligionarios. Esta actitud era bastante vanguardista en una \u00e9poca en que las mujeres\u00a0 ni ten\u00edan derechos c\u00edvicos ni acostumbraban\u00a0 a participar en las lides pol\u00edticas.<\/p>\n<p>Tom\u00e1s termin\u00f3 como Juez de Paz en Lavalleja.<\/p>\n<p>Fue \u00e9l el escogido como padrino de Homero.<\/p>\n<p>El segundo hijo, Francisco Primo, naci\u00f3\u00a0 en Palmar de Porr\u00faa; lo llamaban Pit\u00edn y muri\u00f3 siendo muy joven. La cualidad que m\u00e1s destacaban sus hermanos era su bondad y pese a su temprana muerte, Pit\u00edn estuvo siempre en la vida de la familia con sus dichos, sus actitudes y el gran dolor que dej\u00f3 su partida.<\/p>\n<p>El tercer hijo fue Pedro Mario, Pedro para todos, el nombre del abuelo paterno. Desde muy chico le gust\u00f3 relacionarse con el personal del comercio, la gente de la balsa, los troperos, los peones.\u00a0 De ellos aprendi\u00f3 usos y costumbres y coleccion\u00f3\u00a0 el relato de muchas de las aventuras que o\u00eda contar. Siendo muy peque\u00f1o le ense\u00f1aron a fumar a escondidas. Una vez que los mayores lo descubrieron recibi\u00f3 tal reprimenda que le coment\u00f3 a sus hermanos con cara muy preocupada de quien adopta una resoluci\u00f3n dif\u00edcil pero\u00a0 inquebrantable: \u00abvoy a tener que dejar este maldito vicio\u201d.<\/p>\n<figure id=\"attachment_814\" aria-describedby=\"caption-attachment-814\" style=\"width: 222px\" class=\"wp-caption aligncenter\"><a href=\"http:\/\/www.educacionrural.org\/?attachment_id=814\" rel=\"attachment wp-att-814\"><img loading=\"lazy\" decoding=\"async\" class=\"size-medium wp-image-814\" title=\"Los abuelos y padres de Homero Grillo con sus hijos mayores\" src=\"http:\/\/www.educacionrural.org\/wp-content\/uploads\/Los-abuelos-y-padres-de-Homero-Grillo-con-sus-hijos-mayores-232x300.jpg\" alt=\"\" width=\"232\" height=\"300\" \/><\/a><figcaption id=\"caption-attachment-814\" class=\"wp-caption-text\">Los abuelos maternos y los padres de Homero Grillo junto a sus hijos mayores<\/figcaption><\/figure>\n<p>El cuarto hermano fue Jes\u00fas Horacio. Se le puso Horacio en\u00a0 recuerdo del t\u00edo paterno. Muy breve fue la vida de Jes\u00fas\u00a0 Horacio, muri\u00f3 antes de cumplir los dos a\u00f1os.<\/p>\n<p>Julia Adelina fue la quinta hija.\u00a0 El Julia qued\u00f3 en el olvido y\u00a0 siempre fue Adelina, nombre de su abuela paterna. Fue esta hermana mayor la madrina\u00a0 de Homero Grillo. En su juventud so\u00f1aba con ser monja pero termin\u00f3 cas\u00e1ndose y teniendo una hermosa familia. Estudi\u00f3 magisterio y\u00a0 siendo\u00a0 directora de un colegio religioso que a\u00fan existe en Camino Maldonado, llev\u00f3 a\u00a0 su madre y a los hermanos menores a vivir con ella.<\/p>\n<p>Cuando los Grillo Escondeur se radicaron\u00a0 en Las Flores naci\u00f3\u00a0 Isabel Mar\u00eda Delia. Era melliza con otro ni\u00f1a que muri\u00f3 en el parto.\u00a0 \u00c9ste fue muy dif\u00edcil, las criaturas no nac\u00edan y la madre estaba al borde de su resistencia f\u00edsica. Se opt\u00f3 entonces por hacer uso del \u201cmanteo\u201d, \u00faltimo recurso\u00a0 al que\u00a0 pod\u00edan recurrir en medio del campo.<br \/>\nFinalmente nacieron dos ni\u00f1as: una peque\u00f1ita\u00a0 y fr\u00e1gil, la otra grande y robusta. Curiosamente s\u00f3lo estaba viva la que aparentemente ten\u00eda menos fortaleza.<\/p>\n<p>Esta querida hermana Delia fue\u00a0 una persona inmensamente buena, trabajadora incansable, compa\u00f1era de su madre y hermanos, siempre dispuesta a rodear, a amparar,\u00a0 a dar su afecto.<br \/>\nEra una artista en el bordado a m\u00e1quina\u00a0 y fue\u00a0 gracias a esa disposici\u00f3n que se gan\u00f3 la vida durante mucho tiempo.<br \/>\nAlegre y decidida, enfrent\u00f3 con integridad y coraje envidiables, dur\u00edsimas pruebas que le tocaron vivir.<\/p>\n<p>Berta Dominga fue\u00a0 la\u00a0 siguiente hija. Muy poca vida tuvo esta hermana. Teniendo pocos meses fue\u00a0 presa de la difteria. Ante\u00a0 la angustia de todos llegaron a la conclusi\u00f3n de que en medio del campo se carec\u00eda de recursos para enfrentar tan terrible mal.\u00a0 Y ser\u00eda la abuela, \u201cMamita,\u201d quien viajar\u00eda con ella a Durazno. Y en brazos de la abuela impotente morir\u00eda\u00a0 Berta.<\/p>\n<p>Cuando nac\u00eda el siglo XX llega una nueva hija, Irma Nicolasa, la menor de las hermanas mujeres.<br \/>\nIrma fue muy compa\u00f1era de Homero. Siendo un adolescente le gustaba salir con ella\u00a0\u00a0 y recordaba\u00a0 que por aquella \u00e9poca usaba una gran capelina\u00a0 que Irma luc\u00eda con gracia encantadora.<br \/>\nFueron grandes\u00a0 camaradas, confidentes y c\u00f3mplices fraternos.<\/p>\n<p>Blademiro Probo fue el siguiente hermano. El inolvidable Blade.<br \/>\nEmprendedor, noble, bromista, genioso.<br \/>\nEl hermano que Homero cuid\u00f3 con devoci\u00f3n y que vio irse con integridad en medio de grandes sufrimientos\u00a0 ocasionados por un error m\u00e9dico que nunca pudo olvidar.<\/p>\n<p>Nestor Agust\u00edn fue el hermanito que muri\u00f3\u00a0 de una intoxicaci\u00f3n cuando Homero ten\u00eda s\u00f3lo tres a\u00f1os. Era un ni\u00f1o dulce y\u00a0 bell\u00edsimo.\u00a0 Su muerte\u00a0 fue\u00a0 un rudo golpe para toda la familia.<\/p>\n<p>Waldemar Perfecto fue el pen\u00faltimo hijo. Gran camarada de su hermano menor, compa\u00f1ero de juegos y travesuras, era alegre y bromista como Blade.<br \/>\nDe chico su abuela consider\u00f3 que era demasiado p\u00edcaro y, en reuni\u00f3n familiar,\u00a0 se decidi\u00f3 que deb\u00eda coloc\u00e1rsele interno en el Colegio P\u00edo por un tiempo.<br \/>\nComo todos los Grillo Escondeur, Waldemar fue un hombre de bien que con gran visi\u00f3n de futuro puso el primer \u00f3mnibus de l\u00ednea entre Montevideo y San Jos\u00e9, l\u00ednea que luego dar\u00eda origen a\u00a0 la empresa Cita, de la que fuera accionista.<br \/>\nEl viejo Volvo de los primeros viajes fue toda una instituci\u00f3n para la familia.<\/p>\n<p>En 1906, un nueve de marzo, naci\u00f3 Homero Francisco Grillo Escondeur, hijo y hermano menor de este numeroso clan.<\/p>\n","protected":false},"excerpt":{"rendered":"<p>Francisco Grillo Gonz\u00e1lez se cas\u00f3 con Mar\u00eda Escondeur Iralde el\u00a0 19 de mayo de 1890\u00a0 en Palmar de Porr\u00faa, 11\u00aa Secci\u00f3n Judicial del departamento de\u00a0 R\u00edo Negro. Como la mayor\u00eda de los matrimonios de la \u00e9poca tuvieron\u00a0 muchos hijos. Algunos de ellos murieron al nacer, otros siendo peque\u00f1os o j\u00f3venes. No escaparon\u00a0 de las epidemias &#8230; <a title=\"Los Grillo Escondeur\" class=\"read-more\" href=\"https:\/\/www.educacionrural.org\/?page_id=697\" aria-label=\"Leer m\u00e1s sobre Los Grillo Escondeur\">Leer m\u00e1s<\/a><\/p>\n","protected":false},"author":2,"featured_media":0,"parent":45,"menu_order":9,"comment_status":"closed","ping_status":"closed","template":"","meta":{"footnotes":""},"class_list":["post-697","page","type-page","status-publish"],"_links":{"self":[{"href":"https:\/\/www.educacionrural.org\/index.php?rest_route=\/wp\/v2\/pages\/697","targetHints":{"allow":["GET"]}}],"collection":[{"href":"https:\/\/www.educacionrural.org\/index.php?rest_route=\/wp\/v2\/pages"}],"about":[{"href":"https:\/\/www.educacionrural.org\/index.php?rest_route=\/wp\/v2\/types\/page"}],"author":[{"embeddable":true,"href":"https:\/\/www.educacionrural.org\/index.php?rest_route=\/wp\/v2\/users\/2"}],"replies":[{"embeddable":true,"href":"https:\/\/www.educacionrural.org\/index.php?rest_route=%2Fwp%2Fv2%2Fcomments&post=697"}],"version-history":[{"count":8,"href":"https:\/\/www.educacionrural.org\/index.php?rest_route=\/wp\/v2\/pages\/697\/revisions"}],"predecessor-version":[{"id":1002,"href":"https:\/\/www.educacionrural.org\/index.php?rest_route=\/wp\/v2\/pages\/697\/revisions\/1002"}],"up":[{"embeddable":true,"href":"https:\/\/www.educacionrural.org\/index.php?rest_route=\/wp\/v2\/pages\/45"}],"wp:attachment":[{"href":"https:\/\/www.educacionrural.org\/index.php?rest_route=%2Fwp%2Fv2%2Fmedia&parent=697"}],"curies":[{"name":"wp","href":"https:\/\/api.w.org\/{rel}","templated":true}]}}