{"id":703,"date":"2011-10-13T14:24:04","date_gmt":"2011-10-13T16:24:04","guid":{"rendered":"http:\/\/www.educacionrural.org\/?page_id=703"},"modified":"2013-11-08T17:12:01","modified_gmt":"2013-11-08T19:12:01","slug":"los-bisabuelos-maternos-de-homero-grillo","status":"publish","type":"page","link":"https:\/\/www.educacionrural.org\/?page_id=703","title":{"rendered":"Los bisabuelos maternos de Homero Grillo"},"content":{"rendered":"<p><span style=\"font-size: medium;\"><strong>Juan Iralde y Mar\u00eda Anna Inchausppe \u00c7ar\u00e7abal<\/strong><\/span><\/p>\n<p><span style=\"font-size: small;\">Juan Iralde\u00a0 lleg\u00f3 a la Banda Oriental en el a\u00f1o 1854. Ven\u00eda de Francia con su esposa Mar\u00eda Anna Inchausppe \u00c7ar\u00e7abal y su hija Mar\u00eda.<\/span><\/p>\n<p><span style=\"font-size: small;\">Detr\u00e1s dejaba la vieja Europa,\u00a0 el desarrollo industrial, el liberalismo incipiente, las pugnas entre republicanos y mon\u00e1rquicos, el \u00e9xodo rural.<\/span><\/p>\n<p><span style=\"font-size: small;\">Quedaba en el pasado todo lo que fue su vida de campesinos: sus afectos, la preocupaci\u00f3n por la subsistencia,\u00a0 el trabajo de la tierra\u00a0 con la incertidumbre cotidiana de lo que impondr\u00eda la madre Naturaleza y las certidumbres de lo que impon\u00edan los hombres mucho m\u00e1s inclementes que aqu\u00e9lla: los arrendamientos,\u00a0 los censos, los impuestos, el encarecimiento del dinero.<\/span><\/p>\n<p><span style=\"font-size: small;\">Por aquellos tiempos para los europeos, con colonias dispersas por todo el planeta, el mundo era bien ancho. La gran ilusi\u00f3n de la masa de exiliados que se esparci\u00f3 como semilla por todos\u00a0 los rincones de estas tierras, era conseguir que el ancho mundo no fuera ajeno.<\/span><\/p>\n<p><span style=\"font-size: small;\">Con ese sue\u00f1o llegaron a este suelo los bisabuelos\u00a0 de Homero Grillo.<\/span><\/p>\n<p><span style=\"font-size: small;\">Y aquella peque\u00f1a francesita\u00a0 de cuatro a\u00f1os que\u00a0 ven\u00eda con ellos ser\u00eda, con el correr del tiempo \u201cMamita\u201d, la abuela inolvidable, la que preparar\u00eda ajuares y atender\u00eda partos,\u00a0 la que dirigir\u00eda el rezo del rosario, la que impondr\u00eda el respeto a toda hora, la que en sus \u00faltimos a\u00f1os hablar\u00eda en franc\u00e9s jugando con nietos y bisnietos. \u00a0<\/span><\/p>\n<p><span style=\"font-size: small;\"><strong>La Tierra Purp\u00farea<\/strong><\/span><\/p>\n<p><span style=\"font-size: small;\">Juan Iralde era, de acuerdo a los documentos de inmigraci\u00f3n, un \u201ccultivateur\u201d,\u00a0 pero cuando lleg\u00f3 a su nueva patria no se alej\u00f3 de la capital.<\/span><\/p>\n<p><span style=\"font-size: small;\">Quiz\u00e1 pes\u00f3 en su decisi\u00f3n\u00a0 la realidad que se viv\u00eda en estas latitudes.<\/span><br \/>\n<span style=\"font-size: small;\"> Estaba en la Tierra Purp\u00farea.<\/span><\/p>\n<p><span style=\"font-size: small;\">Ya hab\u00edan transcurrido m\u00e1s de veinte a\u00f1os\u00a0 desde la Jura de la Constituci\u00f3n pero\u00a0 la naci\u00f3n no lograba consolidarse como estado. Se suced\u00edan los levantamientos, los motines, las conspiraciones.<\/span><\/p>\n<p><span style=\"font-size: small;\"><em>\u00a0\u201cEn una casa me dijeron que la ciudad no se hab\u00eda repuesto todav\u00eda de los efectos de la \u00faltima revoluci\u00f3n, y que, por lo tanto, los negocios estaban completamente paralizados; en otra, que la ciudad estaba en v\u00edsperas de una revoluci\u00f3n, y que por consiguiente, estaban muy paralizados los negocios. Y en todas partes fue la misma historia\u201d.<\/em> (1)<\/span><\/p>\n<p><span style=\"font-size: small;\">En la campa\u00f1a\u00a0 se\u00a0 viv\u00eda en una anarqu\u00eda casi\u00a0 permanente.<\/span><\/p>\n<p><span style=\"font-size: small;\">Escenario\u00a0 de sangrientas batallas en las que\u00a0 los criollos se enfrentaban\u00a0 siguiendo ciegamente a un caudillo que les ataba a una divisa y a una causa <\/span><br \/>\n<span style=\"font-size: small;\"> que\u00a0 ni conoc\u00edan ni les compet\u00eda, no pod\u00eda alcanzar ni la paz ni el progreso.<\/span><\/p>\n<p><span style=\"font-size: small;\">Juan Iralde y su familia hab\u00edan llegado a un barril de p\u00f3lvora. Un pa\u00eds que sal\u00eda de una cruenta guerra en la que\u00a0 estuvo en juego\u00a0 hasta la independencia de la naci\u00f3n. <\/span><\/p>\n<p><span style=\"font-size: small;\"><strong>En\u00a0 la quinta de Duplessis y de Garc\u00eda Lagos<\/strong><\/span><\/p>\n<p><span style=\"font-size: small;\">Quiz\u00e1 por eso\u00a0 este joven franc\u00e9s prefiri\u00f3 instalarse en las afueras de la ciudad, en una zona en la que los riesgos pod\u00edan ser menores.<\/span><\/p>\n<p><span style=\"font-size: small;\">Comenz\u00f3 a trabajar en la\u00a0 que era por entonces quinta de Duplessis, que despu\u00e9s fuera de Batlle. All\u00ed permaneci\u00f3\u00a0 m\u00e1s de 18 a\u00f1os.<\/span><\/p>\n<p><span style=\"font-size: small;\">En esa finca\u00a0\u00a0 y m\u00e1s tarde en la de Garc\u00eda Lagos, en la que fuera quinta San Ildefonso, creci\u00f3 Mar\u00eda Iralde \u00c7ar\u00e7abal,\u00a0\u00a0 la abuela de Homero Grillo.<\/span><\/p>\n<p><span style=\"font-size: small;\">(1). &#8211;<em> Guillermo Hudson. La Tierra Purp\u00farea<\/em><\/span><\/p>\n","protected":false},"excerpt":{"rendered":"<p>Juan Iralde y Mar\u00eda Anna Inchausppe \u00c7ar\u00e7abal Juan Iralde\u00a0 lleg\u00f3 a la Banda Oriental en el a\u00f1o 1854. Ven\u00eda de Francia con su esposa Mar\u00eda Anna Inchausppe \u00c7ar\u00e7abal y su hija Mar\u00eda. Detr\u00e1s dejaba la vieja Europa,\u00a0 el desarrollo industrial, el liberalismo incipiente, las pugnas entre republicanos y mon\u00e1rquicos, el \u00e9xodo rural. Quedaba en el &#8230; <a title=\"Los bisabuelos maternos de Homero Grillo\" class=\"read-more\" href=\"https:\/\/www.educacionrural.org\/?page_id=703\" aria-label=\"Leer m\u00e1s sobre Los bisabuelos maternos de Homero Grillo\">Leer m\u00e1s<\/a><\/p>\n","protected":false},"author":2,"featured_media":0,"parent":45,"menu_order":2,"comment_status":"closed","ping_status":"closed","template":"","meta":{"footnotes":""},"class_list":["post-703","page","type-page","status-publish"],"_links":{"self":[{"href":"https:\/\/www.educacionrural.org\/index.php?rest_route=\/wp\/v2\/pages\/703","targetHints":{"allow":["GET"]}}],"collection":[{"href":"https:\/\/www.educacionrural.org\/index.php?rest_route=\/wp\/v2\/pages"}],"about":[{"href":"https:\/\/www.educacionrural.org\/index.php?rest_route=\/wp\/v2\/types\/page"}],"author":[{"embeddable":true,"href":"https:\/\/www.educacionrural.org\/index.php?rest_route=\/wp\/v2\/users\/2"}],"replies":[{"embeddable":true,"href":"https:\/\/www.educacionrural.org\/index.php?rest_route=%2Fwp%2Fv2%2Fcomments&post=703"}],"version-history":[{"count":10,"href":"https:\/\/www.educacionrural.org\/index.php?rest_route=\/wp\/v2\/pages\/703\/revisions"}],"predecessor-version":[{"id":2181,"href":"https:\/\/www.educacionrural.org\/index.php?rest_route=\/wp\/v2\/pages\/703\/revisions\/2181"}],"up":[{"embeddable":true,"href":"https:\/\/www.educacionrural.org\/index.php?rest_route=\/wp\/v2\/pages\/45"}],"wp:attachment":[{"href":"https:\/\/www.educacionrural.org\/index.php?rest_route=%2Fwp%2Fv2%2Fmedia&parent=703"}],"curies":[{"name":"wp","href":"https:\/\/api.w.org\/{rel}","templated":true}]}}