{"id":710,"date":"2011-10-13T14:50:10","date_gmt":"2011-10-13T16:50:10","guid":{"rendered":"http:\/\/www.educacionrural.org\/?page_id=710"},"modified":"2013-11-08T17:14:48","modified_gmt":"2013-11-08T19:14:48","slug":"el-abuelo-paterno-de-homero-grillo","status":"publish","type":"page","link":"https:\/\/www.educacionrural.org\/?page_id=710","title":{"rendered":"El abuelo paterno de Homero Grillo"},"content":{"rendered":"<p><strong>Pedro Grillo<\/strong><\/p>\n<p><span style=\"font-size: large;\">Poco hemos podido investigar sobre\u00a0 Pedro Grillo, abuelo paterno de Homero Grillo.<\/span><\/p>\n<p><span style=\"font-size: large;\">Seg\u00fan una de sus nietas proced\u00eda de un pueblecito pr\u00f3ximo a G\u00e9nova. <\/span><br \/>\n<span style=\"font-size: large;\">No hemos determinado la fecha en la que lleg\u00f3 a nuestra tierra.<\/span><br \/>\n<span style=\"font-size: large;\">Desconocemos tambi\u00e9n los motivos que le llevaron a emigrar.<\/span><\/p>\n<p><span style=\"font-size: large;\">Seg\u00fan un documento al que\u00a0 hemos accedido hab\u00eda obtenido el t\u00edtulo de m\u00e9dico en la ciudad de G\u00e9nova.<\/span><br \/>\n<span style=\"font-size: large;\">En el mismo documento manifiesta\u00a0 que ven\u00eda ejerciendo esa profesi\u00f3n\u00a0 en la villa de Canelones desde \u201cel 1840 hasta el 1844\u201d.<\/span><\/p>\n<p><span style=\"font-size: large;\">Copiamos textualmente el contenido de este documento. <\/span><\/p>\n<p><strong><span style=\"font-size: large;\">Petitorio de Pedro Grillo para ejercer como m\u00e9dico<\/span><\/strong><\/p>\n<p><em><span style=\"font-size: large;\">\u201cVivan los Defensores de las Leyes!<\/span><\/em><br \/>\n<em><span style=\"font-size: large;\">Mueran los salvages Unitarios!<\/span><\/em><br \/>\n<em><span style=\"font-size: large;\">Exmo.Sr. Presidente de la Rep.ca Oriental del Uruguay<\/span><\/em><br \/>\n<em><span style=\"font-size: large;\">Don Manuel Oribe<\/span><\/em><\/p>\n<p><em><span style=\"font-size: large;\">Pedro Grillo Italiano de edad de 31 a\u00f1os, que desde el 1840 hasta el 1844 ha egercido la medicina en la villa de Canelones; suplica a V.E. con el debido respeto; que estando dicha\u00a0\u00a0 villa desprovista de Farmaceutico y Facultativo se digne acordarle permiso pa\u00a0 abrir una\u00a0\u00a0 farmacia en ese Destino, y seguir en el egercicio antedicho. El solicitante presenta los correspondientes t\u00edtulos de la R. Universidad de G\u00e9nova.<\/span><\/em><br \/>\n<em><span style=\"font-size: large;\">Entretanto lisongeado que V.E. se dignara aceptar sus servicios tiene el honor de ser<\/span><\/em><\/p>\n<p><em><span style=\"font-size: large;\">De V.E S. B.B.L. M de V. E.<\/span><\/em><\/p>\n<p><em><span style=\"font-size: large;\">Pedro Grillo\u00bb<\/span><\/em><\/p>\n<p><strong><span style=\"font-size: large;\">Respuesta al petitorio<\/span><\/strong><\/p>\n<p><span style=\"font-size: large;\">La respuesta a este petitorio\u00a0 fue\u00a0 la siguiente:<\/span><\/p>\n<p><em><span style=\"font-size: large;\">\u00abCuartel Genl. Ag.to de 1849<\/span><\/em><br \/>\n<em><span style=\"font-size: large;\">Concedido en cuanto a establecer botica en el punto que\u00a0 expresa el suplicante con sujeci\u00f3n a las disposiciones\u00a0 vigentes sobre la materia<\/span><\/em><br \/>\n<em><span style=\"font-size: large;\">Por lo que respecto al ejercicio de la facultad m\u00e9dica el Gobierno no puede habilitar especialmente para ello al suplicante p.\u00a0 no hallarse en aptitud de hacerlo p.\u00a0 Ahora<\/span><\/em><br \/>\n<em><span style=\"font-size: large;\">\u00a0\u00a0 \u00a0\u00a0\u00a0 \u00a0\u00a0\u00a0 \u00a0\u00a0\u00a0 \u00a0\u00a0\u00a0 \u00a0Berro\u00bb<\/span><\/em><\/p>\n<p><strong><span style=\"font-size: large;\">Negativa de Pedro Grillo a perder la ciudadan\u00eda italiana<\/span><\/strong><\/p>\n<p><span style=\"font-size: large;\">De acuerdo a los informes\u00a0 de Homero Grillo la exigencia que se hac\u00eda a Pedro Grillo para poder practicar la medicina era la de nacionalizarse como oriental\u00a0 a lo que se neg\u00f3 rotundamente debiendo renunciar al ejercicio de su profesi\u00f3n.<\/span><\/p>\n<p><span style=\"font-size: large;\">Entre los a\u00f1os 1850 y 1860 Pedro Grillo residi\u00f3 en Mercedes donde Adelina Gonz\u00e1lez, su esposa, trabajaba como maestra.<\/span><\/p>\n<p><span style=\"font-size: large;\">Pedro Grillo muri\u00f3 en Buenos Aires donde se hab\u00eda radicado y ejerc\u00eda como \u201cboticario\u201d.<\/span><\/p>\n","protected":false},"excerpt":{"rendered":"<p>Pedro Grillo Poco hemos podido investigar sobre\u00a0 Pedro Grillo, abuelo paterno de Homero Grillo. Seg\u00fan una de sus nietas proced\u00eda de un pueblecito pr\u00f3ximo a G\u00e9nova. No hemos determinado la fecha en la que lleg\u00f3 a nuestra tierra. Desconocemos tambi\u00e9n los motivos que le llevaron a emigrar. Seg\u00fan un documento al que\u00a0 hemos accedido hab\u00eda &#8230; <a title=\"El abuelo paterno de Homero Grillo\" class=\"read-more\" href=\"https:\/\/www.educacionrural.org\/?page_id=710\" aria-label=\"Leer m\u00e1s sobre El abuelo paterno de Homero Grillo\">Leer m\u00e1s<\/a><\/p>\n","protected":false},"author":2,"featured_media":0,"parent":45,"menu_order":3,"comment_status":"closed","ping_status":"closed","template":"","meta":{"footnotes":""},"class_list":["post-710","page","type-page","status-publish"],"_links":{"self":[{"href":"https:\/\/www.educacionrural.org\/index.php?rest_route=\/wp\/v2\/pages\/710","targetHints":{"allow":["GET"]}}],"collection":[{"href":"https:\/\/www.educacionrural.org\/index.php?rest_route=\/wp\/v2\/pages"}],"about":[{"href":"https:\/\/www.educacionrural.org\/index.php?rest_route=\/wp\/v2\/types\/page"}],"author":[{"embeddable":true,"href":"https:\/\/www.educacionrural.org\/index.php?rest_route=\/wp\/v2\/users\/2"}],"replies":[{"embeddable":true,"href":"https:\/\/www.educacionrural.org\/index.php?rest_route=%2Fwp%2Fv2%2Fcomments&post=710"}],"version-history":[{"count":5,"href":"https:\/\/www.educacionrural.org\/index.php?rest_route=\/wp\/v2\/pages\/710\/revisions"}],"predecessor-version":[{"id":997,"href":"https:\/\/www.educacionrural.org\/index.php?rest_route=\/wp\/v2\/pages\/710\/revisions\/997"}],"up":[{"embeddable":true,"href":"https:\/\/www.educacionrural.org\/index.php?rest_route=\/wp\/v2\/pages\/45"}],"wp:attachment":[{"href":"https:\/\/www.educacionrural.org\/index.php?rest_route=%2Fwp%2Fv2%2Fmedia&parent=710"}],"curies":[{"name":"wp","href":"https:\/\/api.w.org\/{rel}","templated":true}]}}