{"id":716,"date":"2011-10-13T15:30:42","date_gmt":"2011-10-13T18:30:42","guid":{"rendered":"http:\/\/www.educacionrural.org\/?page_id=716"},"modified":"2013-11-08T17:24:11","modified_gmt":"2013-11-08T19:24:11","slug":"recuerdos-de-infancia-de-homero-grillo","status":"publish","type":"page","link":"https:\/\/www.educacionrural.org\/?page_id=716","title":{"rendered":"Recuerdos de infancia de Homero Grillo"},"content":{"rendered":"<p>&nbsp;<\/p>\n<h2><strong>La casa natal<\/strong><\/h2>\n<figure id=\"attachment_808\" aria-describedby=\"caption-attachment-808\" style=\"width: 290px\" class=\"wp-caption alignleft\"><a href=\"http:\/\/www.educacionrural.org\/?attachment_id=808\" rel=\"attachment wp-att-808\"><img loading=\"lazy\" decoding=\"async\" class=\"size-medium wp-image-808\" title=\"Otra vista de la casa donde naci\u00f3 Homero Grillo\" alt=\"\" src=\"http:\/\/www.educacionrural.org\/wp-content\/uploads\/Otra-vista-de-la-casa-donde-naci%C3%B3-Homero-Grillo1-300x209.jpg\" width=\"300\" height=\"209\" \/><\/a><figcaption id=\"caption-attachment-808\" class=\"wp-caption-text\">Patio posterior de la casa natal de Homero Grillo<\/figcaption><\/figure>\n<p><span style=\"font-size: small;\">Aquella \u201ccasa grande, de piedra, con galpones en cuadro\u201d (1) fue el hogar primero de Homero Grillo, el de sus recuerdos m\u00e1s remotos: el almac\u00e9n con su vieja reja asociada a la inquietud que adivinaba en\u00a0 los mayores cuando alguien\u00a0 llegaba en el sosiego de la noche y el padre ten\u00eda que salir\u00a0 rodeado de los cuidados y las oraciones de la familia desvelada.<\/span><\/p>\n<p><span style=\"font-size: small;\">\u00a0<\/span><\/p>\n<p><strong><span style=\"font-size: large;\">Tiempo de revoluciones<\/span><\/strong><\/p>\n<p><span style=\"font-size: small;\">Segu\u00edan siendo tiempos dif\u00edciles para la vida del pa\u00eds. La revoluci\u00f3n de\u00a0 1904\u00a0 hab\u00eda quedado atr\u00e1s pero no sus secuelas. \u00a0<\/span><\/p>\n<p><span style=\"font-size: large;\"><span style=\"font-size: small;\">Homero Grillo ten\u00eda muy pocos a\u00f1os cuando se produjo un nuevo levantamiento\u00a0 que se vivi\u00f3 fundamentalmente en la campa\u00f1a. Eran \u00e9pocas de incertidumbre. Pese a ello y quiz\u00e1 por ser un ni\u00f1o tan peque\u00f1o,\u00a0 el horror de las guerras fratricidas que sufri\u00f3 nuestra patria no dejaron en \u00e9l otro recuerdo que no fuera el de estos imprevistos\u00a0 sobresaltos nocturnos\u00a0 o\u00a0 las excursiones que realizaban a\u00a0 veces a\u00a0 Tres \u00c1rboles donde el campo estaba sembrado de casquillos de balas.<\/span> <\/span><\/p>\n<p><strong><span style=\"font-size: large;\">La balsa y otros recuerdos de ni\u00f1ez<\/span><\/strong><\/p>\n<p><span style=\"font-size: small;\">En cambio ten\u00eda muy presentes los cruces en la balsa luciendo un trajecito de terciopelo color vino en el que se le pegoteaban los caramelos que guardaba en el bolsillo; la algarab\u00eda de sus hermanos mayores cuando sal\u00edan a pasear\u00a0 por el campo mientras\u00a0 \u00e9l quedaba en\u00a0 la casa con una dolorosa sensaci\u00f3n de soledad;\u00a0 el recuerdo del frescor del abra en la que se perdi\u00f3 por haberse decidido a investigar por su cuenta un d\u00eda en que toda la familia sali\u00f3 de excursi\u00f3n al monte; los\u00a0 \u201crobos\u201d de bizcochitos que hac\u00eda con su hermano Waldemar y que una vez\u00a0 le costara unas palmadas porque no fue r\u00e1pido en la hu\u00edda;\u00a0 la primera vez que pronunci\u00f3 correctamente la rr,\u00a0 a la hora de la siesta cuando todos dorm\u00edan y \u00e9l se empe\u00f1\u00f3 en decir Socorro\u00a0 y no Socogo.\u00a0 Recordaba\u00a0 estar de espaldas en la cama, con sus piernas en alto tocando la pared con sus taloncitos descalzos y repetir una y otra vez el nombre de la devota asistente de la familia: Socogo, Socogo, hasta que consigui\u00f3 decir Socorro y despert\u00f3 a todos\u00a0 con una algarab\u00eda triunfal. \u00a0<\/span><\/p>\n<p><strong><span style=\"font-size: large;\">Amigos de la infancia<\/span><\/strong><\/p>\n<p><span style=\"font-size: small;\">Homero Grillo\u00a0 cultiv\u00f3\u00a0 toda su vida\u00a0 las amistades que nacieron en su infancia y no perdi\u00f3 el contacto con aquellos viejos compa\u00f1eros. Con el tiempo hab\u00edan tomado rumbos bien diferentes\u00a0 incluso en lo ideol\u00f3gico\u00a0 pero ese no era obst\u00e1culo para que se encontraran y recordaran los tiempos idos.<\/span><\/p>\n<p><span style=\"font-size: small;\">Los Leytes, los Piquinela, los Patr\u00f3n, los Elorza, los Barrera, los Grillos, fueron amigos hasta su muerte pero siempre encontraron un lugar\u00a0 y un tiempo para encontrarse y compartir recuerdos y perspectivas.<\/span><\/p>\n<p><span style=\"font-size: small;\">El hijo de los Barrera abraz\u00f3 la vocaci\u00f3n sacerdotal y termin\u00f3 como Obispo de la di\u00f3cesis de Florida.\u00a0 Sus hermanas permanecieron en Durazno. En sus encuentros no dejaban de recordar con nostalgia la infancia lejana, los juegos y las travesuras, hasta la ternura del osito de peluche que en alguna ocasi\u00f3n, estando enfermo quien luego fuera obispo, sirvi\u00f3 como proyectil\u00a0 que daba la bienvenida al peque\u00f1o Homero.<\/span><\/p>\n<p>(1) <em><span style=\"font-size: small;\">Gerardo Piquinela publicado en \u00abDurazno\u00bb\u00a0 Colecci\u00f3n Los Departamentos.-<\/span><\/em><\/p>\n","protected":false},"excerpt":{"rendered":"<p>&nbsp; La casa natal Aquella \u201ccasa grande, de piedra, con galpones en cuadro\u201d (1) fue el hogar primero de Homero Grillo, el de sus recuerdos m\u00e1s remotos: el almac\u00e9n con su vieja reja asociada a la inquietud que adivinaba en\u00a0 los mayores cuando alguien\u00a0 llegaba en el sosiego de la noche y el padre ten\u00eda &#8230; <a title=\"Recuerdos de infancia de Homero Grillo\" class=\"read-more\" href=\"https:\/\/www.educacionrural.org\/?page_id=716\" aria-label=\"Leer m\u00e1s sobre Recuerdos de infancia de Homero Grillo\">Leer m\u00e1s<\/a><\/p>\n","protected":false},"author":2,"featured_media":0,"parent":45,"menu_order":10,"comment_status":"closed","ping_status":"open","template":"","meta":{"footnotes":""},"class_list":["post-716","page","type-page","status-publish"],"_links":{"self":[{"href":"https:\/\/www.educacionrural.org\/index.php?rest_route=\/wp\/v2\/pages\/716","targetHints":{"allow":["GET"]}}],"collection":[{"href":"https:\/\/www.educacionrural.org\/index.php?rest_route=\/wp\/v2\/pages"}],"about":[{"href":"https:\/\/www.educacionrural.org\/index.php?rest_route=\/wp\/v2\/types\/page"}],"author":[{"embeddable":true,"href":"https:\/\/www.educacionrural.org\/index.php?rest_route=\/wp\/v2\/users\/2"}],"replies":[{"embeddable":true,"href":"https:\/\/www.educacionrural.org\/index.php?rest_route=%2Fwp%2Fv2%2Fcomments&post=716"}],"version-history":[{"count":11,"href":"https:\/\/www.educacionrural.org\/index.php?rest_route=\/wp\/v2\/pages\/716\/revisions"}],"predecessor-version":[{"id":2182,"href":"https:\/\/www.educacionrural.org\/index.php?rest_route=\/wp\/v2\/pages\/716\/revisions\/2182"}],"up":[{"embeddable":true,"href":"https:\/\/www.educacionrural.org\/index.php?rest_route=\/wp\/v2\/pages\/45"}],"wp:attachment":[{"href":"https:\/\/www.educacionrural.org\/index.php?rest_route=%2Fwp%2Fv2%2Fmedia&parent=716"}],"curies":[{"name":"wp","href":"https:\/\/api.w.org\/{rel}","templated":true}]}}