{"id":723,"date":"2011-10-13T15:44:16","date_gmt":"2011-10-13T17:44:16","guid":{"rendered":"http:\/\/www.educacionrural.org\/?page_id=723"},"modified":"2013-11-08T17:20:52","modified_gmt":"2013-11-08T19:20:52","slug":"despues-de-la-muerte-del-padre-de-homero-grillo","status":"publish","type":"page","link":"https:\/\/www.educacionrural.org\/?page_id=723","title":{"rendered":"Despu\u00e9s de la muerte del padre de Homero Grillo"},"content":{"rendered":"<p>Francisco Grillo Gonz\u00e1lez muri\u00f3\u00a0 en Tres \u00c1rboles el 3 de julio de 1913.<br \/>\nHomero, su hijo menor, s\u00f3lo ten\u00eda por entonces siete a\u00f1os.<\/p>\n<p>Esta muerte trajo consigo el derrumbe de una existencia arm\u00f3nica y sin asechanzas pero sirvi\u00f3 para reforzar la unidad de la familia.<\/p>\n<p>A pedido de la madre todos sus componentes, chicos y grandes, con mayor o menor conciencia del compromiso que asum\u00edan, prometieron mantenerse firmemente unidos cualquiera fueran las circunstancias que les tocara afrontar.<\/p>\n<p>Este pacto fue observado por todos. Los Grillo Escondeur constituyeron una familia fuerte y unida que supo sortear grav\u00edsimas dificultades\u00a0 con entereza ejemplar, que vivi\u00f3 con optimismo y que hizo del \u201chermanos y amigos\u201d una postura permanente ante la vida. As\u00ed los conocimos y as\u00ed lo vivimos.<\/p>\n<p>En el mes de mayo de 1914 la familia se traslad\u00f3 a Montevideo. El rumbo de la vida de sus integrantes cambi\u00f3 radicalmente y fue por momentos francamente dif\u00edcil.<\/p>\n<figure id=\"attachment_778\" aria-describedby=\"caption-attachment-778\" style=\"width: 187px\" class=\"wp-caption alignleft\"><a href=\"http:\/\/www.educacionrural.org\/?attachment_id=778\" rel=\"attachment wp-att-778\"><img loading=\"lazy\" decoding=\"async\" class=\"size-medium wp-image-778\" title=\"Homero Grillo a los 12 a\u00f1os\" src=\"http:\/\/www.educacionrural.org\/wp-content\/uploads\/Homero-Grillo-a-los-12-a%C3%B1os-197x300.jpg\" alt=\"\" width=\"197\" height=\"300\" \/><\/a><figcaption id=\"caption-attachment-778\" class=\"wp-caption-text\">Homero Grillo a los 12 a\u00f1os.<\/figcaption><\/figure>\n<p>Viejos amigos que viv\u00edan en la capital ofrecieron su apoyo para facilitar esta transici\u00f3n y en un total acuerdo, con temores y\u00a0 expectativas, se instalaron en Sayago cerca del cruce de Mill\u00e1n y Raffo.<\/p>\n<p>Atr\u00e1s qued\u00f3 la vida campesina.<br \/>\nPero aquellos primeros a\u00f1os en el campo fueron decisivos para Homero Grillo.<br \/>\nFue el tiempo que se asociaba en sus recuerdos a la presencia del padre, a sus primeros contactos con la naturaleza y a una sociedad rural t\u00edpica de comienzos del siglo pasado.<\/p>\n<p>Esta etapa fue referente permanente en su existencia.<\/p>\n","protected":false},"excerpt":{"rendered":"<p>Francisco Grillo Gonz\u00e1lez muri\u00f3\u00a0 en Tres \u00c1rboles el 3 de julio de 1913. Homero, su hijo menor, s\u00f3lo ten\u00eda por entonces siete a\u00f1os. Esta muerte trajo consigo el derrumbe de una existencia arm\u00f3nica y sin asechanzas pero sirvi\u00f3 para reforzar la unidad de la familia. A pedido de la madre todos sus componentes, chicos y &#8230; <a title=\"Despu\u00e9s de la muerte del padre de Homero Grillo\" class=\"read-more\" href=\"https:\/\/www.educacionrural.org\/?page_id=723\" aria-label=\"Leer m\u00e1s sobre Despu\u00e9s de la muerte del padre de Homero Grillo\">Leer m\u00e1s<\/a><\/p>\n","protected":false},"author":2,"featured_media":0,"parent":45,"menu_order":11,"comment_status":"closed","ping_status":"closed","template":"","meta":{"footnotes":""},"class_list":["post-723","page","type-page","status-publish"],"_links":{"self":[{"href":"https:\/\/www.educacionrural.org\/index.php?rest_route=\/wp\/v2\/pages\/723","targetHints":{"allow":["GET"]}}],"collection":[{"href":"https:\/\/www.educacionrural.org\/index.php?rest_route=\/wp\/v2\/pages"}],"about":[{"href":"https:\/\/www.educacionrural.org\/index.php?rest_route=\/wp\/v2\/types\/page"}],"author":[{"embeddable":true,"href":"https:\/\/www.educacionrural.org\/index.php?rest_route=\/wp\/v2\/users\/2"}],"replies":[{"embeddable":true,"href":"https:\/\/www.educacionrural.org\/index.php?rest_route=%2Fwp%2Fv2%2Fcomments&post=723"}],"version-history":[{"count":7,"href":"https:\/\/www.educacionrural.org\/index.php?rest_route=\/wp\/v2\/pages\/723\/revisions"}],"predecessor-version":[{"id":777,"href":"https:\/\/www.educacionrural.org\/index.php?rest_route=\/wp\/v2\/pages\/723\/revisions\/777"}],"up":[{"embeddable":true,"href":"https:\/\/www.educacionrural.org\/index.php?rest_route=\/wp\/v2\/pages\/45"}],"wp:attachment":[{"href":"https:\/\/www.educacionrural.org\/index.php?rest_route=%2Fwp%2Fv2%2Fmedia&parent=723"}],"curies":[{"name":"wp","href":"https:\/\/api.w.org\/{rel}","templated":true}]}}