{"id":727,"date":"2011-10-13T16:00:40","date_gmt":"2011-10-13T19:00:40","guid":{"rendered":"http:\/\/www.educacionrural.org\/?page_id=727"},"modified":"2013-11-08T17:25:24","modified_gmt":"2013-11-08T19:25:24","slug":"regreso-de-homero-grillo-a-su-primer-hogar","status":"publish","type":"page","link":"https:\/\/www.educacionrural.org\/?page_id=727","title":{"rendered":"Regreso de Homero Grillo a su primer hogar"},"content":{"rendered":"<p>En febrero de 1979 Homero Grillo\u00a0 volvi\u00f3 a su primer hogar.<\/p>\n<figure id=\"attachment_802\" aria-describedby=\"caption-attachment-802\" style=\"width: 290px\" class=\"wp-caption alignleft\"><a href=\"http:\/\/www.educacionrural.org\/?attachment_id=802\" rel=\"attachment wp-att-802\"><img loading=\"lazy\" decoding=\"async\" class=\"size-medium wp-image-802\" title=\"Casa donde naci\u00f3 Homero Grillo\" alt=\"\" src=\"http:\/\/www.educacionrural.org\/wp-content\/uploads\/Casa-donde-naci%C3%B3-Homero-Grillo2-e1318871159932-300x208.jpg\" width=\"300\" height=\"208\" \/><\/a><figcaption id=\"caption-attachment-802\" class=\"wp-caption-text\">Casa donde naci\u00f3 Homero Grillo<\/figcaption><\/figure>\n<p>El tiempo hab\u00eda hecho su obra, una vida hab\u00eda corrido. La casa de su infancia estaba en pie: solitaria, vac\u00eda, abandonada.<\/p>\n<p>Pero estaban intactos los recuerdos: su familia \u00edntegra, la figura ponderada del padre como eje\u00a0 de aquel peque\u00f1o universo hogare\u00f1o, la ternura empe\u00f1osa de la madre, la inflexibilidad de la abuela materna, la cotidiana camarader\u00eda de los hermanos, \u201c<em>hermanos y amigos<\/em>\u201d como rezaba el lema de los Grillo.<\/p>\n<p>Estaba presente el esp\u00edritu sol\u00edcito de Socorro y la sabidur\u00eda callada de la vieja india que sentada en cuclillas estudiaba sus yuyos y preparaba los brebajes curativos que sanaban los males de todo el vecindario.<\/p>\n<p>Y\u00a0 los amigos de siempre, los Piquinela,\u00a0 los Barrera, los Patr\u00f3n, los Leytes, los Elorza&#8230;<\/p>\n<p>La reja del viejo establecimiento hab\u00eda desaparecido, pero en el aire emerg\u00eda a\u00fan el clima de los encuentros lugare\u00f1os y en el piso del patio, medio oculta\u00a0 entre los yuyos, una taba proclamaba la perennidad de las horas de esparcimiento que se vivieron anta\u00f1o.<\/p>\n<figure id=\"attachment_864\" aria-describedby=\"caption-attachment-864\" style=\"width: 195px\" class=\"wp-caption aligncenter\"><a href=\"http:\/\/www.educacionrural.org\/?attachment_id=864\" rel=\"attachment wp-att-864\"><img loading=\"lazy\" decoding=\"async\" class=\"size-medium wp-image-864\" title=\"Vista actual de la ventana del cuarto donde naci\u00f3  Homero Grillo\" alt=\"\" src=\"http:\/\/www.educacionrural.org\/wp-content\/uploads\/Vista-actual-de-la-ventana-del-cuarto-donde-naci%C3%B3-Homero-Grillo-205x300.jpg\" width=\"205\" height=\"300\" \/><\/a><figcaption id=\"caption-attachment-864\" class=\"wp-caption-text\">Vista actual de la ventana del cuarto donde naci\u00f3 Homero Grillo<\/figcaption><\/figure>\n","protected":false},"excerpt":{"rendered":"<p>En febrero de 1979 Homero Grillo\u00a0 volvi\u00f3 a su primer hogar. El tiempo hab\u00eda hecho su obra, una vida hab\u00eda corrido. La casa de su infancia estaba en pie: solitaria, vac\u00eda, abandonada. Pero estaban intactos los recuerdos: su familia \u00edntegra, la figura ponderada del padre como eje\u00a0 de aquel peque\u00f1o universo hogare\u00f1o, la ternura empe\u00f1osa &#8230; <a title=\"Regreso de Homero Grillo a su primer hogar\" class=\"read-more\" href=\"https:\/\/www.educacionrural.org\/?page_id=727\" aria-label=\"Leer m\u00e1s sobre Regreso de Homero Grillo a su primer hogar\">Leer m\u00e1s<\/a><\/p>\n","protected":false},"author":2,"featured_media":0,"parent":45,"menu_order":12,"comment_status":"closed","ping_status":"open","template":"","meta":{"footnotes":""},"class_list":["post-727","page","type-page","status-publish"],"_links":{"self":[{"href":"https:\/\/www.educacionrural.org\/index.php?rest_route=\/wp\/v2\/pages\/727","targetHints":{"allow":["GET"]}}],"collection":[{"href":"https:\/\/www.educacionrural.org\/index.php?rest_route=\/wp\/v2\/pages"}],"about":[{"href":"https:\/\/www.educacionrural.org\/index.php?rest_route=\/wp\/v2\/types\/page"}],"author":[{"embeddable":true,"href":"https:\/\/www.educacionrural.org\/index.php?rest_route=\/wp\/v2\/users\/2"}],"replies":[{"embeddable":true,"href":"https:\/\/www.educacionrural.org\/index.php?rest_route=%2Fwp%2Fv2%2Fcomments&post=727"}],"version-history":[{"count":16,"href":"https:\/\/www.educacionrural.org\/index.php?rest_route=\/wp\/v2\/pages\/727\/revisions"}],"predecessor-version":[{"id":2393,"href":"https:\/\/www.educacionrural.org\/index.php?rest_route=\/wp\/v2\/pages\/727\/revisions\/2393"}],"up":[{"embeddable":true,"href":"https:\/\/www.educacionrural.org\/index.php?rest_route=\/wp\/v2\/pages\/45"}],"wp:attachment":[{"href":"https:\/\/www.educacionrural.org\/index.php?rest_route=%2Fwp%2Fv2%2Fmedia&parent=727"}],"curies":[{"name":"wp","href":"https:\/\/api.w.org\/{rel}","templated":true}]}}